{"id":690753,"date":"2024-08-16T23:16:01","date_gmt":"2024-08-16T20:16:01","guid":{"rendered":"https:\/\/nbg.eu\/product\/hammer-pin-kmr\/"},"modified":"2026-04-16T17:53:42","modified_gmt":"2026-04-16T14:53:42","slug":"hammer-pin-kmr","status":"publish","type":"product","link":"https:\/\/nbg.eu\/lv\/product\/hammer-pin-kmr\/","title":{"rendered":"KMR Kursora Tapa"},"content":{"rendered":"<h2>Atsperkamonit\u0101js KMR pistol\u0113m: precizit\u0101te un uzticam\u012bba j\u016bsu aizdedzes sist\u0113mai<\/h2>\n<p>Nodro\u0161iniet KMR pistoles aizdedzes sist\u0113mas vienm\u0113r\u012bgu un konsekventa darb\u012bbu ar m\u016bsu augstas kvalit\u0101tes Atsperkamonit\u0101ju. Tas ir izgatavots no prec\u012bzi apstr\u0101d\u0101ta cietin\u0101ta t\u0113rauda un paredz\u0113ts kalpot k\u0101 galven\u0101 ass \u0101mura kust\u012bbai, garant\u0113jot uzticamu un atk\u0101rtojamu \u0101mura kritumu un m\u0113l\u012btes vilk\u0161anas \u0123eometriju.<\/p>\n<p>M\u016bsu Atsperkamonit\u0101js ir prec\u012bzi izgatavots r\u016bpn\u012bcas diametr\u0101, lai nodro\u0161in\u0101tu ide\u0101lu piegulumu KMR r\u0101mjos, un tas ir konstru\u0113ts, lai nov\u0113rstu bie\u017ei sastopam\u0101s probl\u0113mas, piem\u0113ram, &#8220;atsperkamonit\u0101ja sl\u012bd\u0113\u0161anu&#8221; \u0101tr\u0101s \u0161au\u0161anas laik\u0101. T\u0101 nodilumiztur\u012bgais virsmas p\u0101rkl\u0101jums papildus palielina atsperkamonit\u0101ja iztur\u012bbu, aizsarg\u0101jot j\u016bsu iero\u010da kritisko komponentu struktur\u0101lo integrit\u0101ti.<\/p>\n<p>Neatkar\u012bgi no t\u0101, vai j\u016bs esat dedz\u012bgs sacens\u012bbu \u0161\u0101v\u0113js vai nodev\u012bgs akt\u012bvs lietot\u0101js, Atsperkamonit\u0101js KMR pistol\u0113m ir b\u016btisks komponents, kas nepiecie\u0161ams, lai nodro\u0161in\u0101tu j\u016bsu aizdedzes sist\u0113mas vienm\u0113r\u012bgu un uzticamu darb\u012bbu. Uzticieties t\u0101 prec\u012bzajai konstru\u0113\u0161anai un neiel\u016bzu\u0161ajai veiktsp\u0113jai, lai paceltu j\u016bsu \u0161au\u0161anas pieredzi jaunos augstumos.<\/p>\n","protected":false},"excerpt":{"rendered":"<p>Prec\u012bz\u0113 ka\u013c\u0146i t\u0113rauda tapas nodro\u0161ina stabilu \u0101mura ass un gludo iztrieces avilk\u0161anu KMR pistol\u0113m.<\/p>\n","protected":false},"featured_media":23688,"template":"","meta":{"_acf_changed":false},"product_brand":[11512],"product_cat":[13777],"product_tag":[],"class_list":{"0":"post-690753","1":"product","2":"type-product","3":"status-publish","4":"has-post-thumbnail","6":"product_brand-kmr-precision","7":"product_cat-kmr-detalas","9":"first","10":"instock","11":"taxable","12":"shipping-taxable","13":"product-type-simple"},"acf":[],"_links":{"self":[{"href":"https:\/\/nbg.eu\/lv\/wp-json\/wp\/v2\/product\/690753","targetHints":{"allow":["GET"]}}],"collection":[{"href":"https:\/\/nbg.eu\/lv\/wp-json\/wp\/v2\/product"}],"about":[{"href":"https:\/\/nbg.eu\/lv\/wp-json\/wp\/v2\/types\/product"}],"wp:featuredmedia":[{"embeddable":true,"href":"https:\/\/nbg.eu\/lv\/wp-json\/wp\/v2\/media\/23688"}],"wp:attachment":[{"href":"https:\/\/nbg.eu\/lv\/wp-json\/wp\/v2\/media?parent=690753"}],"wp:term":[{"taxonomy":"product_brand","embeddable":true,"href":"https:\/\/nbg.eu\/lv\/wp-json\/wp\/v2\/product_brand?post=690753"},{"taxonomy":"product_cat","embeddable":true,"href":"https:\/\/nbg.eu\/lv\/wp-json\/wp\/v2\/product_cat?post=690753"},{"taxonomy":"product_tag","embeddable":true,"href":"https:\/\/nbg.eu\/lv\/wp-json\/wp\/v2\/product_tag?post=690753"}],"curies":[{"name":"wp","href":"https:\/\/api.w.org\/{rel}","templated":true}]}}