{"id":690779,"date":"2024-08-17T15:16:50","date_gmt":"2024-08-17T12:16:50","guid":{"rendered":"https:\/\/nbg.eu\/product\/hammer-pin-safety-pin-kmr\/"},"modified":"2026-04-16T17:52:36","modified_gmt":"2026-04-16T14:52:36","slug":"hammer-pin-safety-pin-kmr","status":"publish","type":"product","link":"https:\/\/nbg.eu\/lv\/product\/hammer-pin-safety-pin-kmr\/","title":{"rendered":"KMR Kursora Dro\u0161\u012bbas Tapa"},"content":{"rendered":"<h2>Aiztures apsargs dro\u0161\u012bbas atsargsavienojums KMR pistol\u0113m<\/h2>\n<p>Nodro\u0161iniet prec\u012bzu KMR pistoles \u0101mura un manu\u0101l\u0101 apsarga savieto\u0161anu un gludu darb\u012bbu ar \u0100mura atsargs dro\u0161\u012bbas atsargsavienojumu. \u0160is prec\u012bzs, apstr\u0101d\u0101ts komponents ir izgatavots no r\u016bd\u012bta darba t\u0113rauda saska\u0146\u0101 ar KMR r\u016bpn\u012bcas specifik\u0101cij\u0101m, nodro\u0161inot liel\u0101ku iztur\u012bbu un notur\u012bbu pret skabinoties gr\u016bdienu.<\/p>\n<p>\u0100mura atsargs dro\u0161\u012bbas atsargsavienojumam ir divk\u0101r\u0161a funkcija \u2013 tas nodro\u0161ina uzticamu \u0101mura un apsarga sviras meh\u0101nismu saglab\u0101\u0161anu un stabilit\u0101ti. Uzturot perfektu savieto\u0161anu, tas pal\u012bdz saglab\u0101t asu trigera spr\u016bda un pozit\u012bvu apsarga iestr\u0101d\u0101\u0161anos, vienlaikus nov\u0113r\u0161ot nev\u0113lamu s\u0101nu kust\u012bbu r\u0101m\u012b.<\/p>\n<p>Uztic\u0113ts r\u016bp\u012bgiem KMR \u012bpa\u0161niekiem, \u0161is b\u016btiskais uzlabojums nodro\u0161ina, ka j\u016bsu pistoles kritisk\u0101s vad\u012bbas ier\u012bces paliek prec\u012bzi novietotas pat vissmag\u0101kos apst\u0101k\u013cos. Izbaudiet p\u0101rliec\u012bbu par gludo, konsekvento darb\u012bbu un nesatricin\u0101mu apsarga funkcionalit\u0101ti ar \u0100mura atsargs dro\u0161\u012bbas atsargsavienojumu j\u016bsu KMR pistolei.<\/p>\n","protected":false},"excerpt":{"rendered":"<p>Prec\u012bzs \u0101murs un dro\u0161\u012bbas piespraude KMR pistol\u0113m, nodro\u0161ina sal\u0101go\u0161anu un vienm\u0113r\u012bgu darb\u012bbu.<\/p>\n","protected":false},"featured_media":24088,"template":"","meta":{"_acf_changed":false},"product_brand":[11512],"product_cat":[13777],"product_tag":[],"class_list":{"0":"post-690779","1":"product","2":"type-product","3":"status-publish","4":"has-post-thumbnail","6":"product_brand-kmr-precision","7":"product_cat-kmr-detalas","9":"first","10":"instock","11":"taxable","12":"shipping-taxable","13":"product-type-simple"},"acf":[],"_links":{"self":[{"href":"https:\/\/nbg.eu\/lv\/wp-json\/wp\/v2\/product\/690779","targetHints":{"allow":["GET"]}}],"collection":[{"href":"https:\/\/nbg.eu\/lv\/wp-json\/wp\/v2\/product"}],"about":[{"href":"https:\/\/nbg.eu\/lv\/wp-json\/wp\/v2\/types\/product"}],"wp:featuredmedia":[{"embeddable":true,"href":"https:\/\/nbg.eu\/lv\/wp-json\/wp\/v2\/media\/24088"}],"wp:attachment":[{"href":"https:\/\/nbg.eu\/lv\/wp-json\/wp\/v2\/media?parent=690779"}],"wp:term":[{"taxonomy":"product_brand","embeddable":true,"href":"https:\/\/nbg.eu\/lv\/wp-json\/wp\/v2\/product_brand?post=690779"},{"taxonomy":"product_cat","embeddable":true,"href":"https:\/\/nbg.eu\/lv\/wp-json\/wp\/v2\/product_cat?post=690779"},{"taxonomy":"product_tag","embeddable":true,"href":"https:\/\/nbg.eu\/lv\/wp-json\/wp\/v2\/product_tag?post=690779"}],"curies":[{"name":"wp","href":"https:\/\/api.w.org\/{rel}","templated":true}]}}