{"id":690829,"date":"2024-09-18T14:20:05","date_gmt":"2024-09-18T11:20:05","guid":{"rendered":"https:\/\/nbg.eu\/product\/hammer-sa-wide-kmr\/"},"modified":"2026-04-16T17:48:27","modified_gmt":"2026-04-16T14:48:27","slug":"hammer-sa-wide-kmr","status":"publish","type":"product","link":"https:\/\/nbg.eu\/lv\/product\/hammer-sa-wide-kmr\/","title":{"rendered":"KMR Kursors SA Plats"},"content":{"rendered":"<h2>Par iero\u010diem KMR<\/h2>\n<p>KMR L-02 EMIQ<br \/>\nKMR L-02 EMIQ (OR)<br \/>\nKMR L-02 ORCA NO 2024<br \/>\nKMR L-02 ORCA L\u012aDZ 2023<br \/>\nKMR W-02 CUDA (OR)<\/p>\n<h2>Izv\u0113le p\u0113c iero\u010diem CZ<\/h2>\n<p>CZ CZECHMATE<br \/>\nCZ TS<br \/>\nCZ TS 2<\/p>\n","protected":false},"excerpt":{"rendered":"<p>Produkta numurs: 0280-00401-0401<\/p>\n","protected":false},"featured_media":23897,"template":"","meta":{"_acf_changed":false},"product_brand":[11512],"product_cat":[13777],"product_tag":[],"class_list":{"0":"post-690829","1":"product","2":"type-product","3":"status-publish","4":"has-post-thumbnail","6":"product_brand-kmr-precision","7":"product_cat-kmr-detalas","9":"first","10":"instock","11":"taxable","12":"shipping-taxable","13":"product-type-simple"},"acf":[],"_links":{"self":[{"href":"https:\/\/nbg.eu\/lv\/wp-json\/wp\/v2\/product\/690829","targetHints":{"allow":["GET"]}}],"collection":[{"href":"https:\/\/nbg.eu\/lv\/wp-json\/wp\/v2\/product"}],"about":[{"href":"https:\/\/nbg.eu\/lv\/wp-json\/wp\/v2\/types\/product"}],"wp:featuredmedia":[{"embeddable":true,"href":"https:\/\/nbg.eu\/lv\/wp-json\/wp\/v2\/media\/23897"}],"wp:attachment":[{"href":"https:\/\/nbg.eu\/lv\/wp-json\/wp\/v2\/media?parent=690829"}],"wp:term":[{"taxonomy":"product_brand","embeddable":true,"href":"https:\/\/nbg.eu\/lv\/wp-json\/wp\/v2\/product_brand?post=690829"},{"taxonomy":"product_cat","embeddable":true,"href":"https:\/\/nbg.eu\/lv\/wp-json\/wp\/v2\/product_cat?post=690829"},{"taxonomy":"product_tag","embeddable":true,"href":"https:\/\/nbg.eu\/lv\/wp-json\/wp\/v2\/product_tag?post=690829"}],"curies":[{"name":"wp","href":"https:\/\/api.w.org\/{rel}","templated":true}]}}