{"id":690879,"date":"2024-09-18T20:49:20","date_gmt":"2024-09-18T17:49:20","guid":{"rendered":"https:\/\/nbg.eu\/product\/holosun-1-63-riser-for-hs510c-red-dot-sight-hs-riser-510c\/"},"modified":"2026-05-13T16:02:31","modified_gmt":"2026-05-13T13:02:31","slug":"holosun-1-63-riser-for-hs510c-red-dot-sight-hs-riser-510c","status":"publish","type":"product","link":"https:\/\/nbg.eu\/lv\/product\/holosun-1-63-riser-for-hs510c-red-dot-sight-hs-riser-510c\/","title":{"rendered":"Holosun 1.63&#8243; Riser for HS510C Red Dot Sight | HS-RISER-510C"},"content":{"rendered":"<h2>Holosun 1.63&#8221; High Riser HS-RISER-510C priek\u0161 HS510C<\/h2>\n<p>Paceliet savu \u0161au\u0161anas pieredzi ar HOLOSUN augsta pacel\u0161anas stat\u012bvu, \u012bpa\u0161i izstr\u0101d\u0101tu HS510C. \u0160is stat\u012bvs pied\u0101v\u0101 ide\u0101lu 1,63&#8221; redzes l\u012bnijas paaugstin\u0101jumu, kas ir piem\u0113rots iero\u010diem ar taisniem pleciem, kur plecu balsts ir novietots vien\u0101 l\u012bmen\u012b ar iero\u010da darb\u012bbas kasti.<\/p>\n<h2>Galven\u0101s iez\u012bmes:<\/h2>\n<ul>\n<li>Viegla apstr\u0101de un uzst\u0101d\u012b\u0161ana<\/li>\n<li>Kompakts dizains optim\u0101lai veiktsp\u0113jai<\/li>\n<li>\u0100rk\u0101rt\u012bga iztur\u012bba ar iztur\u012bgu duralum\u012bnija konstrukciju<\/li>\n<li>Atk\u0101rtojama precizit\u0101te stabilai \u0161au\u0161anai<\/li>\n<li>Viegls, tom\u0113r iztur\u012bgs b\u016bv\u0113jums<\/li>\n<\/ul>\n<h2>Tehniskie dati:<\/h2>\n<ul>\n<li>Darb\u012bbas temperat\u016bra: -30\u00b0C l\u012bdz 60\u00b0C<\/li>\n<li>Uzglab\u0101\u0161anas temperat\u016bra: -40\u00b0C l\u012bdz 70\u00b0C<\/li>\n<li>Izm\u0113ri: 80,5 x 40 x 5,5 mm<\/li>\n<li>Materi\u0101ls: Alum\u012bnijs<\/li>\n<li>Kr\u0101sa: Melna<\/li>\n<li>Svars: 44 g<\/li>\n<\/ul>\n<p>Uzlabojiet savu Holosun HS510C ar \u0161o augstas kvalit\u0101tes pacel\u0161anas stat\u012bvu, izstr\u0101d\u0101tu precizit\u0101tei un uzticam\u012bbai da\u017e\u0101dos \u0161au\u0161anas apst\u0101k\u013cos. Neatkar\u012bgi no t\u0101, vai esat profesion\u0101lis vai entuziasts, HS-RISER-510C ir perfekts papildin\u0101jums, lai uzlabotu j\u016bsu iero\u010da veiktsp\u0113ju.<\/p>\n","protected":false},"excerpt":{"rendered":"<p>Paaugstiniet savu HS510C ar \u0161o iztur\u012bgo 1.63 collu augstu pac\u0113luma stiprin\u0101jumu.<\/p>\n","protected":false},"featured_media":64733,"template":"","meta":{"_acf_changed":false},"product_brand":[11436],"product_cat":[14916],"product_tag":[],"class_list":{"0":"post-690879","1":"product","2":"type-product","3":"status-publish","4":"has-post-thumbnail","6":"product_brand-holosun","7":"product_cat-red-dot-sights-mounts-lv","9":"first","10":"instock","11":"taxable","12":"shipping-taxable","13":"purchasable","14":"product-type-simple"},"acf":[],"_links":{"self":[{"href":"https:\/\/nbg.eu\/lv\/wp-json\/wp\/v2\/product\/690879","targetHints":{"allow":["GET"]}}],"collection":[{"href":"https:\/\/nbg.eu\/lv\/wp-json\/wp\/v2\/product"}],"about":[{"href":"https:\/\/nbg.eu\/lv\/wp-json\/wp\/v2\/types\/product"}],"wp:featuredmedia":[{"embeddable":true,"href":"https:\/\/nbg.eu\/lv\/wp-json\/wp\/v2\/media\/64733"}],"wp:attachment":[{"href":"https:\/\/nbg.eu\/lv\/wp-json\/wp\/v2\/media?parent=690879"}],"wp:term":[{"taxonomy":"product_brand","embeddable":true,"href":"https:\/\/nbg.eu\/lv\/wp-json\/wp\/v2\/product_brand?post=690879"},{"taxonomy":"product_cat","embeddable":true,"href":"https:\/\/nbg.eu\/lv\/wp-json\/wp\/v2\/product_cat?post=690879"},{"taxonomy":"product_tag","embeddable":true,"href":"https:\/\/nbg.eu\/lv\/wp-json\/wp\/v2\/product_tag?post=690879"}],"curies":[{"name":"wp","href":"https:\/\/api.w.org\/{rel}","templated":true}]}}