{"id":690994,"date":"2024-07-25T21:45:22","date_gmt":"2024-07-25T18:45:22","guid":{"rendered":"https:\/\/nbg.eu\/product\/hornady-6mm-arc-108gr-eld-match-ammunition\/"},"modified":"2026-01-21T11:46:10","modified_gmt":"2026-01-21T08:46:10","slug":"hornady-6mm-arc-108gr-eld-match-ammunition","status":"publish","type":"product","link":"https:\/\/nbg.eu\/lv\/product\/hornady-6mm-arc-108gr-eld-match-ammunition\/","title":{"rendered":"Hornady 6mm ARC 108gr. ELD MATCH Ammunition"},"content":{"rendered":"<div class=\"product-description\">\n<h2>Hornady 6mm ARC 108gr. ELD MATCH Mun\u012bcija<\/h2>\n<p>Piedz\u012bvojiet nep\u0101rsp\u0113jamu veiktsp\u0113ju ar Hornady 6mm ARC 108gr. ELD MATCH Mun\u012bciju. \u0160is daudzfunkcion\u0101lais patronu komplekts nodro\u0161ina:<\/p>\n<ul>\n<li>Izcilu efektivit\u0101ti ar augsta BC lod\u0113m<\/li>\n<li>Nep\u0101rsp\u0113jamu veiktsp\u0113ju no AR-15 platform\u0101m<\/li>\n<li>Optim\u0101lu rezult\u0101tu ar \u012bs\u0101m vai mikror\u012bc\u012bbas \u0161autenes<\/li>\n<li>Ide\u0101ls sacens\u012bbu \u0161au\u0161anai, med\u012bb\u0101m un personiskajai aizsardz\u012bbai<\/li>\n<li>P\u0101r\u0101ku gala veiktsp\u0113ju da\u017e\u0101d\u0101s pielietojuma jom\u0101s<\/li>\n<\/ul>\n<p>6mm ARC apvieno modern\u0101ko patronu dizainu ar r\u016bp\u012bgi atlas\u012bt\u0101m lod\u0113m, pied\u0101v\u0101jot ide\u0101lu l\u012bdzsvaru starp sist\u0113mas svaru, veiktsp\u0113ju un apgrie\u0161an\u0101s iesp\u0113j\u0101m. Neatkar\u012bgi no t\u0101, vai esat sacens\u012bbu \u0161\u0101v\u0113js, mednieks vai ties\u012bbaizsardz\u012bbas profesion\u0101lis, \u0161\u012b mun\u012bcija sniedz jums nepiecie\u0161amo precizit\u0101ti un jaudu.<\/p>\n<\/div>\n","protected":false},"excerpt":{"rendered":"<p>Daudzveid\u012bgs 6mm ARC: prec\u012bzi atbilsto\u0161a mun\u012bcija AR-15 un bultenieku iero\u010di.<\/p>\n","protected":false},"featured_media":691084,"template":"","meta":{"_acf_changed":false},"product_brand":[11457],"product_cat":[13830,13840],"product_tag":[],"class_list":{"0":"post-690994","1":"product","2":"type-product","3":"status-publish","4":"has-post-thumbnail","6":"product_brand-hornady","7":"product_cat-municija","8":"product_cat-sautenes-municija","10":"first","11":"instock","12":"taxable","13":"shipping-taxable","14":"purchasable","15":"product-type-simple"},"acf":[],"_links":{"self":[{"href":"https:\/\/nbg.eu\/lv\/wp-json\/wp\/v2\/product\/690994","targetHints":{"allow":["GET"]}}],"collection":[{"href":"https:\/\/nbg.eu\/lv\/wp-json\/wp\/v2\/product"}],"about":[{"href":"https:\/\/nbg.eu\/lv\/wp-json\/wp\/v2\/types\/product"}],"wp:featuredmedia":[{"embeddable":true,"href":"https:\/\/nbg.eu\/lv\/wp-json\/wp\/v2\/media\/691084"}],"wp:attachment":[{"href":"https:\/\/nbg.eu\/lv\/wp-json\/wp\/v2\/media?parent=690994"}],"wp:term":[{"taxonomy":"product_brand","embeddable":true,"href":"https:\/\/nbg.eu\/lv\/wp-json\/wp\/v2\/product_brand?post=690994"},{"taxonomy":"product_cat","embeddable":true,"href":"https:\/\/nbg.eu\/lv\/wp-json\/wp\/v2\/product_cat?post=690994"},{"taxonomy":"product_tag","embeddable":true,"href":"https:\/\/nbg.eu\/lv\/wp-json\/wp\/v2\/product_tag?post=690994"}],"curies":[{"name":"wp","href":"https:\/\/api.w.org\/{rel}","templated":true}]}}