{"id":691114,"date":"2025-03-04T21:24:07","date_gmt":"2025-03-04T18:24:07","guid":{"rendered":"https:\/\/nbg.eu\/product\/kmr-hand-stop-set-m-lok-alu-black\/"},"modified":"2026-05-13T15:56:48","modified_gmt":"2026-05-13T12:56:48","slug":"kmr-hand-stop-set-m-lok-alu-black","status":"publish","type":"product","link":"https:\/\/nbg.eu\/lv\/product\/kmr-hand-stop-set-m-lok-alu-black\/","title":{"rendered":"KMR Hand Stop Komplekts M-LOK ALU Melns"},"content":{"rendered":"<h2>KMR rokas stop komplekts (M-LOK) \u2013 alum\u012bnijs, melns<\/h2>\n<p>Uzlabojiet savu \u0161au\u0161anas pieredzi ar KMR rokas stop komplektu, daudzfunkcion\u0101lu piederumu, kas izstr\u0101d\u0101ts, lai uzlabotu atsituma p\u0101rvald\u012bbu, rokas orient\u0101ciju un kop\u0113jo iero\u010da kontroli. \u0160is rokas stop komplekts, kas izgatavots no viegl\u0101, CNC apstr\u0101d\u0101t\u0101 alum\u012bnija un ir ar mat\u0113tu melnu anodiz\u0113tu apdari, iek\u013caujas j\u016bsu M-LOK savietojamaj\u0101 iero\u010d\u0101.<\/p>\n<p>Modul\u0101rais divu da\u013cu vai ar rievotu dizainu nodro\u0161ina stabilas atskaites punktu j\u016bsu atbalsta rokai, nodro\u0161inot atk\u0101rtojamu tv\u0113rienu un nepie\u013caujot j\u016bsu rokas sl\u012bd\u0113\u0161anu uz priek\u0161u, uz stobra. \u013baujot jums &#8220;pavilkt&#8221; ierieti uz pleca, KMR rokas stop komplekts nodro\u0161ina b\u016btiski vienm\u0113r\u012bg\u0101ku \u0161au\u0161anu un \u0101tr\u0101ku atk\u0101rtotu \u0161\u0101vienu, uzlabojot j\u016bsu kop\u0113jo precizit\u0101ti un \u0161au\u0161anas sniegumu.<\/p>\n<p>Neatkar\u012bgi no t\u0101, vai esat pieredz\u0113jis \u0161\u0101v\u0113js vai aizraut\u012bgs hobijists, KMR rokas stop komplekts ir nepiecie\u0161ams uzlabojums j\u016bsu ierocim. Uzlabojiet savu \u0161au\u0161anas pieredzi un paceliet savas prasmes jaunos augstumos ar \u0161o inovat\u012bvo un uzticamo piederumu.<\/p>\n","protected":false},"excerpt":{"rendered":"<p>KMR ROKAS APTUR\u0112\u0160ANAS KOMPLEKTS, M-LOK, ALU, MELNS &#8211; Uzlabota atsituma p\u0101rvald\u012bba un iero\u010da vad\u012bba.<\/p>\n","protected":false},"featured_media":236521,"template":"","meta":{"_acf_changed":false},"product_brand":[11512],"product_cat":[13777,13827,13785,13788],"product_tag":[],"class_list":{"0":"post-691114","1":"product","2":"type-product","3":"status-publish","4":"has-post-thumbnail","6":"product_brand-kmr-precision","7":"product_cat-kmr-detalas","8":"product_cat-sautene","9":"product_cat-sautenes-rokturi","10":"product_cat-sautenes-uzlabosana","12":"first","13":"instock","14":"taxable","15":"shipping-taxable","16":"purchasable","17":"product-type-simple"},"acf":[],"_links":{"self":[{"href":"https:\/\/nbg.eu\/lv\/wp-json\/wp\/v2\/product\/691114","targetHints":{"allow":["GET"]}}],"collection":[{"href":"https:\/\/nbg.eu\/lv\/wp-json\/wp\/v2\/product"}],"about":[{"href":"https:\/\/nbg.eu\/lv\/wp-json\/wp\/v2\/types\/product"}],"wp:featuredmedia":[{"embeddable":true,"href":"https:\/\/nbg.eu\/lv\/wp-json\/wp\/v2\/media\/236521"}],"wp:attachment":[{"href":"https:\/\/nbg.eu\/lv\/wp-json\/wp\/v2\/media?parent=691114"}],"wp:term":[{"taxonomy":"product_brand","embeddable":true,"href":"https:\/\/nbg.eu\/lv\/wp-json\/wp\/v2\/product_brand?post=691114"},{"taxonomy":"product_cat","embeddable":true,"href":"https:\/\/nbg.eu\/lv\/wp-json\/wp\/v2\/product_cat?post=691114"},{"taxonomy":"product_tag","embeddable":true,"href":"https:\/\/nbg.eu\/lv\/wp-json\/wp\/v2\/product_tag?post=691114"}],"curies":[{"name":"wp","href":"https:\/\/api.w.org\/{rel}","templated":true}]}}