{"id":691132,"date":"2025-03-07T13:06:11","date_gmt":"2025-03-07T10:06:11","guid":{"rendered":"https:\/\/nbg.eu\/product\/kmr-or-aimpoint-acro-mounting-kit-for-l-02-w-02-steel-black\/"},"modified":"2026-05-13T16:48:14","modified_gmt":"2026-05-13T13:48:14","slug":"kmr-or-aimpoint-acro-mounting-kit-for-l-02-w-02-steel-black","status":"publish","type":"product","link":"https:\/\/nbg.eu\/lv\/product\/kmr-or-aimpoint-acro-mounting-kit-for-l-02-w-02-steel-black\/","title":{"rendered":"KMR OR Aimpoint Acro Mont\u0101\u017eas Komplekts priek\u0161 L-02, W-02 T\u0113rauds Melns"},"content":{"rendered":"<h2>KMR &#8211; VAI AIMPOINT ACRO MONT\u0100\u017dAS KOMPLEKTS L-02, W-02, T\u0112RAUDA MELNS<\/h2>\n<p>KMR Optic Ready (OR) Aimpoint ACRO mont\u0101\u017eas komplekts ir ide\u0101lais risin\u0101jums stabilai optisk\u0101 t\u0113mek\u013ca integr\u0101cijai un perfektai kopskatu l\u012bdzin\u0101\u0161anai j\u016bsu KMR L-02 un W-02 pistol\u0113m. \u0160is mont\u0101\u017eas komplekts, kas izgatavots no augstas stipr\u012bbas t\u0113rauda, ir apr\u012bkots ar konkr\u0113tu Aimpoint ACRO p\u0113du, zemu profilu un mat\u0113tu melnu pretkorozijas apdari, lai nodro\u0161in\u0101tu elegantu un iztur\u012bgu izskatu.<\/p>\n<p>T\u0113rauda konstrukcija KMR OR Aimpoint ACRO mont\u0101\u017eas komplektam nodro\u0161ina nulles nob\u012bdi smaga atsitiena apst\u0101k\u013cos, sniedzot uzticam\u0101ko mont\u0101\u017eas risin\u0101jumu sl\u0113gta tipa emisijas t\u0113mek\u013ciem. Prec\u012bzais piel\u0101gojums garant\u0113, ka j\u016bsu optika saglab\u0101 iestat\u012bjumus pat augsta tempa sacens\u012bbu vai dienestu lieto\u0161anas laik\u0101, padarot to par ide\u0101lu izv\u0113li KMR OR s\u0113rijas pistol\u0113m.<\/p>\n","protected":false},"excerpt":{"rendered":"<p>KMR &#8211; VAI AIMPOINT ACRO MONT\u0100\u017dAS KOMPLEKTS L-02, W-02, T\u0112RAUDS MELNS. Uzticama optisk\u0101 integr\u0101cija un perfekta optisk\u0101 saska\u0146o\u0161ana L-02 un W-02 mode\u013ciem. Prec\u012bzi apstr\u0101d\u0101ts no augstas iztur\u012bbas t\u0113rauda, specifisks Aimpoint ACRO nospiedums, zemprofil\u012bva konstrukcija, mat\u0113ts melns pretkorozijas apdares. Nodro\u0161ina iztur\u012bg\u0101ko mont\u0101\u017eas risin\u0101jumu sl\u0113gta s\u016bk\u0146a tipa t\u0113m\u0113k\u013ciem; t\u0113rauda konstrukcija nodro\u0161ina nulles nob\u012bdi smaga atsitiena iedarb\u012bb\u0101, kam\u0113r prec\u012bza uzst\u0101d\u012b\u0161ana garant\u0113, ka t\u0113m\u0113klis saglab\u0101 nullizol\u0101ciju pat augstas intensit\u0101tes sacens\u012bb\u0101s vai ekspluat\u0101cijas re\u017e\u012bm\u0101 ar KMR OR-s\u0113rijas pistol\u0113m.<\/p>\n","protected":false},"featured_media":246148,"template":"","meta":{"_acf_changed":false},"product_brand":[11512],"product_cat":[13777,13773,13809,14916],"product_tag":[],"class_list":{"0":"post-691132","1":"product","2":"type-product","3":"status-publish","4":"has-post-thumbnail","6":"product_brand-kmr-precision","7":"product_cat-kmr-detalas","8":"product_cat-pistoles-detalas","9":"product_cat-pistoles-merki","10":"product_cat-red-dot-sights-mounts-lv","12":"first","13":"instock","14":"taxable","15":"shipping-taxable","16":"purchasable","17":"product-type-simple"},"acf":[],"_links":{"self":[{"href":"https:\/\/nbg.eu\/lv\/wp-json\/wp\/v2\/product\/691132","targetHints":{"allow":["GET"]}}],"collection":[{"href":"https:\/\/nbg.eu\/lv\/wp-json\/wp\/v2\/product"}],"about":[{"href":"https:\/\/nbg.eu\/lv\/wp-json\/wp\/v2\/types\/product"}],"wp:featuredmedia":[{"embeddable":true,"href":"https:\/\/nbg.eu\/lv\/wp-json\/wp\/v2\/media\/246148"}],"wp:attachment":[{"href":"https:\/\/nbg.eu\/lv\/wp-json\/wp\/v2\/media?parent=691132"}],"wp:term":[{"taxonomy":"product_brand","embeddable":true,"href":"https:\/\/nbg.eu\/lv\/wp-json\/wp\/v2\/product_brand?post=691132"},{"taxonomy":"product_cat","embeddable":true,"href":"https:\/\/nbg.eu\/lv\/wp-json\/wp\/v2\/product_cat?post=691132"},{"taxonomy":"product_tag","embeddable":true,"href":"https:\/\/nbg.eu\/lv\/wp-json\/wp\/v2\/product_tag?post=691132"}],"curies":[{"name":"wp","href":"https:\/\/api.w.org\/{rel}","templated":true}]}}