{"id":691172,"date":"2025-03-04T21:40:08","date_gmt":"2025-03-04T18:40:08","guid":{"rendered":"https:\/\/nbg.eu\/product\/kmr-qd-sling-swivel\/"},"modified":"2026-05-13T15:10:55","modified_gmt":"2026-05-13T12:10:55","slug":"kmr-qd-sling-swivel","status":"publish","type":"product","link":"https:\/\/nbg.eu\/lv\/product\/kmr-qd-sling-swivel\/","title":{"rendered":"KMR QD Siksnas \u0160arn\u012brs"},"content":{"rendered":"<h2>\u0100tra piestiprin\u0101\u0161ana, smagn\u0113ja uzticam\u012bba: KMR \u0101tr\u0101s atvieno\u0161anas (QD) siksnas savienojums<\/h2>\n<p>Konstru\u0113ts \u0101trai piestiprin\u0101\u0161anai un smagn\u0113jai uzticam\u012bbai, KMR QD siksnas savienojums ir ide\u0101ls p\u0101rinieks j\u016bsu iero\u010diem. Izgatavots no augstas stipr\u012bbas t\u0113rauda, \u0161is savienojums ir apr\u012bkots ar pogas atlai\u0161anas meh\u0101nismu un 360 gr\u0101du rot\u0101ciju, \u013caujot gandr\u012bz nekav\u0113joties piestiprin\u0101t vai no\u0146emt siksnu no jebkuras QD sader\u012bgas ligzdas, vai t\u0101 b\u016btu M-LOK, iero\u010datbalsts vai rokas aizsargs.<\/p>\n<p>Paredz\u0113ts, lai iztur\u0113tu lielas velko\u0161\u0101s sp\u0113kas un krasus lauka apst\u0101k\u013cus, KMR QD siksnas savienojums nodro\u0161ina, ka j\u016bsu ieroce paliek dro\u0161i piestiprin\u0101t\u0101 kust\u012bbu laik\u0101. Melns p\u0101rkl\u0101jums papildus uzlabo savienojuma iztur\u012bbu, padarot to uzticamu izv\u0113li vis\u0101m j\u016bsu siksnas piestiprin\u0101\u0161anas vajadz\u012bb\u0101m.<\/p>\n","protected":false},"excerpt":{"rendered":"<p>KMR QD SLING SWIVEL, STANDART: \u0100tri piestiprina\/atvieno.<\/p>\n","protected":false},"featured_media":236795,"template":"","meta":{"_acf_changed":false},"product_brand":[11512],"product_cat":[13788,13763,14941],"product_tag":[],"class_list":{"0":"post-691172","1":"product","2":"type-product","3":"status-publish","4":"has-post-thumbnail","6":"product_brand-kmr-precision","7":"product_cat-sautenes-uzlabosana","8":"product_cat-siksnas","9":"product_cat-sling-swivels-lv","11":"first","12":"instock","13":"taxable","14":"shipping-taxable","15":"purchasable","16":"product-type-simple"},"acf":[],"_links":{"self":[{"href":"https:\/\/nbg.eu\/lv\/wp-json\/wp\/v2\/product\/691172","targetHints":{"allow":["GET"]}}],"collection":[{"href":"https:\/\/nbg.eu\/lv\/wp-json\/wp\/v2\/product"}],"about":[{"href":"https:\/\/nbg.eu\/lv\/wp-json\/wp\/v2\/types\/product"}],"wp:featuredmedia":[{"embeddable":true,"href":"https:\/\/nbg.eu\/lv\/wp-json\/wp\/v2\/media\/236795"}],"wp:attachment":[{"href":"https:\/\/nbg.eu\/lv\/wp-json\/wp\/v2\/media?parent=691172"}],"wp:term":[{"taxonomy":"product_brand","embeddable":true,"href":"https:\/\/nbg.eu\/lv\/wp-json\/wp\/v2\/product_brand?post=691172"},{"taxonomy":"product_cat","embeddable":true,"href":"https:\/\/nbg.eu\/lv\/wp-json\/wp\/v2\/product_cat?post=691172"},{"taxonomy":"product_tag","embeddable":true,"href":"https:\/\/nbg.eu\/lv\/wp-json\/wp\/v2\/product_tag?post=691172"}],"curies":[{"name":"wp","href":"https:\/\/api.w.org\/{rel}","templated":true}]}}