{"id":691192,"date":"2025-03-04T21:26:30","date_gmt":"2025-03-04T18:26:30","guid":{"rendered":"https:\/\/nbg.eu\/product\/kmr-rail-set-m-lok-alu\/"},"modified":"2026-05-13T16:01:26","modified_gmt":"2026-05-13T13:01:26","slug":"kmr-rail-set-m-lok-alu","status":"publish","type":"product","link":"https:\/\/nbg.eu\/lv\/product\/kmr-rail-set-m-lok-alu\/","title":{"rendered":"KMR Picatinny Slie\u017eu Komplekts M-LOK ALU"},"content":{"rendered":"<h2>KMR RAIL SET, M-LOK, ALU<\/h2>\n<p>Uzlabojiet savu M-LOK roktura vers\u0101tilit\u0101ti ar KMR RAIL SET, iztur\u012bgu un vieglu aksesu\u0101ru mont\u0101\u017eas risin\u0101jumu. Tas ir izgatavots no augstas kvalit\u0101tes 6061-T6 alum\u012bnija, izmantojot prec\u012bzo CNC apstr\u0101di, un pied\u0101v\u0101 standarta Picatinny\/Mil-Std 1913 interfeisu, \u013caujot jums dro\u0161i piestiprin\u0101t pla\u0161u taktisku aksesu\u0101ru kl\u0101stu, piem\u0113ram, gaismas, l\u0101zerus, rokturus un divk\u0101jas.<\/p>\n<p>Zemais profils un anodiz\u0113t\u0101 melna apdare nodro\u0161ina maksim\u0101lu iztur\u012bbu, neradot nevajadz\u012bgu svaru vai lielumu priek\u0161pus\u0113 j\u016bsu \u0161aujamai ier\u012bcei. Izmantojot komplekt\u0101 iek\u013cauto M-LOK mont\u0101\u017eas aparat\u016bru, varat viegli integr\u0113t \u0161o relsetu j\u016bsu eso\u0161aj\u0101 M-LOK roktur\u012b, radot modul\u0101ru un piel\u0101gojamu platformu, kas atbilst j\u016bsu konkr\u0113taj\u0101m vajadz\u012bb\u0101m.<\/p>\n<p>Neatkar\u012bgi no t\u0101, vai v\u0113laties uzlabot sava iero\u010damfunkcionalit\u0101ti vai vienk\u0101r\u0161i v\u0113laties ticamu veidu, k\u0101 piestiprin\u0101t savus iecien\u012bt\u0101kos aksesu\u0101rus, KMR RAIL SET, M-LOK, ALU ir ide\u0101lais risin\u0101jums. Tas ir izstr\u0101d\u0101ts ar m\u0113r\u0137i sasniegt augstus rezult\u0101tus un ilgiztur\u012bbu, pal\u012bdzot jums paceltsavu \u0161au\u0161anas pieredzi uz n\u0101kamo l\u012bmeni.<\/p>\n","protected":false},"excerpt":{"rendered":"<p>Modul\u0101rs M-LOK slie\u017eu komplekts no vieglsvara, iztur\u012bga alum\u012bnija ar Picatinny interfeisu.<\/p>\n","protected":false},"featured_media":236684,"template":"","meta":{"_acf_changed":false},"product_brand":[11512],"product_cat":[14963,13827,13788,13763,13841],"product_tag":[],"class_list":{"0":"post-691192","1":"product","2":"type-product","3":"status-publish","4":"has-post-thumbnail","6":"product_brand-kmr-precision","7":"product_cat-m-lok-rail-systems-lv","8":"product_cat-sautene","9":"product_cat-sautenes-uzlabosana","10":"product_cat-siksnas","11":"product_cat-sliedes","13":"first","14":"instock","15":"taxable","16":"shipping-taxable","17":"purchasable","18":"product-type-variable","19":"wvs-archive-product-wrapper"},"acf":[],"_links":{"self":[{"href":"https:\/\/nbg.eu\/lv\/wp-json\/wp\/v2\/product\/691192","targetHints":{"allow":["GET"]}}],"collection":[{"href":"https:\/\/nbg.eu\/lv\/wp-json\/wp\/v2\/product"}],"about":[{"href":"https:\/\/nbg.eu\/lv\/wp-json\/wp\/v2\/types\/product"}],"wp:featuredmedia":[{"embeddable":true,"href":"https:\/\/nbg.eu\/lv\/wp-json\/wp\/v2\/media\/236684"}],"wp:attachment":[{"href":"https:\/\/nbg.eu\/lv\/wp-json\/wp\/v2\/media?parent=691192"}],"wp:term":[{"taxonomy":"product_brand","embeddable":true,"href":"https:\/\/nbg.eu\/lv\/wp-json\/wp\/v2\/product_brand?post=691192"},{"taxonomy":"product_cat","embeddable":true,"href":"https:\/\/nbg.eu\/lv\/wp-json\/wp\/v2\/product_cat?post=691192"},{"taxonomy":"product_tag","embeddable":true,"href":"https:\/\/nbg.eu\/lv\/wp-json\/wp\/v2\/product_tag?post=691192"}],"curies":[{"name":"wp","href":"https:\/\/api.w.org\/{rel}","templated":true}]}}