{"id":692142,"date":"2025-03-04T21:42:27","date_gmt":"2025-03-04T18:42:27","guid":{"rendered":"https:\/\/nbg.eu\/product\/kmr-qd-sling-swivel-small-25-mm\/"},"modified":"2026-05-13T16:02:05","modified_gmt":"2026-05-13T13:02:05","slug":"kmr-qd-sling-swivel-small-25-mm","status":"publish","type":"product","link":"https:\/\/nbg.eu\/lv\/product\/kmr-qd-sling-swivel-small-25-mm\/","title":{"rendered":"KMR QD Siksnas \u0160arn\u012brs Mazs 25mm"},"content":{"rendered":"<h2>KMR QD SLING SWIVEL, SMALL 25 mm<\/h2>\n<p>Konstru\u0113ts \u0101trai piestiprin\u0101\u0161anai, lielas slodzes uzticam\u012bba, KMR QD siksnas pagrie\u017eamais loceklis ir ide\u0101ls pal\u012bgs j\u016bsu iero\u010diem. Izgatavots no augsta sprieguma t\u0113rauda, \u0161is pagrie\u017eamais loceklis ir apr\u012bkots ar poga atbr\u012bvo\u0161anas meh\u0101nismu un 360 gr\u0101du rot\u0101ciju, \u013caujot gandr\u012bz nekav\u0113joties piestiprin\u0101t vai no\u0146emt siksnu no jebkura QD savietojama ligzda, vai tas b\u016btu M-LOK, kr\u016bts vai roktura.<\/p>\n<p>Paredz\u0113ts iztur\u0113t lielu vilk\u0161anas sp\u0113ku un sare\u017e\u0123\u012btus lauka apst\u0101k\u013cus, KMR QD siksnas pagrie\u017eamais loceklis nodro\u0161ina, ka j\u016bsu \u0161autene paliek dro\u0161i piek\u0101rta dinamisk\u0101s kust\u012bbas laik\u0101. Melna apdare papildus uzlabo pagrie\u017eam\u0101 locek\u013ca ilgtsp\u0113ju, padarot to uzticamu izv\u0113li vis\u0101m j\u016bsu siksnu piestiprin\u0101\u0161anas vajadz\u012bb\u0101m.<\/p>\n","protected":false},"excerpt":{"rendered":"<p>KMR QD SLINGA SV\u012a\u013b\u0145I, MAZS 25 mm: \u0100tra pievieno\u0161ana\/atvieno\u0161ana<\/p>\n","protected":false},"featured_media":236819,"template":"","meta":{"_acf_changed":false},"product_brand":[11512],"product_cat":[13788,13763,14941],"product_tag":[],"class_list":{"0":"post-692142","1":"product","2":"type-product","3":"status-publish","4":"has-post-thumbnail","6":"product_brand-kmr-precision","7":"product_cat-sautenes-uzlabosana","8":"product_cat-siksnas","9":"product_cat-sling-swivels-lv","11":"first","12":"instock","13":"taxable","14":"shipping-taxable","15":"purchasable","16":"product-type-simple"},"acf":[],"_links":{"self":[{"href":"https:\/\/nbg.eu\/lv\/wp-json\/wp\/v2\/product\/692142","targetHints":{"allow":["GET"]}}],"collection":[{"href":"https:\/\/nbg.eu\/lv\/wp-json\/wp\/v2\/product"}],"about":[{"href":"https:\/\/nbg.eu\/lv\/wp-json\/wp\/v2\/types\/product"}],"wp:featuredmedia":[{"embeddable":true,"href":"https:\/\/nbg.eu\/lv\/wp-json\/wp\/v2\/media\/236819"}],"wp:attachment":[{"href":"https:\/\/nbg.eu\/lv\/wp-json\/wp\/v2\/media?parent=692142"}],"wp:term":[{"taxonomy":"product_brand","embeddable":true,"href":"https:\/\/nbg.eu\/lv\/wp-json\/wp\/v2\/product_brand?post=692142"},{"taxonomy":"product_cat","embeddable":true,"href":"https:\/\/nbg.eu\/lv\/wp-json\/wp\/v2\/product_cat?post=692142"},{"taxonomy":"product_tag","embeddable":true,"href":"https:\/\/nbg.eu\/lv\/wp-json\/wp\/v2\/product_tag?post=692142"}],"curies":[{"name":"wp","href":"https:\/\/api.w.org\/{rel}","templated":true}]}}