{"id":692167,"date":"2024-08-18T12:07:31","date_gmt":"2024-08-18T09:07:31","guid":{"rendered":"https:\/\/nbg.eu\/product\/magazine-catch-27-kmr-l-w\/"},"modified":"2026-04-16T17:50:33","modified_gmt":"2026-04-16T14:50:33","slug":"magazine-catch-27-kmr-l-w","status":"publish","type":"product","link":"https:\/\/nbg.eu\/lv\/product\/magazine-catch-27-kmr-l-w\/","title":{"rendered":"KMR Aptveres Aizvars 27 L, W"},"content":{"rendered":"<h2>MAGAZINE CATCH 27 KMR L, W &#8211; Dro\u0161s un uzticams ierocis papildier\u012bce<\/h2>\n<p>Izgatavots ar precizit\u0101ti un uzman\u012bbu pret deta\u013c\u0101m, MAGAZINE CATCH 27 KMR L, W ir b\u016btiska sast\u0101vda\u013ca ikvienam, kas prasa augst\u0101ko snieguma un uzticam\u012bbas l\u012bmeni no saviem ierokiem. Neatkar\u012bgi no t\u0101, vai esat profesion\u0101lis vai tikai s\u0101kat, \u0161is magaz\u012bnas uztv\u0113r\u0113js ir nenov\u0113rt\u0113jams papildin\u0101jums j\u016bsu apr\u012bkojumam, nodro\u0161inot, ka j\u016bsu ierocis vienm\u0113r ir gatavs darb\u012bbai.<\/p>\n<p>Iero\u010diem KMR:<\/p>\n<p>KMR L-02 SPECTRA NO 2024<\/p>\n<p>KMR L-02 SPECTRA L\u012aDZ 2023<\/p>\n<p>KMR W-02 CUDA NO 2024<\/p>\n<p>KMR W-02 CUDA L\u012aDZ 2023<\/p>\n<p>KMR W-02 UMBRA<\/p>\n<p>KMR W-02 UMBRA (OR<\/p>\n<p>)<\/p>\n<p>Atsauces numurs 1100-01201-0900.<\/p>\n","protected":false},"excerpt":{"rendered":"<p>Ierocis KMR, sader\u012bgs ar Umbra mode\u013ciem.<\/p>\n","protected":false},"featured_media":25732,"template":"","meta":{"_acf_changed":false},"product_brand":[11512],"product_cat":[13777],"product_tag":[],"class_list":{"0":"post-692167","1":"product","2":"type-product","3":"status-publish","4":"has-post-thumbnail","6":"product_brand-kmr-precision","7":"product_cat-kmr-detalas","9":"first","10":"instock","11":"taxable","12":"shipping-taxable","13":"product-type-simple"},"acf":[],"_links":{"self":[{"href":"https:\/\/nbg.eu\/lv\/wp-json\/wp\/v2\/product\/692167","targetHints":{"allow":["GET"]}}],"collection":[{"href":"https:\/\/nbg.eu\/lv\/wp-json\/wp\/v2\/product"}],"about":[{"href":"https:\/\/nbg.eu\/lv\/wp-json\/wp\/v2\/types\/product"}],"wp:featuredmedia":[{"embeddable":true,"href":"https:\/\/nbg.eu\/lv\/wp-json\/wp\/v2\/media\/25732"}],"wp:attachment":[{"href":"https:\/\/nbg.eu\/lv\/wp-json\/wp\/v2\/media?parent=692167"}],"wp:term":[{"taxonomy":"product_brand","embeddable":true,"href":"https:\/\/nbg.eu\/lv\/wp-json\/wp\/v2\/product_brand?post=692167"},{"taxonomy":"product_cat","embeddable":true,"href":"https:\/\/nbg.eu\/lv\/wp-json\/wp\/v2\/product_cat?post=692167"},{"taxonomy":"product_tag","embeddable":true,"href":"https:\/\/nbg.eu\/lv\/wp-json\/wp\/v2\/product_tag?post=692167"}],"curies":[{"name":"wp","href":"https:\/\/api.w.org\/{rel}","templated":true}]}}