{"id":692192,"date":"2024-09-16T14:52:04","date_gmt":"2024-09-16T11:52:04","guid":{"rendered":"https:\/\/nbg.eu\/product\/magazine-catch-28-kmr-l-02-umbra\/"},"modified":"2026-04-16T17:49:28","modified_gmt":"2026-04-16T14:49:28","slug":"magazine-catch-28-kmr-l-02-umbra","status":"publish","type":"product","link":"https:\/\/nbg.eu\/lv\/product\/magazine-catch-28-kmr-l-02-umbra\/","title":{"rendered":"KMR Aptveres Aizvars 28 L-02 UMBRA"},"content":{"rendered":"<h2>KMR Magazine Catch 28 \u2013 L-02 Umbra Edition<\/h2>\n<p>KMR Magazine Catch 28 ir augstas kvalit\u0101tes, sacens\u012bb\u0101m gatavs komponents, kas ir \u012bpa\u0161i veidots KMR L-02 Umbra un L-s\u0113rijas platform\u0101m. Tas ir izstr\u0101d\u0101ts \u0101trumam un ergonomijai, un \u0161\u012b magaz\u012bnas atbr\u012bvot\u0101ja ir kritiski svar\u012bga uzlabojums \u0161\u0101v\u0113jiem, kuriem nepiecie\u0161ams samazin\u0101t iel\u0101des laiku augst\u0101s slodzes sacens\u012bbu apst\u0101k\u013cos.<\/p>\n<h3>Veidots \u0101trumam un precizit\u0101tei<\/h3>\n<p>IPSC un USPSA sacens\u012bbu pasaul\u0113 magaz\u012bnas nomai\u0146as \u0101trums var b\u016bt at\u0161\u0137ir\u012bba starp pjedest\u0101la vietu un viduv\u0113ju rezult\u0101tu. &#8220;28&#8221; apz\u012bm\u0113jums atspogu\u013co optimiz\u0113to virsmas laukumu un pagarin\u0101juma augstumu, nodro\u0161inot ide\u0101lu l\u012bdzsvaru starp pieejam\u012bbu un dro\u0161\u012bbu. Tas \u013cauj \u0161\u0101v\u0113jam nomest magaz\u012bnu, nenoz\u012bm\u012bgi mainot \u0161\u0101viena satv\u0113rumu, saglab\u0101jot lab\u0101ku kontroli p\u0101r ieroci laik\u0101, kad t\u0101 tiek p\u0101rpild\u012bta.<\/p>\n<h3>Tehnisk\u0101s specifik\u0101cijas:<\/h3>\n<ul>\n<li><strong>CNC apstr\u0101d\u0101ta iztur\u012bba:<\/strong> Izgatavots no augstas stipr\u012bbas t\u0113rauda un alum\u012bnija komponentiem, lai nodro\u0161in\u0101tu prec\u012bzu darb\u012bbu un ilgu ekspluat\u0101cijas laiku.<\/li>\n<li><strong>Pagarin\u0101ta ergonomika:<\/strong> Palielin\u0101tais sviras izm\u0113rs ir strat\u0113\u0123iski novietots, lai to b\u016btu viegli sasniegt, pat \u0161\u0101v\u0113jiem ar maz\u0101k\u0101m rok\u0101m vai tiem, kas valk\u0101 cimdus.<\/li>\n<li><strong>Umbra s\u0113rijas est\u0113tika:<\/strong> Tam ir rakstur\u012bg\u0101 tum\u0161\u0101, augstas veiktsp\u0113jas apdare, kas piln\u012bb\u0101 saskan ar KMR L-02 Umbra premium taktisko izskatu.<\/li>\n<li><strong>Regul\u0113jama orient\u0101cija:<\/strong> Veidots vieglai uzst\u0101d\u012b\u0161anai, koncentr\u0113joties uz gludu, bezaiz\u0137eres kust\u012bbu r\u0101m\u012b.<\/li>\n<li><strong>OEM atbilst\u012bba:<\/strong> Ori\u0123in\u0101ls KMR komponents, nodro\u0161inot, ka magaz\u012bna ir novietota prec\u012bz\u0101 augstum\u0101, lai nodro\u0161in\u0101tu nevainojamu padevi un konsekventi fiks\u0101ciju.<\/li>\n<\/ul>\n<h3>Maksim\u0101la uzticam\u012bba zem slodzes<\/h3>\n<p>KMR Magazine Catch 28 iek\u0161\u0113j\u0101 \u0123eometrija ir prec\u012bzi apstr\u0101d\u0101ta, lai nodro\u0161in\u0101tu pozit\u012bvu &#8220;klik\u0161\u0137i&#8221; un t\u016bl\u012bt\u0113ju atbr\u012bvo\u0161anu. At\u0161\u0137ir\u012bb\u0101 no standarta magaz\u012bnu aizturiem, kas var \u0161\u0137ist m\u012bksti vai prasa p\u0101rm\u0113r\u012bgu sp\u0113ku, \u0161\u012b vien\u012bba pied\u0101v\u0101 taktilu, meh\u0101nisku reakciju, kas sniedz \u0161\u0101v\u0113jam piln\u012bgu p\u0101rliec\u012bbu, ka magaz\u012bna ir veiksm\u012bgi izkritusi.<\/p>\n<h3>Galvenie ieguvumi:<\/h3>\n<ul>\n<li><strong>\u0100tr\u0101ka p\u0101rl\u0101de:<\/strong> Pagarin\u0101t\u0101 un papla\u0161in\u0101t\u0101 virsmas laukuma d\u0113\u013c atbr\u012bvot\u0101ja atra\u0161ana ir instinkt\u012bva un vienk\u0101r\u0161a.<\/li>\n<li><strong>Dro\u0161as magaz\u012bnas fiks\u0101cija:<\/strong> Veidots, lai notur\u0113tu magaz\u012bnu stingri viet\u0101, pretojoties strauj\u0101s uguns un kust\u012bbas stresiem.<\/li>\n<li><strong>Uzlabota kontrole:<\/strong> Samazina vajadz\u012bbu &#8220;lauzt&#8221; galveno satv\u0113rumu, lai piek\u013c\u016btu pogu, \u013caujot \u0101tr\u0101k ieg\u016bt m\u0113r\u0137i p\u0113c p\u0101rl\u0101des.<\/li>\n<li><strong>Sacens\u012bb\u0101m atbilsto\u0161s:<\/strong> Veidots, lai atbilstu liel\u0101kajai da\u013cai ra\u017eo\u0161anas un standarta noda\u013cas apr\u012bkojuma noteikumu, vienlaikus pied\u0101v\u0101jot b\u016btisku ergonomisku priek\u0161roc\u012bbu.<\/li>\n<\/ul>\n","protected":false},"excerpt":{"rendered":"<p>1100-01202-0900<\/p>\n","protected":false},"featured_media":25755,"template":"","meta":{"_acf_changed":false},"product_brand":[11512],"product_cat":[13777],"product_tag":[],"class_list":{"0":"post-692192","1":"product","2":"type-product","3":"status-publish","4":"has-post-thumbnail","6":"product_brand-kmr-precision","7":"product_cat-kmr-detalas","9":"first","10":"instock","11":"taxable","12":"shipping-taxable","13":"product-type-simple"},"acf":[],"_links":{"self":[{"href":"https:\/\/nbg.eu\/lv\/wp-json\/wp\/v2\/product\/692192","targetHints":{"allow":["GET"]}}],"collection":[{"href":"https:\/\/nbg.eu\/lv\/wp-json\/wp\/v2\/product"}],"about":[{"href":"https:\/\/nbg.eu\/lv\/wp-json\/wp\/v2\/types\/product"}],"wp:featuredmedia":[{"embeddable":true,"href":"https:\/\/nbg.eu\/lv\/wp-json\/wp\/v2\/media\/25755"}],"wp:attachment":[{"href":"https:\/\/nbg.eu\/lv\/wp-json\/wp\/v2\/media?parent=692192"}],"wp:term":[{"taxonomy":"product_brand","embeddable":true,"href":"https:\/\/nbg.eu\/lv\/wp-json\/wp\/v2\/product_brand?post=692192"},{"taxonomy":"product_cat","embeddable":true,"href":"https:\/\/nbg.eu\/lv\/wp-json\/wp\/v2\/product_cat?post=692192"},{"taxonomy":"product_tag","embeddable":true,"href":"https:\/\/nbg.eu\/lv\/wp-json\/wp\/v2\/product_tag?post=692192"}],"curies":[{"name":"wp","href":"https:\/\/api.w.org\/{rel}","templated":true}]}}