{"id":692216,"date":"2024-08-17T18:04:12","date_gmt":"2024-08-17T15:04:12","guid":{"rendered":"https:\/\/nbg.eu\/product\/magazine-catch-spring-kmr\/"},"modified":"2026-04-16T17:51:46","modified_gmt":"2026-04-16T14:51:46","slug":"magazine-catch-spring-kmr","status":"publish","type":"product","link":"https:\/\/nbg.eu\/lv\/product\/magazine-catch-spring-kmr\/","title":{"rendered":"KMR Aptveres Aizvara Atspere"},"content":{"rendered":"<h2>Magaz\u012bnas Catch Spring KMR<\/h2>\n<p>Veidots, iev\u0113rojot precizit\u0101ti un iztur\u012bbu, Magaz\u012bnas Catch Spring nodro\u0161ina dro\u0161u un uzticamu magaz\u012bnas atbr\u012bvo\u0161anu, sniedzot vienk\u0101r\u0161u un efekt\u012bvu pieredzi iero\u010diem lietot\u0101jiem. T\u0101 iztur\u012bg\u0101 konstrukcija un uzticam\u0101s veiktsp\u0113jas padara to par b\u016btisku papildin\u0101jumu, lai uztur\u0113tu J\u016bsu Weapons KMR platformas funkcionalit\u0101ti un sniegumu.<\/p>\n<p>Magaz\u012bnas Catch Spring KMR ir univers\u0101ls un b\u016btisks piederums pla\u0161am Weapons KMR mode\u013cu kl\u0101stam. Tas ir izstr\u0101d\u0101ts, lai nodro\u0161in\u0101tu dro\u0161u un uzticamu magaz\u012bnas aizturi.<\/p>\n<p>Priek\u0161 Weapons KMR:<\/p>\n<p>KMR L-02 EMIQ<\/p>\n<p>KMR L-02 EMIQ (OR)<\/p>\n<p>KMR L-02 ORCA NO 2024<\/p>\n<p>KMR L-02 ORCA L\u012aDZ 2023<\/p>\n<p>KMR L-02 SPECTRA NO 2024<\/p>\n<p>KMR L-02 SPECTRA L\u012aDZ 2023<\/p>\n<p>KMR L-02 UMBRA (OR) SR<\/p>\n<p>KMR S-02 NO 2024<\/p>\n<p>KMR S-02 L\u012aDZ 2023<\/p>\n<p>KMR W-02 CUDA (OR)<\/p>\n<p>KMR W-02 UMBRA<\/p>\n<p>KMR W-02 UMBRA (OR)<\/p>\n","protected":false},"excerpt":{"rendered":"<p>\u0160\u0101vi\u0146u uzglab\u0101\u0161anas makulat\u016bra KMR s\u0113rijas iero\u010diem.<\/p>\n","protected":false},"featured_media":24855,"template":"","meta":{"_acf_changed":false},"product_brand":[11512],"product_cat":[13795,13777],"product_tag":[],"class_list":{"0":"post-692216","1":"product","2":"type-product","3":"status-publish","4":"has-post-thumbnail","6":"product_brand-kmr-precision","7":"product_cat-atsperes","8":"product_cat-kmr-detalas","10":"first","11":"instock","12":"taxable","13":"shipping-taxable","14":"product-type-simple"},"acf":[],"_links":{"self":[{"href":"https:\/\/nbg.eu\/lv\/wp-json\/wp\/v2\/product\/692216","targetHints":{"allow":["GET"]}}],"collection":[{"href":"https:\/\/nbg.eu\/lv\/wp-json\/wp\/v2\/product"}],"about":[{"href":"https:\/\/nbg.eu\/lv\/wp-json\/wp\/v2\/types\/product"}],"wp:featuredmedia":[{"embeddable":true,"href":"https:\/\/nbg.eu\/lv\/wp-json\/wp\/v2\/media\/24855"}],"wp:attachment":[{"href":"https:\/\/nbg.eu\/lv\/wp-json\/wp\/v2\/media?parent=692216"}],"wp:term":[{"taxonomy":"product_brand","embeddable":true,"href":"https:\/\/nbg.eu\/lv\/wp-json\/wp\/v2\/product_brand?post=692216"},{"taxonomy":"product_cat","embeddable":true,"href":"https:\/\/nbg.eu\/lv\/wp-json\/wp\/v2\/product_cat?post=692216"},{"taxonomy":"product_tag","embeddable":true,"href":"https:\/\/nbg.eu\/lv\/wp-json\/wp\/v2\/product_tag?post=692216"}],"curies":[{"name":"wp","href":"https:\/\/api.w.org\/{rel}","templated":true}]}}