{"id":692247,"date":"2024-08-18T11:19:07","date_gmt":"2024-08-18T08:19:07","guid":{"rendered":"https:\/\/nbg.eu\/product\/magazine-catch-spring-screw-kmr\/"},"modified":"2026-04-16T17:50:52","modified_gmt":"2026-04-16T14:50:52","slug":"magazine-catch-spring-screw-kmr","status":"publish","type":"product","link":"https:\/\/nbg.eu\/lv\/product\/magazine-catch-spring-screw-kmr\/","title":{"rendered":"KMR Aptveres Aizvara Atsperes Skr\u016bve"},"content":{"rendered":"<h2>Uzticams magaz\u012bnas uztveres pavasara skr\u016bve<\/h2>\n<p>Magaz\u012bnas uztveres pavasara skr\u016bve KMR ir b\u016btiska komponente da\u017e\u0101du ra\u017eot\u0101ju iero\u010du sist\u0113m\u0101m.<\/p>\n<p>Ra\u017eots augst\u0101kajiem standartiem, \u0161\u012b skr\u016bve ir ide\u0101la izv\u0113le gan iero\u010duentuziasti, gan profesion\u0101\u013ciem. T\u0101s iztur\u012bg\u0101 konstrukcija un r\u016bp\u012bga izstr\u0101de padara to par neaizst\u0101jamu aksesu\u0101ru jebkurai labi apr\u012bkotai bru\u0146uistabai.<\/p>\n<p>Iero\u010diem KMR:<\/p>\n<p>KMR L-02 EMIQ<\/p>\n<p>KMR L-02 EMIQ (OR)<\/p>\n<p>KMR L-02 ORCA NO 2024. GADA<\/p>\n<p>KMR L-02 ORCA L\u012aDZ 2023. GADAM<\/p>\n<p>KMR L-02 SPECTRA NO 2024. GADA<\/p>\n<p>KMR L-02 SPECTRA L\u012aDZ 2023. GADAM<\/p>\n<p>KMR L-02 UMBRA (OR) SR<\/p>\n<p>KMR S-01 LANCE (OR)<\/p>\n<p>KMR S-02 NO 2024. GADA<\/p>\n<p>KMR S-02 L\u012aDZ 2023. GADAM<\/p>\n<p>KMR W-02 CUDA (OR)<\/p>\n<p>KMR W-02 UMBRA<\/p>\n<p>KMR W-02 UMBRA (OR).<\/p>\n","protected":false},"excerpt":{"rendered":"<p>Iero\u010du KMR pavasara skr\u016bve \u017eurn\u0101lam.<\/p>\n","protected":false},"featured_media":25501,"template":"","meta":{"_acf_changed":false},"product_brand":[11512],"product_cat":[13795,13777],"product_tag":[],"class_list":{"0":"post-692247","1":"product","2":"type-product","3":"status-publish","4":"has-post-thumbnail","6":"product_brand-kmr-precision","7":"product_cat-atsperes","8":"product_cat-kmr-detalas","10":"first","11":"instock","12":"taxable","13":"shipping-taxable","14":"product-type-simple"},"acf":[],"_links":{"self":[{"href":"https:\/\/nbg.eu\/lv\/wp-json\/wp\/v2\/product\/692247","targetHints":{"allow":["GET"]}}],"collection":[{"href":"https:\/\/nbg.eu\/lv\/wp-json\/wp\/v2\/product"}],"about":[{"href":"https:\/\/nbg.eu\/lv\/wp-json\/wp\/v2\/types\/product"}],"wp:featuredmedia":[{"embeddable":true,"href":"https:\/\/nbg.eu\/lv\/wp-json\/wp\/v2\/media\/25501"}],"wp:attachment":[{"href":"https:\/\/nbg.eu\/lv\/wp-json\/wp\/v2\/media?parent=692247"}],"wp:term":[{"taxonomy":"product_brand","embeddable":true,"href":"https:\/\/nbg.eu\/lv\/wp-json\/wp\/v2\/product_brand?post=692247"},{"taxonomy":"product_cat","embeddable":true,"href":"https:\/\/nbg.eu\/lv\/wp-json\/wp\/v2\/product_cat?post=692247"},{"taxonomy":"product_tag","embeddable":true,"href":"https:\/\/nbg.eu\/lv\/wp-json\/wp\/v2\/product_tag?post=692247"}],"curies":[{"name":"wp","href":"https:\/\/api.w.org\/{rel}","templated":true}]}}