{"id":692268,"date":"2024-08-17T15:08:24","date_gmt":"2024-08-17T12:08:24","guid":{"rendered":"https:\/\/nbg.eu\/product\/magazine-catch-pin-kmr-s\/"},"modified":"2026-04-16T17:52:55","modified_gmt":"2026-04-16T14:52:55","slug":"magazine-catch-pin-kmr-s","status":"publish","type":"product","link":"https:\/\/nbg.eu\/lv\/product\/magazine-catch-pin-kmr-s\/","title":{"rendered":"KMR Aptveres Aizvara Tapa S"},"content":{"rendered":"<h2>Dro\u0161s \u017eurn\u0101la uztur\u0113\u0161ana J\u016bsu KMR-S pistolei<\/h2>\n<p>Nodro\u0161iniet uzticamu \u017eurn\u0101la darb\u012bbu ar prec\u012bzi izgatavoto \u017durn\u0101la aiztures skavas tapu J\u016bsu KMR-S (S s\u0113rijas) pistolei. Izgatavota no r\u016bd\u012bta t\u0113rauda un ar iztur\u012bgu, notur\u012bgu pret nodilumu apdari, \u0161is komponents darbojas k\u0101 iek\u0161\u0113jais enkurs J\u016bsu \u017eurn\u0101la aiztures mezglam, garant\u0113jot konsekventa sprieguma uztur\u0113\u0161anu uz \u017eurn\u0101la atbr\u012bvo\u0161anas pogas un nov\u0113r\u0161ot aizturi no nob\u012bdes vai atteices da\u017e\u0101du \u0161\u0101vienu vibr\u0101cijas iedarb\u012bb\u0101.<\/p>\n<p>Konstru\u0113ta ide\u0101lai piem\u0113rot\u012bbai KMR S s\u0113rijas r\u0101mjiem, \u017durn\u0101la aiztures tapa nodro\u0161ina dro\u0161u ievieto\u0161anu un gludo \u017eurn\u0101lu izsvie\u0161anu pat vissmag\u0101kajos \u0161au\u0161anas sesiju laik\u0101. Pa\u013caujieties uz \u0161o b\u016btisko aparat\u016bras uzlabojumu, lai J\u016bsu \u017eurn\u0101la atbr\u012bvo\u0161anas sist\u0113ma darbotos vislab\u0101k, t\u0101 ka J\u016bs varat koncentr\u0113ties uzdevumam bez satraukuma par \u017eurn\u0101lam saist\u012bt\u0101m darb\u012bbas trauc\u0113jum\u0101m.<\/p>\n","protected":false},"excerpt":{"rendered":"<p>Prec\u012bzi apstr\u0101d\u0101ta t\u0113rauda \u0161\u0137\u012bvja satver\u0161anas tapas gludai, dro\u0161ai KMR-S pistoles k\u0101rtrid\u017eu l\u0101d\u0113\u0161anai.<\/p>\n","protected":false},"featured_media":23972,"template":"","meta":{"_acf_changed":false},"product_brand":[11512],"product_cat":[13777],"product_tag":[],"class_list":{"0":"post-692268","1":"product","2":"type-product","3":"status-publish","4":"has-post-thumbnail","6":"product_brand-kmr-precision","7":"product_cat-kmr-detalas","9":"first","10":"instock","11":"taxable","12":"shipping-taxable","13":"product-type-simple"},"acf":[],"_links":{"self":[{"href":"https:\/\/nbg.eu\/lv\/wp-json\/wp\/v2\/product\/692268","targetHints":{"allow":["GET"]}}],"collection":[{"href":"https:\/\/nbg.eu\/lv\/wp-json\/wp\/v2\/product"}],"about":[{"href":"https:\/\/nbg.eu\/lv\/wp-json\/wp\/v2\/types\/product"}],"wp:featuredmedia":[{"embeddable":true,"href":"https:\/\/nbg.eu\/lv\/wp-json\/wp\/v2\/media\/23972"}],"wp:attachment":[{"href":"https:\/\/nbg.eu\/lv\/wp-json\/wp\/v2\/media?parent=692268"}],"wp:term":[{"taxonomy":"product_brand","embeddable":true,"href":"https:\/\/nbg.eu\/lv\/wp-json\/wp\/v2\/product_brand?post=692268"},{"taxonomy":"product_cat","embeddable":true,"href":"https:\/\/nbg.eu\/lv\/wp-json\/wp\/v2\/product_cat?post=692268"},{"taxonomy":"product_tag","embeddable":true,"href":"https:\/\/nbg.eu\/lv\/wp-json\/wp\/v2\/product_tag?post=692268"}],"curies":[{"name":"wp","href":"https:\/\/api.w.org\/{rel}","templated":true}]}}