{"id":692290,"date":"2025-05-21T16:01:25","date_gmt":"2025-05-21T13:01:25","guid":{"rendered":"https:\/\/nbg.eu\/product\/magazine-kmr-l-02-orca-cal-9x19-19-rnds\/"},"modified":"2026-04-16T17:47:18","modified_gmt":"2026-04-16T14:47:18","slug":"magazine-kmr-l-02-orca-cal-9x19-19-rnds","status":"publish","type":"product","link":"https:\/\/nbg.eu\/lv\/product\/magazine-kmr-l-02-orca-cal-9x19-19-rnds\/","title":{"rendered":"KMR Aptvere L-02 ORCA 9&#215;19 19 Patr."},"content":{"rendered":"<h2>\u017dURN\u0100LS KMR L-02 ORCA kal. 9&#215;19 19 patronas<\/h2>\n<p>Uzlabojiet sava KMR L-02 ORCA pistoles veiktsp\u0113ju ar \u0161o lieljaudas magaz\u012bnu. T\u0101 ietver 19 patronas 9x19mm mun\u012bcijas, nodro\u0161inot uzticamu padevi un gludo darb\u012bbu, padarot to par ide\u0101lu papildin\u0101jumu j\u016bsu iero\u010dam. \u0160\u012b magaz\u012bna ir sader\u012bga ar KMR L-02 EMIQ un EMIQ (OR) mode\u013ciem, un t\u0101 ir \u012bpa\u0161i nepiecie\u0161ama tiem, kas mekl\u0113 palielin\u0101tu ietilp\u012bbu un uzlabotu funkcionalit\u0101ti.<\/p>\n<p>Da\u013cas numurs: 1152-02402-0001<\/p>\n<p>Sader\u012bgi ar:<\/p>\n<ul>\n<li>KMR L-02 EMIQ<\/li>\n<li>KMR L-02 EMIQ (OR)<\/li>\n<li>KMR L-02 ORCA L\u012aDZ 2023. GADAM<\/li>\n<\/ul>\n","protected":false},"excerpt":{"rendered":"<p>Augstas jaudas 19 patronu magaz\u012bna ORCA 9&#215;19 pistol\u0113m. Uzticama padeve un gluda darb\u012bba.<\/p>\n","protected":false},"featured_media":365245,"template":"","meta":{"_acf_changed":false},"product_brand":[11512],"product_cat":[13777,13773],"product_tag":[],"class_list":{"0":"post-692290","1":"product","2":"type-product","3":"status-publish","4":"has-post-thumbnail","6":"product_brand-kmr-precision","7":"product_cat-kmr-detalas","8":"product_cat-pistoles-detalas","10":"first","11":"instock","12":"taxable","13":"shipping-taxable","14":"purchasable","15":"product-type-simple"},"acf":[],"_links":{"self":[{"href":"https:\/\/nbg.eu\/lv\/wp-json\/wp\/v2\/product\/692290","targetHints":{"allow":["GET"]}}],"collection":[{"href":"https:\/\/nbg.eu\/lv\/wp-json\/wp\/v2\/product"}],"about":[{"href":"https:\/\/nbg.eu\/lv\/wp-json\/wp\/v2\/types\/product"}],"wp:featuredmedia":[{"embeddable":true,"href":"https:\/\/nbg.eu\/lv\/wp-json\/wp\/v2\/media\/365245"}],"wp:attachment":[{"href":"https:\/\/nbg.eu\/lv\/wp-json\/wp\/v2\/media?parent=692290"}],"wp:term":[{"taxonomy":"product_brand","embeddable":true,"href":"https:\/\/nbg.eu\/lv\/wp-json\/wp\/v2\/product_brand?post=692290"},{"taxonomy":"product_cat","embeddable":true,"href":"https:\/\/nbg.eu\/lv\/wp-json\/wp\/v2\/product_cat?post=692290"},{"taxonomy":"product_tag","embeddable":true,"href":"https:\/\/nbg.eu\/lv\/wp-json\/wp\/v2\/product_tag?post=692290"}],"curies":[{"name":"wp","href":"https:\/\/api.w.org\/{rel}","templated":true}]}}