{"id":692329,"date":"2025-05-20T23:13:22","date_gmt":"2025-05-20T20:13:22","guid":{"rendered":"https:\/\/nbg.eu\/product\/magazine-mec-gar-cal-9x19-17-rnds\/"},"modified":"2026-04-16T17:47:22","modified_gmt":"2026-04-16T14:47:22","slug":"magazine-mec-gar-cal-9x19-17-rnds","status":"publish","type":"product","link":"https:\/\/nbg.eu\/lv\/product\/magazine-mec-gar-cal-9x19-17-rnds\/","title":{"rendered":"KMR Aptvere MEC-GAR 9&#215;19 17 Patr."},"content":{"rendered":"<h2>MAGAZINE MEC-GAR cal. 9&#215;19 17 rnds<\/h2>\n<p>Atsauce: 1152-01901-0000<\/p>\n<p>Liela ietilp\u012bbas 17 patronu magaz\u012bna 9x19mm pistol\u0113m. Sader\u012bga ar da\u017e\u0101diem KMR mode\u013ciem, tostarp SPECTRA, UMBRA un CUDA (2023. un 2024. gada versijas). T\u0101pat der CZ SHADOW 1, SHADOW 2 un SP-01 pistol\u0113m. Uzticama padeve un iztur\u012bga konstrukcija nodro\u0161ina optim\u0101lu sniegumu j\u016bsu \u0161aujamierocim.<\/p>\n","protected":false},"excerpt":{"rendered":"<p>Liela ietilp\u012bba 9mm \u0161\u0101vi\u0146\u0161 pistol\u0113m KMR un CZ. 17 l\u0101di\u0146i.<\/p>\n","protected":false},"featured_media":365193,"template":"","meta":{"_acf_changed":false},"product_brand":[11512],"product_cat":[13777,13773],"product_tag":[],"class_list":{"0":"post-692329","1":"product","2":"type-product","3":"status-publish","4":"has-post-thumbnail","6":"product_brand-kmr-precision","7":"product_cat-kmr-detalas","8":"product_cat-pistoles-detalas","10":"first","11":"instock","12":"taxable","13":"shipping-taxable","14":"purchasable","15":"product-type-simple"},"acf":[],"_links":{"self":[{"href":"https:\/\/nbg.eu\/lv\/wp-json\/wp\/v2\/product\/692329","targetHints":{"allow":["GET"]}}],"collection":[{"href":"https:\/\/nbg.eu\/lv\/wp-json\/wp\/v2\/product"}],"about":[{"href":"https:\/\/nbg.eu\/lv\/wp-json\/wp\/v2\/types\/product"}],"wp:featuredmedia":[{"embeddable":true,"href":"https:\/\/nbg.eu\/lv\/wp-json\/wp\/v2\/media\/365193"}],"wp:attachment":[{"href":"https:\/\/nbg.eu\/lv\/wp-json\/wp\/v2\/media?parent=692329"}],"wp:term":[{"taxonomy":"product_brand","embeddable":true,"href":"https:\/\/nbg.eu\/lv\/wp-json\/wp\/v2\/product_brand?post=692329"},{"taxonomy":"product_cat","embeddable":true,"href":"https:\/\/nbg.eu\/lv\/wp-json\/wp\/v2\/product_cat?post=692329"},{"taxonomy":"product_tag","embeddable":true,"href":"https:\/\/nbg.eu\/lv\/wp-json\/wp\/v2\/product_tag?post=692329"}],"curies":[{"name":"wp","href":"https:\/\/api.w.org\/{rel}","templated":true}]}}