{"id":692355,"date":"2024-08-18T11:13:19","date_gmt":"2024-08-18T08:13:19","guid":{"rendered":"https:\/\/nbg.eu\/product\/magwell-screw-m4x8-din-915-kmr\/"},"modified":"2026-04-16T17:51:04","modified_gmt":"2026-04-16T14:51:04","slug":"magwell-screw-m4x8-din-915-kmr","status":"publish","type":"product","link":"https:\/\/nbg.eu\/lv\/product\/magwell-screw-m4x8-din-915-kmr\/","title":{"rendered":"KMR Magwell Skr\u016bve M4x8 DIN 915"},"content":{"rendered":"<h2>Magwell Skr\u016bve M4X8 Din 915 KMR &#8211; Dro\u0161as iero\u010du pievieno\u0161anas ier\u012bces KMR mode\u013ciem<\/h2>\n<p>Magwell skr\u016bve ir b\u016btisks komponents, lai dro\u0161i pievienotu piederumus un pievienojumus j\u016bsu KMR iero\u010du sist\u0113m\u0101m.<\/p>\n<p>Izgatavots no augstas kvalit\u0101tes materi\u0101liem un konstru\u0113ts, lai iztur\u0113tu taktisk\u0101s lieto\u0161anas p\u0101rbaudes, Magwell skr\u016bve nodro\u0161ina cie\u0161u un dro\u0161u savienojumu, nov\u0113r\u0161ot j\u016bsu pievienojumu atbr\u012bvo\u0161anos vai atvieno\u0161anos darb\u012bbas laik\u0101. T\u0101s M4x8 Din 915 v\u012btne nodro\u0161ina iztur\u012bgu un uzticamu savienojumu, \u013caujot jums dro\u0161i uzst\u0101d\u012bt t\u0113mek\u013cus, l\u0101zerus, gaismek\u013cus un citu b\u016btisko apr\u012bkojumu j\u016bsu KMR platformai.<\/p>\n<p>Magwell skr\u016bve ir neaizst\u0101jams piederums, lai uzlabotu j\u016bsu iero\u010du sist\u0113mas funkcionalit\u0101ti un piel\u0101go\u0161anu. Nodro\u0161iniet, ka j\u016bsu pievienojumi paliek stingri sav\u0101 viet\u0101 un uzturiet optim\u0101lu veiktsp\u0113ju ar \u0161o uzticamo un iztur\u012bgo skr\u016bvi.<\/p>\n","protected":false},"excerpt":{"rendered":"<p>Magvela skr\u016bve M4x8 Din 915 priek\u0161 KMR L-02 EMIQ, ORCA mode\u013ciem.<\/p>\n","protected":false},"featured_media":25431,"template":"","meta":{"_acf_changed":false},"product_brand":[11512],"product_cat":[14991,13797,13773],"product_tag":[],"class_list":{"0":"post-692355","1":"product","2":"type-product","3":"status-publish","4":"has-post-thumbnail","6":"product_brand-kmr-precision","7":"product_cat-pistol-magwells-lv","8":"product_cat-pistole","9":"product_cat-pistoles-detalas","11":"first","12":"instock","13":"taxable","14":"shipping-taxable","15":"product-type-simple"},"acf":[],"_links":{"self":[{"href":"https:\/\/nbg.eu\/lv\/wp-json\/wp\/v2\/product\/692355","targetHints":{"allow":["GET"]}}],"collection":[{"href":"https:\/\/nbg.eu\/lv\/wp-json\/wp\/v2\/product"}],"about":[{"href":"https:\/\/nbg.eu\/lv\/wp-json\/wp\/v2\/types\/product"}],"wp:featuredmedia":[{"embeddable":true,"href":"https:\/\/nbg.eu\/lv\/wp-json\/wp\/v2\/media\/25431"}],"wp:attachment":[{"href":"https:\/\/nbg.eu\/lv\/wp-json\/wp\/v2\/media?parent=692355"}],"wp:term":[{"taxonomy":"product_brand","embeddable":true,"href":"https:\/\/nbg.eu\/lv\/wp-json\/wp\/v2\/product_brand?post=692355"},{"taxonomy":"product_cat","embeddable":true,"href":"https:\/\/nbg.eu\/lv\/wp-json\/wp\/v2\/product_cat?post=692355"},{"taxonomy":"product_tag","embeddable":true,"href":"https:\/\/nbg.eu\/lv\/wp-json\/wp\/v2\/product_tag?post=692355"}],"curies":[{"name":"wp","href":"https:\/\/api.w.org\/{rel}","templated":true}]}}