{"id":692371,"date":"2024-08-17T15:42:34","date_gmt":"2024-08-17T12:42:34","guid":{"rendered":"https:\/\/nbg.eu\/product\/magwell-kmr-l-02-alu-brass\/"},"modified":"2026-04-16T17:52:24","modified_gmt":"2026-04-16T14:52:24","slug":"magwell-kmr-l-02-alu-brass","status":"publish","type":"product","link":"https:\/\/nbg.eu\/lv\/product\/magwell-kmr-l-02-alu-brass\/","title":{"rendered":"KMR Magwell L-02 Misi\u0146\u0161"},"content":{"rendered":"<h2>Magwell KMR L-02 Brass: Prec\u012bza iero\u010da uzlabojums KMR platform\u0101m<\/h2>\n<p>Iepaz\u012bstin\u0101m ar Magwell KMR L-02 Brass, pr\u0113miju produktu, kas rad\u012bts, lai uzlabotu j\u016bsu KMR-sader\u012bgu iero\u010du veiktsp\u0113ju un funkcionalit\u0101ti. Izgatavots ar precizit\u0101ti un detaliz\u0101ciju, \u0161is misi\u0146a komponents ir konstru\u0113ts, lai vienm\u0113r\u012bgi integr\u0113tos ar j\u016bsu KMR platformu, nodro\u0161inot gl\u012btu un notur\u012bgu uzlabojumu.<\/p>\n<p>Izgatavots no augstas kvalit\u0101tes misi\u0146a materi\u0101liem, Magwell KMR L-02 Brass nodro\u0161ina izcilu notur\u012bbu un pr\u0113mija izskatu, kas uzlabos j\u016bsu iero\u010da izskatu. T\u0101 gl\u012bt\u0101 konstrukcija un vienm\u0113r\u012bg\u0101 integr\u0101cija nodro\u0161ina vienk\u0101r\u0161u un netrauc\u0113jo\u0161u uzlabojumu, \u013caujot uztur\u0113t veiktsp\u0113ju un apstr\u0101des \u012bpa\u0161\u012bbas, kuras esat iem\u0101c\u012bjies gaid\u012bt no sava KMR platformas.<\/p>\n<p>Iero\u010diem KMR<\/p>\n<p>KMR L-02 EMIQ<\/p>\n<p>KMR L-02 EMIQ (OR)<\/p>\n<p>KMR L-02 ORCA L\u012aDZ 2023<\/p>\n<p>KMR L-02 SPECTRA L\u012aDZ 2023<\/p>\n<p>Atsauce 0531-01101-0316<\/p>\n","protected":false},"excerpt":{"rendered":"<p>Magwell KMR L-02 Brass priek\u0161 Iero\u010diem KMR<\/p>\n","protected":false},"featured_media":720253,"template":"","meta":{"_acf_changed":false},"product_brand":[11512],"product_cat":[14991,13797,13773],"product_tag":[],"class_list":{"0":"post-692371","1":"product","2":"type-product","3":"status-publish","4":"has-post-thumbnail","6":"product_brand-kmr-precision","7":"product_cat-pistol-magwells-lv","8":"product_cat-pistole","9":"product_cat-pistoles-detalas","11":"first","12":"outofstock","13":"taxable","14":"shipping-taxable","15":"product-type-simple"},"acf":[],"_links":{"self":[{"href":"https:\/\/nbg.eu\/lv\/wp-json\/wp\/v2\/product\/692371","targetHints":{"allow":["GET"]}}],"collection":[{"href":"https:\/\/nbg.eu\/lv\/wp-json\/wp\/v2\/product"}],"about":[{"href":"https:\/\/nbg.eu\/lv\/wp-json\/wp\/v2\/types\/product"}],"wp:featuredmedia":[{"embeddable":true,"href":"https:\/\/nbg.eu\/lv\/wp-json\/wp\/v2\/media\/720253"}],"wp:attachment":[{"href":"https:\/\/nbg.eu\/lv\/wp-json\/wp\/v2\/media?parent=692371"}],"wp:term":[{"taxonomy":"product_brand","embeddable":true,"href":"https:\/\/nbg.eu\/lv\/wp-json\/wp\/v2\/product_brand?post=692371"},{"taxonomy":"product_cat","embeddable":true,"href":"https:\/\/nbg.eu\/lv\/wp-json\/wp\/v2\/product_cat?post=692371"},{"taxonomy":"product_tag","embeddable":true,"href":"https:\/\/nbg.eu\/lv\/wp-json\/wp\/v2\/product_tag?post=692371"}],"curies":[{"name":"wp","href":"https:\/\/api.w.org\/{rel}","templated":true}]}}