{"id":692401,"date":"2024-08-18T11:19:05","date_gmt":"2024-08-18T08:19:05","guid":{"rendered":"https:\/\/nbg.eu\/product\/mag-release-button-screw-m3x6-iso-14581-kmr\/"},"modified":"2026-04-16T17:50:56","modified_gmt":"2026-04-16T14:50:56","slug":"mag-release-button-screw-m3x6-iso-14581-kmr","status":"publish","type":"product","link":"https:\/\/nbg.eu\/lv\/product\/mag-release-button-screw-m3x6-iso-14581-kmr\/","title":{"rendered":"KMR Aptveres Pogas Skr\u016bve M3x6 ISO 14581"},"content":{"rendered":"<h2>Mag atbr\u012bvo\u0161anas pogas skr\u016bve M3X6 Iso 14581 KMR<\/h2>\n<p>\u0160\u012b Mag atbr\u012bvo\u0161anas pogas skr\u016bve M3X6 Iso 14581 ir b\u016btiska komponente pla\u0161am KMR iero\u010diem. Izgatavota, lai atbilstu ISO 14581 standartiem, \u0161\u012b skr\u016bve nodro\u0161ina dro\u0161u un uzticamu savienojumu mag atbr\u012bvo\u0161anas pogai, \u013caujot veikt bezprobl\u0113miskas iero\u010du darb\u012bbas un apkopi. Ar M3x6 izm\u0113ru, \u0161is piederums ir oblig\u0101ti nepiecie\u0161ams ikvienam, kas apkopj vai moderniz\u0113 savu KMR-sader\u012bgos iero\u010di.<\/p>\n<\/p>\n<p>Iero\u010di KMR<\/p>\n<\/p>\n<p>KMR L-02 EMIQ<\/p>\n<\/p>\n<p>KMR L-02 EMIQ (OR)<\/p>\n<\/p>\n<p>KMR L-02 ORCA NO 2024<\/p>\n<\/p>\n<p>KMR L-02 ORCA L\u012aDZ 2023<\/p>\n<\/p>\n<p>KMR L-02 SPECTRA NO 2024<\/p>\n<\/p>\n<p>KMR L-02 SPECTRA L\u012aDZ 2023<\/p>\n<\/p>\n<p>KMR L-02 UMBRA (OR) SR<\/p>\n<\/p>\n<p>KMR S-01 LANCE (OR)<\/p>\n<\/p>\n<p>KMR S-02 NO 2024<\/p>\n<\/p>\n<p>KMR S-02 L\u012aDZ 2023<\/p>\n<\/p>\n<p>KMR W-02 CUDA (OR)<\/p>\n<\/p>\n<p>KMR W-02 UMBRA<\/p>\n<\/p>\n<p>KMR W-02 UMBRA (OR<\/p>\n","protected":false},"excerpt":{"rendered":"<p>Magn\u0113tisk\u0101 atbr\u012bvo\u0161anas pogas skr\u016bve M3X6 Iso 14581 KMR da\u017e\u0101diem KMR iero\u010diem.<\/p>\n","protected":false},"featured_media":25478,"template":"","meta":{"_acf_changed":false},"product_brand":[11512],"product_cat":[13777],"product_tag":[],"class_list":{"0":"post-692401","1":"product","2":"type-product","3":"status-publish","4":"has-post-thumbnail","6":"product_brand-kmr-precision","7":"product_cat-kmr-detalas","9":"first","10":"instock","11":"taxable","12":"shipping-taxable","13":"product-type-simple"},"acf":[],"_links":{"self":[{"href":"https:\/\/nbg.eu\/lv\/wp-json\/wp\/v2\/product\/692401","targetHints":{"allow":["GET"]}}],"collection":[{"href":"https:\/\/nbg.eu\/lv\/wp-json\/wp\/v2\/product"}],"about":[{"href":"https:\/\/nbg.eu\/lv\/wp-json\/wp\/v2\/types\/product"}],"wp:featuredmedia":[{"embeddable":true,"href":"https:\/\/nbg.eu\/lv\/wp-json\/wp\/v2\/media\/25478"}],"wp:attachment":[{"href":"https:\/\/nbg.eu\/lv\/wp-json\/wp\/v2\/media?parent=692401"}],"wp:term":[{"taxonomy":"product_brand","embeddable":true,"href":"https:\/\/nbg.eu\/lv\/wp-json\/wp\/v2\/product_brand?post=692401"},{"taxonomy":"product_cat","embeddable":true,"href":"https:\/\/nbg.eu\/lv\/wp-json\/wp\/v2\/product_cat?post=692401"},{"taxonomy":"product_tag","embeddable":true,"href":"https:\/\/nbg.eu\/lv\/wp-json\/wp\/v2\/product_tag?post=692401"}],"curies":[{"name":"wp","href":"https:\/\/api.w.org\/{rel}","templated":true}]}}