{"id":692412,"date":"2024-09-17T08:06:19","date_gmt":"2024-09-17T05:06:19","guid":{"rendered":"https:\/\/nbg.eu\/product\/main-spring-strut-kmr-l\/"},"modified":"2026-04-16T17:49:20","modified_gmt":"2026-04-16T14:49:20","slug":"main-spring-strut-kmr-l","status":"publish","type":"product","link":"https:\/\/nbg.eu\/lv\/product\/main-spring-strut-kmr-l\/","title":{"rendered":"KMR Galven\u0101s Atsperes Balsts L"},"content":{"rendered":"<h2>Galven\u0101 atsperu str\u016bta KMR L &#8211; uzticams piekares uzlabojums iero\u010diem KMR<\/h2>\n<p>Galven\u0101 atsperu str\u016bta KMR L ir augstas kvalit\u0101tes piekares komponents, kas izstr\u0101d\u0101ts, lai nodro\u0161in\u0101tu gludo un uzticamo braucienu iero\u010diem KMR platform\u0101m. Pateicoties iztur\u012bgai konstrukcijai un progres\u012bvai in\u017eeniertehnikai, \u0161\u012b str\u016bta ir b\u016btisks uzlabojums lietot\u0101jiem, kas mekl\u0113 uzlabotu veiktsp\u0113ju un stabilit\u0101ti.<\/p>\n<p>Prec\u012bza in\u017eeniertehnisk\u0101 izstr\u0101de: Izstr\u0101d\u0101ts ar precizit\u0101ti, Galven\u0101 atsperu str\u016bta KMR L nodro\u0161ina stabilu un uzticamu veiktsp\u0113ju, garant\u0113jot stabilu un kontrol\u0113tu braucienu pat vissmag\u0101kos apst\u0101k\u013cos. Str\u016btas progres\u012bvais dizains un augstas kvalit\u0101tes materi\u0101li to padara par iztur\u012bgu un ilgsto\u0161u risin\u0101jumu j\u016bsu iero\u010diem KMR platformai.<\/p>\n<\/p>\n<p>Iero\u010diem KMR\n<\/p>\n<p>KMR L-02 EMIQ\n<\/p>\n<p>KMR L-02 EMIQ (VAI)\n<\/p>\n<p>KMR L-02 ORCA NO 2024\n<\/p>\n<p>KMR L-02 ORCA L\u012aDZ 2023\n<\/p>\n<p>KMR L-02 SPECTRA NO 2024\n<\/p>\n<p>KMR L-02 SPECTRA L\u012aDZ 2023<\/p>\n","protected":false},"excerpt":{"rendered":"<p>Galvenais atsperes \u0161trops KMR L KMR-s\u0113rijas iero\u010diem<\/p>\n","protected":false},"featured_media":25593,"template":"","meta":{"_acf_changed":false},"product_brand":[11512],"product_cat":[13795,13777],"product_tag":[],"class_list":{"0":"post-692412","1":"product","2":"type-product","3":"status-publish","4":"has-post-thumbnail","6":"product_brand-kmr-precision","7":"product_cat-atsperes","8":"product_cat-kmr-detalas","10":"first","11":"instock","12":"taxable","13":"shipping-taxable","14":"product-type-simple"},"acf":[],"_links":{"self":[{"href":"https:\/\/nbg.eu\/lv\/wp-json\/wp\/v2\/product\/692412","targetHints":{"allow":["GET"]}}],"collection":[{"href":"https:\/\/nbg.eu\/lv\/wp-json\/wp\/v2\/product"}],"about":[{"href":"https:\/\/nbg.eu\/lv\/wp-json\/wp\/v2\/types\/product"}],"wp:featuredmedia":[{"embeddable":true,"href":"https:\/\/nbg.eu\/lv\/wp-json\/wp\/v2\/media\/25593"}],"wp:attachment":[{"href":"https:\/\/nbg.eu\/lv\/wp-json\/wp\/v2\/media?parent=692412"}],"wp:term":[{"taxonomy":"product_brand","embeddable":true,"href":"https:\/\/nbg.eu\/lv\/wp-json\/wp\/v2\/product_brand?post=692412"},{"taxonomy":"product_cat","embeddable":true,"href":"https:\/\/nbg.eu\/lv\/wp-json\/wp\/v2\/product_cat?post=692412"},{"taxonomy":"product_tag","embeddable":true,"href":"https:\/\/nbg.eu\/lv\/wp-json\/wp\/v2\/product_tag?post=692412"}],"curies":[{"name":"wp","href":"https:\/\/api.w.org\/{rel}","templated":true}]}}