{"id":692530,"date":"2024-08-18T12:21:09","date_gmt":"2024-08-18T09:21:09","guid":{"rendered":"https:\/\/nbg.eu\/product\/main-spring-plug-kmr\/"},"modified":"2026-04-16T17:50:14","modified_gmt":"2026-04-16T14:50:14","slug":"main-spring-plug-kmr","status":"publish","type":"product","link":"https:\/\/nbg.eu\/lv\/product\/main-spring-plug-kmr\/","title":{"rendered":"KMR Galven\u0101s Atsperes Aizb\u0101znis"},"content":{"rendered":"<h2>Galven\u0101s atsperes spraudnis KMR<\/h2>\n<p>Izgatavots ar precizit\u0101ti un r\u016bp\u012bbu, Galven\u0101s atsperes spraudnis KMR nodro\u0161ina vienm\u0113r\u012bgu darb\u012bbu un prec\u012bzu funkcionalit\u0101ti iero\u010da meh\u0101nismos. T\u0101 sader\u012bba ar pla\u0161u KMR mode\u013cu kl\u0101stu, gan no pa\u0161reiz\u0113j\u0101s, gan iepriek\u0161\u0113j\u0101m paaudz\u0113m, padara to par univers\u0101lu un b\u016btisku komponentu iero\u010du \u012bpa\u0161niekiem un apkopes speci\u0101listiem.<\/p>\n<p>Neatkar\u012bgi no t\u0101, vai j\u016bs veiciet moderniz\u0101ciju, apkopi vai komponenta nomai\u0146u sav\u0101 KMR apr\u012bkot\u0101 ieroc\u012b, Galven\u0101s atsperes spraudnis KMR ir kritiski svar\u012bga da\u013ca, kas j\u0101\u0146em v\u0113r\u0101. Ar savu uzticamo konstru\u0113\u0161anu un vienk\u0101r\u0161u integr\u0101ciju \u0161is spraudnis pal\u012bdz uztur\u0113t optim\u0101lu iero\u010da sist\u0113mas darb\u012bbu un uzticam\u012bbu, nodro\u0161inot stabilu un uzticamu lietot\u0101ja pieredzi.<\/p>\n<p>Iero\u010diem KMR:<\/p>\n<p>KMR L-02 EMIQ<\/p>\n<p>KMR L-02 EMIQ (OR)<\/p>\n<p>KMR L-02 ORCA NO 2024<\/p>\n<p>KMR L-02 ORCA L\u012aDZ 2023<\/p>\n<p>KMR L-02 SPECTRA NO 2024<\/p>\n<p>KMR L-02 SPECTRA L\u012aDZ 2023<\/p>\n<p>KMR S-01 LANCE (OR)<\/p>\n<p>KMR S-02 NO 2024<\/p>\n<p>KMR S-02 L\u012aDZ 2023<\/p>\n<p>KMR W-02 CUDA (OR)<\/p>\n<p>KMR W-02 UMBRA<\/p>\n<p>KMR W-02 UMBRA (OR)<\/p>\n<p>Atsauces numurs: 1160-00108-0401<\/p>\n","protected":false},"excerpt":{"rendered":"<p>Galven\u0101 atsperes spraudnis KMR iero\u010diem KMR.<\/p>\n","protected":false},"featured_media":25962,"template":"","meta":{"_acf_changed":false},"product_brand":[11512],"product_cat":[13795,13777],"product_tag":[],"class_list":{"0":"post-692530","1":"product","2":"type-product","3":"status-publish","4":"has-post-thumbnail","6":"product_brand-kmr-precision","7":"product_cat-atsperes","8":"product_cat-kmr-detalas","10":"first","11":"instock","12":"taxable","13":"shipping-taxable","14":"product-type-simple"},"acf":[],"_links":{"self":[{"href":"https:\/\/nbg.eu\/lv\/wp-json\/wp\/v2\/product\/692530","targetHints":{"allow":["GET"]}}],"collection":[{"href":"https:\/\/nbg.eu\/lv\/wp-json\/wp\/v2\/product"}],"about":[{"href":"https:\/\/nbg.eu\/lv\/wp-json\/wp\/v2\/types\/product"}],"wp:featuredmedia":[{"embeddable":true,"href":"https:\/\/nbg.eu\/lv\/wp-json\/wp\/v2\/media\/25962"}],"wp:attachment":[{"href":"https:\/\/nbg.eu\/lv\/wp-json\/wp\/v2\/media?parent=692530"}],"wp:term":[{"taxonomy":"product_brand","embeddable":true,"href":"https:\/\/nbg.eu\/lv\/wp-json\/wp\/v2\/product_brand?post=692530"},{"taxonomy":"product_cat","embeddable":true,"href":"https:\/\/nbg.eu\/lv\/wp-json\/wp\/v2\/product_cat?post=692530"},{"taxonomy":"product_tag","embeddable":true,"href":"https:\/\/nbg.eu\/lv\/wp-json\/wp\/v2\/product_tag?post=692530"}],"curies":[{"name":"wp","href":"https:\/\/api.w.org\/{rel}","templated":true}]}}