{"id":692569,"date":"2024-08-17T14:54:00","date_gmt":"2024-08-17T11:54:00","guid":{"rendered":"https:\/\/nbg.eu\/product\/mag-release-button-wide-kmr-alu-black\/"},"modified":"2026-04-16T17:53:03","modified_gmt":"2026-04-16T14:53:03","slug":"mag-release-button-wide-kmr-alu-black","status":"publish","type":"product","link":"https:\/\/nbg.eu\/lv\/product\/mag-release-button-wide-kmr-alu-black\/","title":{"rendered":"KMR Aptveres Atbr\u012bvo\u0161anas Poga Plats ALU Melns"},"content":{"rendered":"<h2>Mag Release Button Wide \u2013 KMR alum\u012bnijs, melns<\/h2>\n<p>Atsl\u0113dziet zibens \u0101tr\u0101s magaz\u012bnu mai\u0146as ar Mag Release Button Wide no KMR alum\u012bnija. Izgatavots no vieglsvara, lidapar\u0101ta klases alum\u012bnija un ar pla\u0161u, p\u0101rm\u0113r\u012bgu virsmas laukumu, \u0161is magaz\u012bnas atbr\u012bvo\u0161anas poga maksimiz\u0113 kontaktu ar j\u016bsu \u012bk\u0161\u0137i, nodro\u0161inot pozit\u012bvu aktiv\u0101ciju pat vissmag\u0101kajos apst\u0101k\u013cos.<\/p>\n<p>Agres\u012bv\u0101, nesl\u012bdo\u0161a tekst\u016bra nodro\u0161ina dro\u0161u tv\u0113rienu, kam\u0113r mat\u0113ts melns anodiz\u0113tais apdares nodro\u0161ina elegantiskas taktiskas izskatu. Paredz\u0113ta, lai samazin\u0101tu p\u0101rejas laikus sacens\u012bb\u0101m IPSC\/USPSA, pla\u0161ais profils \u013cauj \u0161\u0101v\u0113jiem nomest \u017eurn\u0101lus, nemainot galveno tv\u0113rienu, b\u016btiski uzlabojot p\u0101rl\u0101go\u0161anas \u0101trumu.<\/p>\n<p>Vai j\u016bs tren\u0113jaties sacens\u012bb\u0101m vai kopjat savas aizsardz\u012bbas iema\u0146as, Mag Release Button Wide no KMR alum\u012bnija ir gal\u012bgais uzlabojums j\u016bsu iero\u010du, nodro\u0161inot uzlabotu ergonomisku sniegumu un nep\u0101rsp\u0113jamas veiktsp\u0113ju, kad tas ir vissvar\u012bg\u0101kais.<\/p>\n","protected":false},"excerpt":{"rendered":"<p>P\u0101rdimension\u0113ta patronu magaz\u012bnas atbr\u012bvo\u0161anas poga \u0101trai magaz\u012bnas nomai\u0146ai.<\/p>\n","protected":false},"featured_media":23851,"template":"","meta":{"_acf_changed":false},"product_brand":[11512],"product_cat":[13777],"product_tag":[],"class_list":{"0":"post-692569","1":"product","2":"type-product","3":"status-publish","4":"has-post-thumbnail","6":"product_brand-kmr-precision","7":"product_cat-kmr-detalas","9":"first","10":"instock","11":"taxable","12":"shipping-taxable","13":"product-type-simple"},"acf":[],"_links":{"self":[{"href":"https:\/\/nbg.eu\/lv\/wp-json\/wp\/v2\/product\/692569","targetHints":{"allow":["GET"]}}],"collection":[{"href":"https:\/\/nbg.eu\/lv\/wp-json\/wp\/v2\/product"}],"about":[{"href":"https:\/\/nbg.eu\/lv\/wp-json\/wp\/v2\/types\/product"}],"wp:featuredmedia":[{"embeddable":true,"href":"https:\/\/nbg.eu\/lv\/wp-json\/wp\/v2\/media\/23851"}],"wp:attachment":[{"href":"https:\/\/nbg.eu\/lv\/wp-json\/wp\/v2\/media?parent=692569"}],"wp:term":[{"taxonomy":"product_brand","embeddable":true,"href":"https:\/\/nbg.eu\/lv\/wp-json\/wp\/v2\/product_brand?post=692569"},{"taxonomy":"product_cat","embeddable":true,"href":"https:\/\/nbg.eu\/lv\/wp-json\/wp\/v2\/product_cat?post=692569"},{"taxonomy":"product_tag","embeddable":true,"href":"https:\/\/nbg.eu\/lv\/wp-json\/wp\/v2\/product_tag?post=692569"}],"curies":[{"name":"wp","href":"https:\/\/api.w.org\/{rel}","templated":true}]}}