{"id":692586,"date":"2024-08-17T15:26:04","date_gmt":"2024-08-17T12:26:04","guid":{"rendered":"https:\/\/nbg.eu\/product\/main-spring-plug-pin-kmr\/"},"modified":"2026-04-16T17:52:32","modified_gmt":"2026-04-16T14:52:32","slug":"main-spring-plug-pin-kmr","status":"publish","type":"product","link":"https:\/\/nbg.eu\/lv\/product\/main-spring-plug-pin-kmr\/","title":{"rendered":"KMR Galven\u0101s Atsperes Aizb\u0101\u017e\u0146a Tapa"},"content":{"rendered":"<h2>Galven\u0101 atsperes spraud\u0146a KMR<\/h2>\n<p>Izgatavots ar precizit\u0101ti un iztur\u012bbu, Galvenais atsperes spraudnis KMR ir b\u016btiska sast\u0101vda\u013ca, lai uztur\u0113tu un optimiz\u0113tu j\u016bsu \u0161aujamiero\u010da veiktsp\u0113ju. \u0160is spraudnis ir paredz\u0113ts, lai dro\u0161i notur\u0113tu galveno atsperi sav\u0101 viet\u0101, nodro\u0161inot uzticamu darb\u012bbu un vienm\u0113r\u012bgu trigera darb\u012bbu. Izgatavots no augstas kvalit\u0101tes materi\u0101liem, KMR spraudnis ir veidots, lai iztur\u0113tu regul\u0101ras lieto\u0161anas slodzi, padarot to uzticamu izv\u0113li gan iero\u010du entuziastu, gan profesion\u0101\u013cu vid\u016b.<\/p>\n<p>Ar savu gludo un stil\u012bgo dizainu Galvenais atsperes spraudnis KMR nevera sevi gludi iek\u013caujas j\u016bsu \u0161aujamiero\u010da iek\u0161\u0113j\u0101s meh\u0101nikas, nodro\u0161inot t\u012bru un diskr\u0113tu izskatu. T\u0101 kompaktais izm\u0113rs nodro\u0161ina vieglu uzst\u0101d\u012b\u0161anu un nomai\u0146u, \u013caujot jums viegli veikt j\u016bsu \u0161aujamiero\u010da apkopi. Neatkar\u012bgi no t\u0101, vai esat sacens\u012bbu \u0161\u0101v\u0113js vai parastais ierocis lietot\u0101js, \u0161is spraudnis ir oblig\u0101ts piederums, lai nodro\u0161in\u0101tu j\u016bsu \u0161aujamiero\u010da optim\u0101lo veiktsp\u0113ju.<\/p>\n<p>Atbalstot saist\u012bbu ar kvalit\u0101ti, \u0161is spraudnis ir uzticams izv\u0113le, lai aizsarg\u0101tu j\u016bsu \u0161aujamiero\u010da integrit\u0101ti. T\u0101 iztur\u012bg\u0101 konstrukcija un prec\u012bza in\u017eenierija to padara par v\u0113rt\u012bgu papildin\u0101jumu j\u016bsu iero\u010du uztur\u0113\u0161anas arsen\u0101lam, nodro\u0161inot, ka j\u016bsu \u0161aujamierocis darbosies vislab\u0101kaj\u0101 potenci\u0101l\u0101 gadiem ilgi.<\/p>\n","protected":false},"excerpt":{"rendered":"<p>Galven\u0101 atsperes kontaktdak\u0161a KMR &#8211; iztur\u012bga un uzticama optim\u0101lai veiktsp\u0113jai.<\/p>\n","protected":false},"featured_media":24111,"template":"","meta":{"_acf_changed":false},"product_brand":[11512],"product_cat":[13777],"product_tag":[],"class_list":{"0":"post-692586","1":"product","2":"type-product","3":"status-publish","4":"has-post-thumbnail","6":"product_brand-kmr-precision","7":"product_cat-kmr-detalas","9":"first","10":"instock","11":"taxable","12":"shipping-taxable","13":"product-type-simple"},"acf":[],"_links":{"self":[{"href":"https:\/\/nbg.eu\/lv\/wp-json\/wp\/v2\/product\/692586","targetHints":{"allow":["GET"]}}],"collection":[{"href":"https:\/\/nbg.eu\/lv\/wp-json\/wp\/v2\/product"}],"about":[{"href":"https:\/\/nbg.eu\/lv\/wp-json\/wp\/v2\/types\/product"}],"wp:featuredmedia":[{"embeddable":true,"href":"https:\/\/nbg.eu\/lv\/wp-json\/wp\/v2\/media\/24111"}],"wp:attachment":[{"href":"https:\/\/nbg.eu\/lv\/wp-json\/wp\/v2\/media?parent=692586"}],"wp:term":[{"taxonomy":"product_brand","embeddable":true,"href":"https:\/\/nbg.eu\/lv\/wp-json\/wp\/v2\/product_brand?post=692586"},{"taxonomy":"product_cat","embeddable":true,"href":"https:\/\/nbg.eu\/lv\/wp-json\/wp\/v2\/product_cat?post=692586"},{"taxonomy":"product_tag","embeddable":true,"href":"https:\/\/nbg.eu\/lv\/wp-json\/wp\/v2\/product_tag?post=692586"}],"curies":[{"name":"wp","href":"https:\/\/api.w.org\/{rel}","templated":true}]}}