{"id":692609,"date":"2024-11-03T10:02:34","date_gmt":"2024-11-03T07:02:34","guid":{"rendered":"https:\/\/nbg.eu\/product\/norma-cal-6-5-creedmoore-target-match-8-4g-130gr\/"},"modified":"2026-05-13T16:04:50","modified_gmt":"2026-05-13T13:04:50","slug":"norma-cal-6-5-creedmoore-target-match-8-4g-130gr","status":"publish","type":"product","link":"https:\/\/nbg.eu\/lv\/product\/norma-cal-6-5-creedmoore-target-match-8-4g-130gr\/","title":{"rendered":"NORMA cal. 6.5 Creedmoore Target Match 8.4g\/130gr."},"content":{"rendered":"<h2>NORMA cal. 6.5 Creedmoore Target Match 8.4g\/130gr<\/h2>\n<p>Izbaudiet precizit\u0101ti ar NORMA 6.5 Creedmoor Target Match mun\u012bciju. Att\u012bst\u012bta 2007. gad\u0101, \u0161\u012b patrona izcili par\u0101d\u0101s t\u0101la m\u0113r\u0137a \u0161au\u0161an\u0101 un med\u012bb\u0101s. 6.5mm lode lepojas ar lieliskiem \u0161\u0137\u0113rsgriezuma bl\u012bvumiem un ballistiskajiem koeficientiem, nodro\u0161inot izcilu veiktsp\u0113ju liel\u0101 att\u0101lum\u0101.<\/p>\n<h3>Funkcijas:<\/h3>\n<ul>\n<li>Kalibrs: 6.5 Creedmoor<\/li>\n<li>Svars: 8.4g\/130gr<\/li>\n<li>Ballistiskais koeficients: G1 0.548 \/ G7 0.294<\/li>\n<li>Tips: Golden Target<\/li>\n<li>Aizdedzin\u0101\u0161ana: Centerfire<\/li>\n<\/ul>\n<h3>\u0100trums:<\/h3>\n<ul>\n<li>V0: 869 m\/s<\/li>\n<li>V100: 813 m\/s<\/li>\n<li>V200: 759 m\/s<\/li>\n<li>V300: 708 m\/s<\/li>\n<\/ul>\n","protected":false},"excerpt":{"rendered":"<p>Prec\u012bza 6.5 Creedmoor mun\u012bcija t\u0101la distanca m\u0113r\u0137u \u0161au\u0161anai.<\/p>\n","protected":false},"featured_media":76699,"template":"","meta":{"_acf_changed":false},"product_brand":[14469],"product_cat":[13840],"product_tag":[],"class_list":{"0":"post-692609","1":"product","2":"type-product","3":"status-publish","4":"has-post-thumbnail","6":"product_brand-norma-precision","7":"product_cat-sautenes-municija","9":"first","10":"instock","11":"taxable","12":"shipping-taxable","13":"purchasable","14":"product-type-simple"},"acf":[],"_links":{"self":[{"href":"https:\/\/nbg.eu\/lv\/wp-json\/wp\/v2\/product\/692609","targetHints":{"allow":["GET"]}}],"collection":[{"href":"https:\/\/nbg.eu\/lv\/wp-json\/wp\/v2\/product"}],"about":[{"href":"https:\/\/nbg.eu\/lv\/wp-json\/wp\/v2\/types\/product"}],"wp:featuredmedia":[{"embeddable":true,"href":"https:\/\/nbg.eu\/lv\/wp-json\/wp\/v2\/media\/76699"}],"wp:attachment":[{"href":"https:\/\/nbg.eu\/lv\/wp-json\/wp\/v2\/media?parent=692609"}],"wp:term":[{"taxonomy":"product_brand","embeddable":true,"href":"https:\/\/nbg.eu\/lv\/wp-json\/wp\/v2\/product_brand?post=692609"},{"taxonomy":"product_cat","embeddable":true,"href":"https:\/\/nbg.eu\/lv\/wp-json\/wp\/v2\/product_cat?post=692609"},{"taxonomy":"product_tag","embeddable":true,"href":"https:\/\/nbg.eu\/lv\/wp-json\/wp\/v2\/product_tag?post=692609"}],"curies":[{"name":"wp","href":"https:\/\/api.w.org\/{rel}","templated":true}]}}