{"id":692635,"date":"2025-03-07T13:29:53","date_gmt":"2025-03-07T10:29:53","guid":{"rendered":"https:\/\/nbg.eu\/product\/nitehog-18650-rechargeable-battery\/"},"modified":"2026-05-13T16:02:19","modified_gmt":"2026-05-13T13:02:19","slug":"nitehog-18650-rechargeable-battery","status":"publish","type":"product","link":"https:\/\/nbg.eu\/lv\/product\/nitehog-18650-rechargeable-battery\/","title":{"rendered":"Nitehog 18650 Rechargeable Battery"},"content":{"rendered":"<h2>Nitehog 18650 uzl\u0101d\u0113jamais litija-jonu akumulators: uzticama ener\u0123ija termiskaj\u0101m att\u0113lo\u0161anas un naktsredzam\u012bbas iek\u0101rt\u0101m<\/h2>\n<p>Atblo\u0137\u0113jiet pilnu savu Nitehog termisk\u0101s optikas un naktsredzam\u012bbas ier\u012b\u010du potenci\u0101lu ar Nitehog 18650 uzl\u0101d\u0113jamo litija-jonu akumulatoru. Ar tipisku kapacit\u0101ti 3500mAh \u0161is akumulators nodro\u0161ina konsekventa, liela str\u0101vas izl\u0101de, kas ir b\u016btiska progres\u012bviem digit\u0101lajiem sensoriem un termiskaj\u0101m s\u0101rt\u0101m.<\/p>\n<p>Optim\u0101lai veiktsp\u0113jai paredz\u0113tais Nitehog 18650 akumulators pied\u0101v\u0101 3,7V nomin\u0101lo spriegumu un integr\u0113tu aizsardz\u012bbas \u0137\u0113di (PCB), lai nov\u0113rstu p\u0101r\u0101rme\u0161anu un dzi\u013cu izl\u0101di. \u0160is dro\u0161\u012bbas pas\u0101kums nodro\u0161ina maksim\u0101lu kalpo\u0161anas laiku un dro\u0161\u012bbu, \u013caujot jums uztic\u0113ties \u0161im baro\u0161anas avotam ilgsto\u0161\u0101s nakts med\u012bbu sesij\u0101s vai taktisk\u0101s oper\u0101cij\u0101s.<\/p>\n<p>Neatkar\u012bgi no t\u0101, vai j\u016bs iesakiet upuri savva\u013c\u0101 vai veiciet slepenas oper\u0101cijas, Nitehog 18650 uzl\u0101d\u0113jamais akumulators nodro\u0161ina uzticamu, lielas ietilp\u012bbas jaudu, k\u0101du prasa j\u016bsu ier\u012bces. Izbaudiet nep\u0101rtrauktu veiktsp\u0113ju un p\u0101rliec\u012bbu, kas n\u0101k ar aizsarg\u0101tu dizainu, padarot to par ide\u0101lu pavadoni j\u016bsu Nitehog termisk\u0101s att\u0113lo\u0161anas un naktsredzam\u012bbas apr\u012bkojumam.<\/p>\n","protected":false},"excerpt":{"rendered":"<p>Nitehog 18650 uzl\u0101d\u0113jam\u0101 litija-jonu baterija: Augstas ietilp\u012bbas, uzticama ener\u0123ija termiskaj\u0101m\/naktsredzam\u012bbas ier\u012bc\u0113m.<\/p>\n","protected":false},"featured_media":246180,"template":"","meta":{"_acf_changed":false},"product_brand":[11601],"product_cat":[13838,13778,13803,13798],"product_tag":[],"class_list":{"0":"post-692635","1":"product","2":"type-product","3":"status-publish","4":"has-post-thumbnail","6":"product_brand-nitehog","7":"product_cat-baterijas","8":"product_cat-merkesana","9":"product_cat-merkesanas-aksesuari","10":"product_cat-termiska","12":"first","13":"instock","14":"taxable","15":"shipping-taxable","16":"purchasable","17":"product-type-simple"},"acf":[],"_links":{"self":[{"href":"https:\/\/nbg.eu\/lv\/wp-json\/wp\/v2\/product\/692635","targetHints":{"allow":["GET"]}}],"collection":[{"href":"https:\/\/nbg.eu\/lv\/wp-json\/wp\/v2\/product"}],"about":[{"href":"https:\/\/nbg.eu\/lv\/wp-json\/wp\/v2\/types\/product"}],"wp:featuredmedia":[{"embeddable":true,"href":"https:\/\/nbg.eu\/lv\/wp-json\/wp\/v2\/media\/246180"}],"wp:attachment":[{"href":"https:\/\/nbg.eu\/lv\/wp-json\/wp\/v2\/media?parent=692635"}],"wp:term":[{"taxonomy":"product_brand","embeddable":true,"href":"https:\/\/nbg.eu\/lv\/wp-json\/wp\/v2\/product_brand?post=692635"},{"taxonomy":"product_cat","embeddable":true,"href":"https:\/\/nbg.eu\/lv\/wp-json\/wp\/v2\/product_cat?post=692635"},{"taxonomy":"product_tag","embeddable":true,"href":"https:\/\/nbg.eu\/lv\/wp-json\/wp\/v2\/product_tag?post=692635"}],"curies":[{"name":"wp","href":"https:\/\/api.w.org\/{rel}","templated":true}]}}