{"id":692663,"date":"2024-08-17T14:49:07","date_gmt":"2024-08-17T11:49:07","guid":{"rendered":"https:\/\/nbg.eu\/product\/mounting-kit-for-l-02-w-02-steel-black\/"},"modified":"2026-04-16T17:53:10","modified_gmt":"2026-04-16T14:53:10","slug":"mounting-kit-for-l-02-w-02-steel-black","status":"publish","type":"product","link":"https:\/\/nbg.eu\/lv\/product\/mounting-kit-for-l-02-w-02-steel-black\/","title":{"rendered":"KMR Mont\u0101\u017eas Komplekts for L-02, W-02 T\u0113rauds Melns"},"content":{"rendered":"<h2>KMR Optic Ready (OR) Mont\u0101\u017eas komplekts &#8211; t\u0113rauds, melns<\/h2>\n<p>Uzlabojiet savu L-02 un W-02 KMR platformas ar KMR Optic Ready (OR) Mont\u0101\u017eas komplektu. \u0160is mont\u0101\u017eas risin\u0101jums, kas izgatavots no augstas stipr\u012bbas t\u0113rauda, nodro\u0161ina nep\u0101rsp\u0113jamu iztur\u012bbu un stingr\u012bbu, lai j\u016bsu optika saglab\u0101tu nulles punktu, pat intens\u012bvu atsitiena sp\u0113ku ietekm\u0113 sacens\u012bbu \u0161au\u0161an\u0101.<\/p>\n<p>Modelspecifiskas kont\u016bras d\u0113\u013c OR Mont\u0101\u017eas komplekts ir izstr\u0101d\u0101ts, lai dro\u0161i ietilptu Trijicon RMR, Leupold DeltaPoint Pro vai Shield optik\u0101, nodro\u0161inot stingru pamatu j\u016bsu t\u0113m\u0113\u0161anas sist\u0113mai. At\u0161\u0137ir\u012bb\u0101 no standarta alum\u012bnija pl\u0101ksn\u0113m, t\u0113rauda konstrukcija ne\u013cauj att\u0101lin\u0101ties v\u012bt\u0146u un saglab\u0101 perfektu piek\u013cau\u0161anu L-02 un W-02 Optic Ready sl\u012bd\u0113m, pasarg\u0101jot j\u016bsu ieguld\u012bjumu.<\/p>\n<p>Ar mat\u0113tu melnu, pretkorozijas p\u0101rkl\u0101jumu apdare, \u0161is mont\u0101\u017eas komplekts ne tikai labi izskat\u0101s, bet ar\u012b iztur apk\u0101rt\u0113jo vidi, nodro\u0161inot uzticamu veiktsp\u0113ju jebkuros apst\u0101k\u013cos. Uzlabojiet savu KMR platformu ar KMR Optic Ready (OR) Mont\u0101\u017eas komplektu &#8211; augst\u0101k\u0101s kvalit\u0101tes risin\u0101jumu optisk\u0101s integr\u0101cijas augstai iztur\u012bbai.<\/p>\n","protected":false},"excerpt":{"rendered":"<p>Augstas iztur\u012bbas t\u0113rauda mont\u0101\u017eas komplekts L-02, W-02 KMR optisk\u0101s integr\u0101cijas nodro\u0161in\u0101\u0161anai.<\/p>\n","protected":false},"featured_media":30370,"template":"","meta":{"_acf_changed":false},"product_brand":[],"product_cat":[13777,13773,13809,14916],"product_tag":[],"class_list":{"0":"post-692663","1":"product","2":"type-product","3":"status-publish","4":"has-post-thumbnail","6":"product_cat-kmr-detalas","7":"product_cat-pistoles-detalas","8":"product_cat-pistoles-merki","9":"product_cat-red-dot-sights-mounts-lv","11":"first","12":"instock","13":"taxable","14":"shipping-taxable","15":"purchasable","16":"product-type-variable","17":"wvs-archive-product-wrapper"},"acf":[],"_links":{"self":[{"href":"https:\/\/nbg.eu\/lv\/wp-json\/wp\/v2\/product\/692663","targetHints":{"allow":["GET"]}}],"collection":[{"href":"https:\/\/nbg.eu\/lv\/wp-json\/wp\/v2\/product"}],"about":[{"href":"https:\/\/nbg.eu\/lv\/wp-json\/wp\/v2\/types\/product"}],"wp:featuredmedia":[{"embeddable":true,"href":"https:\/\/nbg.eu\/lv\/wp-json\/wp\/v2\/media\/30370"}],"wp:attachment":[{"href":"https:\/\/nbg.eu\/lv\/wp-json\/wp\/v2\/media?parent=692663"}],"wp:term":[{"taxonomy":"product_brand","embeddable":true,"href":"https:\/\/nbg.eu\/lv\/wp-json\/wp\/v2\/product_brand?post=692663"},{"taxonomy":"product_cat","embeddable":true,"href":"https:\/\/nbg.eu\/lv\/wp-json\/wp\/v2\/product_cat?post=692663"},{"taxonomy":"product_tag","embeddable":true,"href":"https:\/\/nbg.eu\/lv\/wp-json\/wp\/v2\/product_tag?post=692663"}],"curies":[{"name":"wp","href":"https:\/\/api.w.org\/{rel}","templated":true}]}}