{"id":692955,"date":"2024-11-02T11:43:26","date_gmt":"2024-11-02T08:43:26","guid":{"rendered":"https:\/\/nbg.eu\/product\/norma-308-win-whitetail-150gr-soft-point-hunting-ammo\/"},"modified":"2026-05-13T16:03:41","modified_gmt":"2026-05-13T13:03:41","slug":"norma-308-win-whitetail-150gr-soft-point-hunting-ammo","status":"publish","type":"product","link":"https:\/\/nbg.eu\/lv\/product\/norma-308-win-whitetail-150gr-soft-point-hunting-ammo\/","title":{"rendered":"NORMA .308 Win Whitetail 150gr Soft Point Hunting Ammo"},"content":{"rendered":"<div class=\"product-description\">\n<h2>NORMA cal. .308 Win SP Whitetail 9.7g\/150gr<\/h2>\n<p>Izbaudiet neierobe\u017eotu precizit\u0101ti un sniegumu ar NORMA .308 Win SP Whitetail mun\u012bciju. \u0160\u012b 150gr (9.7g) Soft Point lode pied\u0101v\u0101:<\/p>\n<ul>\n<li>Izcilu precizit\u0101ti brie\u017eu un lielajiem med\u012bjumiem<\/li>\n<li>Plakanu pamata dizainu konsekventai veiktsp\u0113jai<\/li>\n<li>Atkl\u0101tu svina uzgali \u0101trajai izple\u0161anai<\/li>\n<li>Dzi\u013cu iespie\u0161anos un efekt\u012bvu ener\u0123ijas p\u0101rnesi<\/li>\n<\/ul>\n<h3>Galven\u0101s specifik\u0101cijas:<\/h3>\n<ul>\n<li>Produkta numurs: 20177382<\/li>\n<li>Kalibr\u0113\u0161ana: .308 Win<\/li>\n<li>Svars: 9.7g\/150gr<\/li>\n<li>Balistiskais koeficients (G1): 0.274<\/li>\n<li>Stobra \u0101trums (V0): 850 m\/s<\/li>\n<\/ul>\n<p>Ra\u017eots \u00c5motfors, Zviedrija, ar NORMA atz\u012bto precizit\u0101ti un augstas kvalit\u0101tes misi\u0146a apvalkiem, \u0161\u012b mun\u012bcija nodro\u0161ina augstu konsekvenci un izcilu atk\u0101rtotu iel\u0101di.<\/p>\n<\/div>\n<div class=\"panel panel--no-padding\">\n<div class=\"panel__inner\">\n<table class=\"ballistic-table\">\n<thead>\n<tr>\n<th scope=\"col\"><\/th>\n<th scope=\"col\">50yds<\/th>\n<th scope=\"col\">75yds<\/th>\n<th scope=\"col\">100yds<\/th>\n<th scope=\"col\">150yds<\/th>\n<th scope=\"col\">200yds<\/th>\n<th scope=\"col\">300yds<\/th>\n<\/tr>\n<\/thead>\n<tbody>\n<tr>\n<th scope=\"row\">50<\/th>\n<td><\/td>\n<td>0<\/td>\n<td>0.4<\/td>\n<td>-0.7<\/td>\n<td>-3.3<\/td>\n<td>-14.4<\/td>\n<\/tr>\n<tr>\n<th scope=\"row\">100<\/th>\n<td>-0.2<\/td>\n<td>&#8211;<\/td>\n<td><\/td>\n<td>-1.2<\/td>\n<td>-4<\/td>\n<td>-15.5<\/td>\n<\/tr>\n<tr>\n<th scope=\"row\">150<\/th>\n<td>0.2<\/td>\n<td>&#8211;<\/td>\n<td>0.8<\/td>\n<td><\/td>\n<td>-2.4<\/td>\n<td>-13<\/td>\n<\/tr>\n<tr>\n<th scope=\"row\">200<\/th>\n<td>0.8<\/td>\n<td>&#8211;<\/td>\n<td>2<\/td>\n<td>1.8<\/td>\n<td><\/td>\n<td>-9.4<\/td>\n<\/tr>\n<\/tbody>\n<\/table>\n<\/div>\n<\/div>\n","protected":false},"excerpt":{"rendered":"<p>NORMA .308 Win SP Whitetail: Prec\u012bza, sp\u0113c\u012bga mun\u012bcija Balt\u0101 \u016bde\u0146u med\u012bb\u0101m.<\/p>\n","protected":false},"featured_media":76629,"template":"","meta":{"_acf_changed":false},"product_brand":[14469],"product_cat":[13830],"product_tag":[],"class_list":{"0":"post-692955","1":"product","2":"type-product","3":"status-publish","4":"has-post-thumbnail","6":"product_brand-norma-precision","7":"product_cat-municija","9":"first","10":"instock","11":"taxable","12":"shipping-taxable","13":"purchasable","14":"product-type-simple"},"acf":[],"_links":{"self":[{"href":"https:\/\/nbg.eu\/lv\/wp-json\/wp\/v2\/product\/692955","targetHints":{"allow":["GET"]}}],"collection":[{"href":"https:\/\/nbg.eu\/lv\/wp-json\/wp\/v2\/product"}],"about":[{"href":"https:\/\/nbg.eu\/lv\/wp-json\/wp\/v2\/types\/product"}],"wp:featuredmedia":[{"embeddable":true,"href":"https:\/\/nbg.eu\/lv\/wp-json\/wp\/v2\/media\/76629"}],"wp:attachment":[{"href":"https:\/\/nbg.eu\/lv\/wp-json\/wp\/v2\/media?parent=692955"}],"wp:term":[{"taxonomy":"product_brand","embeddable":true,"href":"https:\/\/nbg.eu\/lv\/wp-json\/wp\/v2\/product_brand?post=692955"},{"taxonomy":"product_cat","embeddable":true,"href":"https:\/\/nbg.eu\/lv\/wp-json\/wp\/v2\/product_cat?post=692955"},{"taxonomy":"product_tag","embeddable":true,"href":"https:\/\/nbg.eu\/lv\/wp-json\/wp\/v2\/product_tag?post=692955"}],"curies":[{"name":"wp","href":"https:\/\/api.w.org\/{rel}","templated":true}]}}