{"id":692987,"date":"2024-08-18T11:13:48","date_gmt":"2024-08-18T08:13:48","guid":{"rendered":"https:\/\/nbg.eu\/product\/or-cover-screw-m4x6-iso-14580-kmr\/"},"modified":"2026-04-16T17:51:00","modified_gmt":"2026-04-16T14:51:00","slug":"or-cover-screw-m4x6-iso-14580-kmr","status":"publish","type":"product","link":"https:\/\/nbg.eu\/lv\/product\/or-cover-screw-m4x6-iso-14580-kmr\/","title":{"rendered":"KMR OR V\u0101ka Skr\u016bve M4x6 ISO 14580"},"content":{"rendered":"<h2>OR V\u0100KA SKR\u016aVE M4x6 ISO 14580 KMR<\/h2>\n<p>OR V\u0100KA SKR\u016aVE M4x6 ISO 14580 KMR ir specializ\u0113ts stiprin\u0101jums, kas paredz\u0113ts lieto\u0161anai ar Weapons KMR sist\u0113m\u0101m.<\/p>\n<p>Izgatavots prec\u012bzi atbilsto\u0161i ISO 14580 standartiem, skr\u016bve ar M4 v\u012btni un 6 mm garumu nodro\u0161ina dro\u0161u un uzticamu piestiprin\u0101\u0161anu j\u016bsu KMR sist\u0113mai. Ar savu gludo meln\u0101 anodunocejuma apdari \u0161\u012b skr\u016bve harmoniski iek\u013caujas j\u016bsu iero\u010diem paredz\u0113to piederumu kop\u0113j\u0101 est\u0113tik\u0101.<\/p>\n<p>Vai nu j\u016bs atjaunojat, apkopjat vai piel\u0101gojat savu ar KMR sader\u012bgo ieroci, v\u0101ka skr\u016bve ir b\u016btisks komponents. T\u0101s iztur\u012bg\u0101 konstrukcija un prec\u012bza piegul\u0161ana to padara par absol\u016bti nepiecie\u0161amu katram nopietnam iero\u010du entuziastam vai profesion\u0101lim, kur\u0161 pieprasa visliel\u0101ko veiktsp\u0113ju un uzticam\u012bbu no sava apr\u012bkojuma.<\/p>\n<\/p>\n<p>Iero\u010diem KMR:<\/p>\n<\/p>\n<p>KMR L-02 EMIQ (OR)<\/p>\n<\/p>\n<p>KMR L-02 SPECTRA NO 2024<\/p>\n<\/p>\n<p>KMR L-02 SPECTRA L\u012aDZ 2023<\/p>\n<\/p>\n<p>KMR L-02 UMBRA (OR) SR<\/p>\n<\/p>\n<p>KMR W-02 UMBRA (OR)<\/p>\n","protected":false},"excerpt":{"rendered":"<p>M4x6 apvalks skr\u016bvei KMR iero\u010du sist\u0113m\u0101m, atbilst ISO 14580 standartam.<\/p>\n","protected":false},"featured_media":25454,"template":"","meta":{"_acf_changed":false},"product_brand":[11512],"product_cat":[13777],"product_tag":[],"class_list":{"0":"post-692987","1":"product","2":"type-product","3":"status-publish","4":"has-post-thumbnail","6":"product_brand-kmr-precision","7":"product_cat-kmr-detalas","9":"first","10":"instock","11":"taxable","12":"shipping-taxable","13":"product-type-simple"},"acf":[],"_links":{"self":[{"href":"https:\/\/nbg.eu\/lv\/wp-json\/wp\/v2\/product\/692987","targetHints":{"allow":["GET"]}}],"collection":[{"href":"https:\/\/nbg.eu\/lv\/wp-json\/wp\/v2\/product"}],"about":[{"href":"https:\/\/nbg.eu\/lv\/wp-json\/wp\/v2\/types\/product"}],"wp:featuredmedia":[{"embeddable":true,"href":"https:\/\/nbg.eu\/lv\/wp-json\/wp\/v2\/media\/25454"}],"wp:attachment":[{"href":"https:\/\/nbg.eu\/lv\/wp-json\/wp\/v2\/media?parent=692987"}],"wp:term":[{"taxonomy":"product_brand","embeddable":true,"href":"https:\/\/nbg.eu\/lv\/wp-json\/wp\/v2\/product_brand?post=692987"},{"taxonomy":"product_cat","embeddable":true,"href":"https:\/\/nbg.eu\/lv\/wp-json\/wp\/v2\/product_cat?post=692987"},{"taxonomy":"product_tag","embeddable":true,"href":"https:\/\/nbg.eu\/lv\/wp-json\/wp\/v2\/product_tag?post=692987"}],"curies":[{"name":"wp","href":"https:\/\/api.w.org\/{rel}","templated":true}]}}