{"id":693041,"date":"2024-08-18T11:11:47","date_gmt":"2024-08-18T08:11:47","guid":{"rendered":"https:\/\/nbg.eu\/product\/or-plate-screw-m4x6-din-965-kmr\/"},"modified":"2026-04-16T17:51:15","modified_gmt":"2026-04-16T14:51:15","slug":"or-plate-screw-m4x6-din-965-kmr","status":"publish","type":"product","link":"https:\/\/nbg.eu\/lv\/product\/or-plate-screw-m4x6-din-965-kmr\/","title":{"rendered":"KMR OR Pl\u0101ksnes Skr\u016bve M4x6 DIN 965"},"content":{"rendered":"<h2>OR Plate Screw M4X6 Din 965 KMR: Prec\u012bza j\u016bsu iero\u010du piederumu nostiprin\u0101\u0161ana<\/h2>\n<p>\u0160\u012b skr\u016bve ir daudzpus\u012bgs un uzticams stiprin\u0101jums, kas paredz\u0113ts da\u017e\u0101du KMR iero\u010du piederumu lieto\u0161anai. Veidojot to ar precizit\u0101ti un ilgiztur\u012bbu, \u0161\u012b skr\u016bve ir ide\u0101lais risin\u0101jums, lai dro\u0161i piestiprin\u0101tu j\u016bsu b\u016btiskos apr\u012bkojumus pie KMR sader\u012bgaj\u0101m \u0161autuv\u0113m.<\/p>\n<p>Izstr\u0101d\u0101ta saska\u0146\u0101 ar stingr\u0101m pras\u012bb\u0101m, \u0161\u012b plate skr\u016bve pied\u0101v\u0101 izcilu stipr\u012bbu un uzticam\u012bbu, nodro\u0161inot, ka j\u016bsu piederumi paliek stingri sav\u0101s viet\u0101s pat vissmag\u0101kaj\u0101s situ\u0101cij\u0101s. Ar M4 v\u012btnes izm\u0113ru un 6 mm garumu \u0161\u012b skr\u016bve nodro\u0161ina dro\u0161u un prec\u012bzu piestiprin\u0101\u0161anu, \u013caujot jums ar p\u0101rliec\u012bbu piestiprin\u0101t apr\u012bkojumu.<\/p>\n<p>Neatkar\u012bgi no t\u0101, vai j\u016bs atjaunojat savu taktisko apr\u012bkojumu, nomainiet nodilu\u0161as deta\u013cas vai veidojat jaunu komplektu, t\u0101 ir ide\u0101la izv\u0113le, lai nodro\u0161in\u0101tu ticamu un dro\u0161u KMR sader\u012bgo piederumu piestiprin\u0101\u0161anu.<\/p>\n<\/p>\n<p>Iero\u010diem KMR:<\/p>\n<\/p>\n<p>KMR L-02 EMIQ (OR)<\/p>\n<\/p>\n<p>KMR L-02 SPECTRA L\u012aDZ 2023<\/p>\n<\/p>\n<p>KMR L-02 UMBRA (OR) SR<\/p>\n<\/p>\n<p>KMR W-02 CUDA (OR)<\/p>\n<\/p>\n<p>KMR W-02 UMBRA (OR)<\/p>\n","protected":false},"excerpt":{"rendered":"<p>M4x6 DIN 965 pl\u0101ksnes skr\u016bve priek\u0161 KMR L-02 EMIQ, SPECTRA, UMBRA SR un KMR W-02 CUDA, UMBRA.<\/p>\n","protected":false},"featured_media":25362,"template":"","meta":{"_acf_changed":false},"product_brand":[11512],"product_cat":[13777],"product_tag":[],"class_list":{"0":"post-693041","1":"product","2":"type-product","3":"status-publish","4":"has-post-thumbnail","6":"product_brand-kmr-precision","7":"product_cat-kmr-detalas","9":"first","10":"instock","11":"taxable","12":"shipping-taxable","13":"product-type-simple"},"acf":[],"_links":{"self":[{"href":"https:\/\/nbg.eu\/lv\/wp-json\/wp\/v2\/product\/693041","targetHints":{"allow":["GET"]}}],"collection":[{"href":"https:\/\/nbg.eu\/lv\/wp-json\/wp\/v2\/product"}],"about":[{"href":"https:\/\/nbg.eu\/lv\/wp-json\/wp\/v2\/types\/product"}],"wp:featuredmedia":[{"embeddable":true,"href":"https:\/\/nbg.eu\/lv\/wp-json\/wp\/v2\/media\/25362"}],"wp:attachment":[{"href":"https:\/\/nbg.eu\/lv\/wp-json\/wp\/v2\/media?parent=693041"}],"wp:term":[{"taxonomy":"product_brand","embeddable":true,"href":"https:\/\/nbg.eu\/lv\/wp-json\/wp\/v2\/product_brand?post=693041"},{"taxonomy":"product_cat","embeddable":true,"href":"https:\/\/nbg.eu\/lv\/wp-json\/wp\/v2\/product_cat?post=693041"},{"taxonomy":"product_tag","embeddable":true,"href":"https:\/\/nbg.eu\/lv\/wp-json\/wp\/v2\/product_tag?post=693041"}],"curies":[{"name":"wp","href":"https:\/\/api.w.org\/{rel}","templated":true}]}}