{"id":693122,"date":"2024-09-02T13:32:58","date_gmt":"2024-09-02T10:32:58","guid":{"rendered":"https:\/\/nbg.eu\/product\/pelican-1015-micro-case\/"},"modified":"2026-05-13T15:09:55","modified_gmt":"2026-05-13T12:09:55","slug":"pelican-1015-micro-case","status":"publish","type":"product","link":"https:\/\/nbg.eu\/lv\/product\/pelican-1015-micro-case\/","title":{"rendered":"Pelican 1015 Micro Case"},"content":{"rendered":"<div class=\"product-description\">\n<h2>Pelican 1015 Micro Case<\/h2>\n<p>Aizsarg\u0101jiet savus v\u0113rt\u012bgos mazos elektroniskos ier\u012bces ar Pelican 1015 Micro Case. \u0160is nesaspie\u017eams, \u016bdensnecaurlaid\u012bgs un putek\u013cnecaurlaid\u012bgs korpuss ir perfekts priek\u0161 viedt\u0101lru\u0146iem, kamer\u0101m un cit\u0101m jut\u012bg\u0101m iek\u0101rt\u0101m.<\/p>\n<h2>Galven\u0101s iez\u012bmes:<\/h2>\n<ul>\n<li>Iztur\u012bga polikarbon\u0101ta korpuss<\/li>\n<li>\u016adensnecaurlaid\u012bgs un putek\u013cnecaurlaid\u012bgs dizains<\/li>\n<li>Gumijas p\u0101rkl\u0101jums papildu aizsardz\u012bbai un gredzena bl\u012bve<\/li>\n<li>Viegli atv\u0113rams aizdares meh\u0101nisms un ner\u016bs\u0113jo\u0161\u0101 t\u0113rauda furnit\u016bra<\/li>\n<li>Akt\u012bva sporta karab\u012bne dro\u0161ai pievieno\u0161anai<\/li>\n<li>Iek\u0161\u0113jie izm\u0113ri: 5,14&#8243; x 2,64&#8243; x 1,37&#8243;<\/li>\n<li>\u0100r\u0113jie izm\u0113ri: 6,68&#8243; x 3,88&#8243; x 1,86&#8243;<\/li>\n<li>Viegls, tikai 0,46 m\u0101rci\u0146as<\/li>\n<\/ul>\n<p>Ar Pelican m\u016b\u017e\u012bgo kvalit\u0101tes garantiju \u0161is mikro korpuss pied\u0101v\u0101 nesal\u012bdzin\u0101mu aizsardz\u012bbu j\u016bsu iek\u0101rt\u0101m jebkur\u0101 vid\u0113.<\/p>\n<\/div>\n","protected":false},"excerpt":{"rendered":"<p>Iztur\u012bgs, \u016bdensnecaurlaid\u012bgs apvalks maziem elektroniskajiem ier\u012bc\u0113m. Aizsardz\u012bba pret saspiedumu.<\/p>\n","protected":false},"featured_media":35246,"template":"","meta":{"_acf_changed":false},"product_brand":[11621],"product_cat":[13793],"product_tag":[],"class_list":{"0":"post-693122","1":"product","2":"type-product","3":"status-publish","4":"has-post-thumbnail","6":"product_brand-pelican","7":"product_cat-parnesasanas-somas","9":"first","10":"outofstock","11":"taxable","12":"shipping-taxable","13":"purchasable","14":"product-type-simple"},"acf":[],"_links":{"self":[{"href":"https:\/\/nbg.eu\/lv\/wp-json\/wp\/v2\/product\/693122","targetHints":{"allow":["GET"]}}],"collection":[{"href":"https:\/\/nbg.eu\/lv\/wp-json\/wp\/v2\/product"}],"about":[{"href":"https:\/\/nbg.eu\/lv\/wp-json\/wp\/v2\/types\/product"}],"wp:featuredmedia":[{"embeddable":true,"href":"https:\/\/nbg.eu\/lv\/wp-json\/wp\/v2\/media\/35246"}],"wp:attachment":[{"href":"https:\/\/nbg.eu\/lv\/wp-json\/wp\/v2\/media?parent=693122"}],"wp:term":[{"taxonomy":"product_brand","embeddable":true,"href":"https:\/\/nbg.eu\/lv\/wp-json\/wp\/v2\/product_brand?post=693122"},{"taxonomy":"product_cat","embeddable":true,"href":"https:\/\/nbg.eu\/lv\/wp-json\/wp\/v2\/product_cat?post=693122"},{"taxonomy":"product_tag","embeddable":true,"href":"https:\/\/nbg.eu\/lv\/wp-json\/wp\/v2\/product_tag?post=693122"}],"curies":[{"name":"wp","href":"https:\/\/api.w.org\/{rel}","templated":true}]}}