{"id":693223,"date":"2024-08-18T11:12:21","date_gmt":"2024-08-18T08:12:21","guid":{"rendered":"https:\/\/nbg.eu\/product\/rear-sight-screw-m4x6-din-913-kmr\/"},"modified":"2026-04-16T17:51:12","modified_gmt":"2026-04-16T14:51:12","slug":"rear-sight-screw-m4x6-din-913-kmr","status":"publish","type":"product","link":"https:\/\/nbg.eu\/lv\/product\/rear-sight-screw-m4x6-din-913-kmr\/","title":{"rendered":"KMR Aizmugur\u0113j\u0101 T\u0113m\u0113k\u013ca Skr\u016bve M4x6 DIN 913"},"content":{"rendered":"<h2>Aizmugur\u0113j\u0101 t\u0113mek\u013ca skr\u016bve M4X6 Din 913 KMR<\/h2>\n<p>\u0160\u012b aizmugur\u0113j\u0101 t\u0113mek\u013ca skr\u016bve ir izstr\u0101d\u0101ta lieto\u0161anai ar da\u017e\u0101diem KMR iero\u010diem. Izm\u0113ri M4x6 mm un atbilst DIN 913 standartiem, \u0161\u012b skr\u016bve nodro\u0161ina dro\u0161u un uzticamu aizmugur\u0113j\u0101 t\u0113mek\u013ca piestiprin\u0101\u0161anu j\u016bsu KMR \u0161aujamai ier\u012bcei. Prec\u012bzi un iztur\u012bgi izgatavotas, \u0161\u012b aizmugur\u0113j\u0101 t\u0113mek\u013ca skr\u016bve nodro\u0161ina b\u016btisku komponentu KMR iero\u010du sist\u0113mas optim\u0101las veiktsp\u0113jas un funkcionalit\u0101tes uztur\u0113\u0161anai.<\/p>\n<p>Iero\u010diem KMR:<\/p>\n<p>KMR L-02 EMIQ<\/p>\n<p>KMR L-02 EMIQ (OR)<\/p>\n<p>KMR L-02 ORCA NO 2024<\/p>\n<p>KMR L-02 ORCA L\u012aDZ 2023<\/p>\n<p>KMR L-02 SPECTRA L\u012aDZ 2023<\/p>\n<p>KMR L-02 UMBRA (OR) SR<\/p>\n<p>KMR W-02 CUDA (OR)<\/p>\n<p>KMR W-02 UMBRA (OR)<\/p>\n","protected":false},"excerpt":{"rendered":"<p>Aizmugur\u0113j\u0101s t\u0113mierdz\u012bvessr\u016bpjis M4X6 Din 913 iero\u010du mode\u013ciem: L-02 EMIQ, ORCA, SPECTRA, UMBRA, W-02 CUDA, UMBRA.<\/p>\n","protected":false},"featured_media":25385,"template":"","meta":{"_acf_changed":false},"product_brand":[11512],"product_cat":[13777],"product_tag":[],"class_list":{"0":"post-693223","1":"product","2":"type-product","3":"status-publish","4":"has-post-thumbnail","6":"product_brand-kmr-precision","7":"product_cat-kmr-detalas","9":"first","10":"instock","11":"taxable","12":"shipping-taxable","13":"product-type-simple"},"acf":[],"_links":{"self":[{"href":"https:\/\/nbg.eu\/lv\/wp-json\/wp\/v2\/product\/693223","targetHints":{"allow":["GET"]}}],"collection":[{"href":"https:\/\/nbg.eu\/lv\/wp-json\/wp\/v2\/product"}],"about":[{"href":"https:\/\/nbg.eu\/lv\/wp-json\/wp\/v2\/types\/product"}],"wp:featuredmedia":[{"embeddable":true,"href":"https:\/\/nbg.eu\/lv\/wp-json\/wp\/v2\/media\/25385"}],"wp:attachment":[{"href":"https:\/\/nbg.eu\/lv\/wp-json\/wp\/v2\/media?parent=693223"}],"wp:term":[{"taxonomy":"product_brand","embeddable":true,"href":"https:\/\/nbg.eu\/lv\/wp-json\/wp\/v2\/product_brand?post=693223"},{"taxonomy":"product_cat","embeddable":true,"href":"https:\/\/nbg.eu\/lv\/wp-json\/wp\/v2\/product_cat?post=693223"},{"taxonomy":"product_tag","embeddable":true,"href":"https:\/\/nbg.eu\/lv\/wp-json\/wp\/v2\/product_tag?post=693223"}],"curies":[{"name":"wp","href":"https:\/\/api.w.org\/{rel}","templated":true}]}}