{"id":693523,"date":"2024-08-16T21:03:31","date_gmt":"2024-08-16T18:03:31","guid":{"rendered":"https:\/\/nbg.eu\/product\/rhh-leg-strap\/"},"modified":"2026-05-13T16:03:28","modified_gmt":"2026-05-13T13:03:28","slug":"rhh-leg-strap","status":"publish","type":"product","link":"https:\/\/nbg.eu\/lv\/product\/rhh-leg-strap\/","title":{"rendered":"RHH Leg Strap"},"content":{"rendered":"<h2>RHH k\u0101jas siksna: uzlabota holstera stabilit\u0101te dinamiskai darb\u012bbai<\/h2>\n<p>RHH k\u0101jas siksna ir daudzveid\u012bgs piederums, kas ir paredz\u0113ts, lai nodro\u0161in\u0101tu izcilu stabilit\u0101ti un kust\u012bbu samazin\u0101\u0161anu drop-leg vai mid-ride holsteriem dinamisk\u0101s aktivit\u0101t\u0113s. T\u0101 ir izgatavota no iztur\u012bgas elast\u012bgas neilona lentas un ar augstas ietekmes polim\u0113ra spr\u0101dzi, \u0161\u012b regul\u0113jam\u0101 siksna nodro\u0161ina dro\u0161u un \u0113rtu piegulumu ap j\u016bsu aug\u0161stilbu.<\/p>\n<p>Integr\u0113t\u0101 nesl\u012bdo\u0161a gum\u0113jot\u0101 quilting pievienoto gr\u012bdas tekst\u016bru, efekt\u012bvi nov\u0113r\u0161ot &#8220;holstera \u0161\u016bpo\u0161anos&#8221;, kas var rasties skrienot, ce\u013cojot vai citu intens\u012bvu kust\u012bbu laik\u0101. Elast\u012bg\u0101 konstrukcija \u013cauj sienai papla\u0161in\u0101ties un sarauties kop\u0101 ar j\u016bsu k\u0101ju musku\u013ciem, uzturot holsteru stabilu poz\u012bciju uzticamai un netrauc\u0113tai izvilk\u0161anai.<\/p>\n<p>Neatkar\u012bgi no t\u0101, vai j\u016bs esat akt\u012bvs kalpot\u0101js, konkur\u0113jo\u0161s \u0161\u0101v\u0113js vai aizraut\u012bgs dabas cilv\u0113ks, RHH k\u0101jas siksna ir ide\u0101lais risin\u0101jums, lai notur\u0113tu j\u016bsu holsteru cie\u0161i viet\u0101, neierobe\u017eojot j\u016bsu kust\u012bbu diapazonu vai asinsriti. Pieredziet uzlabotu holstera stabilit\u0101ti un p\u0101rliec\u012bbu apr\u012bkojum\u0101 pat visnepiecie\u0161am\u0101kaj\u0101s situ\u0101cij\u0101s.<\/p>\n","protected":false},"excerpt":{"rendered":"<p>Nodro\u0161iniet savus turek\u013cus ar RHH k\u0101jas siksnas iztur\u012bgo elast\u012bgo neilonu un nesl\u012bdo\u0161o dizainu.<\/p>\n","protected":false},"featured_media":0,"template":"","meta":{"_acf_changed":false},"product_brand":[11644],"product_cat":[13808],"product_tag":[],"class_list":{"0":"post-693523","1":"product","2":"type-product","3":"status-publish","5":"product_brand-rh-holsters","6":"product_cat-holstera-piederumi","8":"first","9":"instock","10":"taxable","11":"shipping-taxable","12":"purchasable","13":"product-type-simple"},"acf":[],"_links":{"self":[{"href":"https:\/\/nbg.eu\/lv\/wp-json\/wp\/v2\/product\/693523","targetHints":{"allow":["GET"]}}],"collection":[{"href":"https:\/\/nbg.eu\/lv\/wp-json\/wp\/v2\/product"}],"about":[{"href":"https:\/\/nbg.eu\/lv\/wp-json\/wp\/v2\/types\/product"}],"wp:attachment":[{"href":"https:\/\/nbg.eu\/lv\/wp-json\/wp\/v2\/media?parent=693523"}],"wp:term":[{"taxonomy":"product_brand","embeddable":true,"href":"https:\/\/nbg.eu\/lv\/wp-json\/wp\/v2\/product_brand?post=693523"},{"taxonomy":"product_cat","embeddable":true,"href":"https:\/\/nbg.eu\/lv\/wp-json\/wp\/v2\/product_cat?post=693523"},{"taxonomy":"product_tag","embeddable":true,"href":"https:\/\/nbg.eu\/lv\/wp-json\/wp\/v2\/product_tag?post=693523"}],"curies":[{"name":"wp","href":"https:\/\/api.w.org\/{rel}","templated":true}]}}