{"id":693562,"date":"2024-08-18T12:24:40","date_gmt":"2024-08-18T09:24:40","guid":{"rendered":"https:\/\/nbg.eu\/product\/ring-brs-kmr\/"},"modified":"2026-04-16T17:50:03","modified_gmt":"2026-04-16T14:50:03","slug":"ring-brs-kmr","status":"publish","type":"product","link":"https:\/\/nbg.eu\/lv\/product\/ring-brs-kmr\/","title":{"rendered":"KMR Stobra Gredzens"},"content":{"rendered":"<h2>Ri\u0146\u0137is BRS KMR: J\u016bsu uzticamais iero\u010du piederums<\/h2>\n<p>Ri\u0146\u0137is BRS KMR ir daudzpus\u012bgs un augstas kvalit\u0101tes piederums, kas paredz\u0113ts iero\u010du entuziastiem.<\/p>\n<p>Izgatavots ar precizit\u0101ti un uzman\u012bbu pret deta\u013c\u0101m, \u0161is ri\u0146\u0137is ir veidots, lai iztur\u0113tu taktisk\u0101s un \u0101ra aktivit\u0101\u0161u pras\u012bbas.<\/p>\n<p>\u0160is piederums ir paredz\u0113ts, lai atbilstu m\u016bsdienu iero\u010du sist\u0113mu vajadz\u012bb\u0101m, un tas pied\u0101v\u0101 vair\u0101kus l\u012bdzek\u013cus, kas padara to par \u013coti piepras\u012btu izv\u0113li. S\u0101kot no iztur\u012bg\u0101s konstrukcijas l\u012bdz lietot\u0101jam draudz\u012bgajam dizainam, \u0161is piederums ir izstr\u0101d\u0101ts, lai nodro\u0161in\u0101tu konsekventa veiktsp\u0113ja un uzticam\u012bba, pat visstrauj\u0101kaj\u0101 vid\u0113.<\/p>\n<p>Uzlabojiet sava iero\u010da iesp\u0113jas ar BRS ri\u0146\u0137i un izj\u016btiet p\u0101rliec\u012bbu, kas n\u0101k ar uzticamu un uzticamu piederumu. Paaugstiniet savu \u0161au\u0161anas pieredzi un sasniedz savus m\u0113r\u0137us ar \u0161o izcilo produktu.<\/p>\n","protected":false},"excerpt":{"rendered":"<p>Iero\u010du gredzens BRS KMR, sader\u012bgs ar mode\u013ciem KMR L-02 un KMR W-02.<\/p>\n","protected":false},"featured_media":26031,"template":"","meta":{"_acf_changed":false},"product_brand":[11512],"product_cat":[13777],"product_tag":[],"class_list":{"0":"post-693562","1":"product","2":"type-product","3":"status-publish","4":"has-post-thumbnail","6":"product_brand-kmr-precision","7":"product_cat-kmr-detalas","9":"first","10":"instock","11":"taxable","12":"shipping-taxable","13":"product-type-simple"},"acf":[],"_links":{"self":[{"href":"https:\/\/nbg.eu\/lv\/wp-json\/wp\/v2\/product\/693562","targetHints":{"allow":["GET"]}}],"collection":[{"href":"https:\/\/nbg.eu\/lv\/wp-json\/wp\/v2\/product"}],"about":[{"href":"https:\/\/nbg.eu\/lv\/wp-json\/wp\/v2\/types\/product"}],"wp:featuredmedia":[{"embeddable":true,"href":"https:\/\/nbg.eu\/lv\/wp-json\/wp\/v2\/media\/26031"}],"wp:attachment":[{"href":"https:\/\/nbg.eu\/lv\/wp-json\/wp\/v2\/media?parent=693562"}],"wp:term":[{"taxonomy":"product_brand","embeddable":true,"href":"https:\/\/nbg.eu\/lv\/wp-json\/wp\/v2\/product_brand?post=693562"},{"taxonomy":"product_cat","embeddable":true,"href":"https:\/\/nbg.eu\/lv\/wp-json\/wp\/v2\/product_cat?post=693562"},{"taxonomy":"product_tag","embeddable":true,"href":"https:\/\/nbg.eu\/lv\/wp-json\/wp\/v2\/product_tag?post=693562"}],"curies":[{"name":"wp","href":"https:\/\/api.w.org\/{rel}","templated":true}]}}