{"id":693564,"date":"2025-03-07T20:56:56","date_gmt":"2025-03-07T17:56:56","guid":{"rendered":"https:\/\/nbg.eu\/product\/rusan-modular-qr-adapter-for-guide-arta435\/"},"modified":"2026-05-13T16:01:24","modified_gmt":"2026-05-13T13:01:24","slug":"rusan-modular-qr-adapter-for-guide-arta435","status":"publish","type":"product","link":"https:\/\/nbg.eu\/lv\/product\/rusan-modular-qr-adapter-for-guide-arta435\/","title":{"rendered":"Rusan Modular QR Adapter for Guide | ARTA435"},"content":{"rendered":"<h2>Rusan Modular QR adapteris priek\u0161 Guide | ARTA435<\/h2>\n<p>Uzlabojiet savu prec\u012bzo \u0161au\u0161anu ar Rusan Modular QR adapteru priek\u0161 Guide (ARTA435). \u0160is \u0101tr\u0101s atlai\u0161anas (QR) mont\u0101\u017eas risin\u0101jums ir paredz\u0113ts vienai oper\u0101cijai ar Guide term\u0101lajiem pielikumiem, pied\u0101v\u0101jot nep\u0101rsp\u0113jamu \u0113rt\u012bbu un atk\u0101rtojam\u012bbu.<\/p>\n<p>\u0160im adapterim ir M52x0.75 iek\u0161\u0113j\u0101 v\u012btne, un tam ir iztur\u012bga QR svira, kas \u013cauj gandr\u012bz moment\u0101ni piestiprin\u0101t un no\u0146emt j\u016bsu term\u0101l\u0101 klip\u0161a, neizmainot j\u016bsu iero\u010dis nulles iestat\u012bjumus. Moduls\u0101 konstrukcija nodro\u0161ina dro\u0161u, sprieguma regul\u0113jamu fiks\u0101ciju, saglab\u0101jot precizit\u0101ti pat vissmag\u0101kajos apst\u0101k\u013cos.<\/p>\n<p>Rusan Modular QR adapters ir izgatavots no augstas kvalit\u0101tes alum\u012bnija un ir paredz\u0113ts, lai iztur\u0113tu lauka apst\u0101k\u013cus. T\u0101 sader\u012bba ar Rusan ARADA gredzeniem v\u0113l vair\u0101k palielina sist\u0113mas daudzpus\u012bbu, \u013caujot piel\u0101got risin\u0101jumu j\u016bsu specifiskaj\u0101m vajadz\u012bb\u0101m.<\/p>\n<p>Izbaudiet augst\u0101ko klusuma un darbar\u012bka br\u012bvu darb\u012bbu ar Rusan Modular QR adapteru. Uzlabojiet savu \u0161au\u0161anas sniegumu un atkl\u0101jiet Guide term\u0101lo pielikumu pilno potenci\u0101lu ar \u0161o inovat\u012bvo mont\u0101\u017eas risin\u0101jumu.<\/p>\n","protected":false},"excerpt":{"rendered":"<p>Prec\u012bza QR stiprin\u0101\u0161ana termiskajiem pievienojumiem. M52x0.75 v\u012btne, modul\u0101ra, augstas kvalit\u0101tes alum\u012bnijs.<\/p>\n","protected":false},"featured_media":248599,"template":"","meta":{"_acf_changed":false},"product_brand":[11682],"product_cat":[13778,13803,13798],"product_tag":[],"class_list":{"0":"post-693564","1":"product","2":"type-product","3":"status-publish","4":"has-post-thumbnail","6":"product_brand-rusan","7":"product_cat-merkesana","8":"product_cat-merkesanas-aksesuari","9":"product_cat-termiska","11":"first","12":"instock","13":"taxable","14":"shipping-taxable","15":"purchasable","16":"product-type-variable","17":"wvs-archive-product-wrapper"},"acf":[],"_links":{"self":[{"href":"https:\/\/nbg.eu\/lv\/wp-json\/wp\/v2\/product\/693564","targetHints":{"allow":["GET"]}}],"collection":[{"href":"https:\/\/nbg.eu\/lv\/wp-json\/wp\/v2\/product"}],"about":[{"href":"https:\/\/nbg.eu\/lv\/wp-json\/wp\/v2\/types\/product"}],"wp:featuredmedia":[{"embeddable":true,"href":"https:\/\/nbg.eu\/lv\/wp-json\/wp\/v2\/media\/248599"}],"wp:attachment":[{"href":"https:\/\/nbg.eu\/lv\/wp-json\/wp\/v2\/media?parent=693564"}],"wp:term":[{"taxonomy":"product_brand","embeddable":true,"href":"https:\/\/nbg.eu\/lv\/wp-json\/wp\/v2\/product_brand?post=693564"},{"taxonomy":"product_cat","embeddable":true,"href":"https:\/\/nbg.eu\/lv\/wp-json\/wp\/v2\/product_cat?post=693564"},{"taxonomy":"product_tag","embeddable":true,"href":"https:\/\/nbg.eu\/lv\/wp-json\/wp\/v2\/product_tag?post=693564"}],"curies":[{"name":"wp","href":"https:\/\/api.w.org\/{rel}","templated":true}]}}