{"id":694140,"date":"2024-08-17T18:11:52","date_gmt":"2024-08-17T15:11:52","guid":{"rendered":"https:\/\/nbg.eu\/product\/safety-detent-plunger-spring-kmr\/"},"modified":"2026-04-16T17:51:38","modified_gmt":"2026-04-16T14:51:38","slug":"safety-detent-plunger-spring-kmr","status":"publish","type":"product","link":"https:\/\/nbg.eu\/lv\/product\/safety-detent-plunger-spring-kmr\/","title":{"rendered":"KMR Dro\u0161\u012bbas Virzu\u013ca Atspere"},"content":{"rendered":"<h2>Dro\u0161\u012bbas Atturo\u0161\u0101s Klo\u0137a Atsperes KMR<\/h2>\n<p>Nodro\u0161iniet uzticamu un dro\u0161u iero\u010da darb\u012bbu ar Dro\u0161\u012bbas Atturo\u0161\u0101s Klo\u0137a Atsperes KMR.<\/p>\n<p>Izgatavots, iev\u0113rojot precizit\u0101ti un iztur\u012bbu, Dro\u0161\u012bbas Atturo\u0161\u0101s Klo\u0137a Atsperes KMR pal\u012bdz uztur\u0113t j\u016bsu iero\u010da dro\u0161\u012bbas meh\u0101nisma pareizu darb\u012bbu. T\u0101 uzticamais dizains nodro\u0161ina gludo, konsekventu darb\u012bbu, samazinot nejau\u0161u \u0161\u0101vienu risku un uzlabojot visp\u0101r\u0113jo dro\u0161\u012bbu lieto\u0161anas laik\u0101.<\/p>\n<p>Neatkar\u012bgi no t\u0101, vai j\u016bs atjaunojat savu eso\u0161o KMR ieroci vai nomainiet nolietotu komponentu, Dro\u0161\u012bbas Atturo\u0161\u0101s Klo\u0137a Atsperes KMR ir b\u016btisks piederums, lai saglab\u0101tu j\u016bsu \u0161aujamiero\u010da integrit\u0101ti un sniegumu. Ieguldiet \u0161aj\u0101 uzticamaj\u0101 komponent\u0113, lai nodro\u0161in\u0101tu, ka j\u016bsu iero\u010da dro\u0161\u012bba un funkcionalit\u0101te paliek augst\u0101kaj\u0101 l\u012bmen\u012b.<\/p>\n<p>Iero\u010di KMR:<\/p>\n<p>KMR L-02 EMIQ<\/p>\n<p>KMR L-02 EMIQ (OR)<\/p>\n<p>KMR L-02 ORCA NO 2024<\/p>\n<p>KMR L-02 ORCA L\u012aDZ 2023<\/p>\n<p>KMR L-02 SPECTRA NO 2024<\/p>\n<p>KMR L-02 SPECTRA L\u012aDZ 2023<\/p>\n<p>KMR L-02 UMBRA (OR) SR<\/p>\n<p>KMR S-01 LANCE (OR)<\/p>\n<p>KMR S-02 NO 2024<\/p>\n<p>KMR S-02 L\u012aDZ 2023<\/p>\n<p>KMR W-02 CUDA (OR)<\/p>\n<p>KMR W-02 UMBRA<\/p>\n<p>KMR W-02 UMBRA (OR)<\/p>\n","protected":false},"excerpt":{"rendered":"<p>Dro\u0161\u012bbas izci\u013c\u0146a v\u0101rpsta atspere KMR iero\u010diem.<\/p>\n","protected":false},"featured_media":24924,"template":"","meta":{"_acf_changed":false},"product_brand":[11512],"product_cat":[13795,13777],"product_tag":[],"class_list":{"0":"post-694140","1":"product","2":"type-product","3":"status-publish","4":"has-post-thumbnail","6":"product_brand-kmr-precision","7":"product_cat-atsperes","8":"product_cat-kmr-detalas","10":"first","11":"instock","12":"taxable","13":"shipping-taxable","14":"product-type-simple"},"acf":[],"_links":{"self":[{"href":"https:\/\/nbg.eu\/lv\/wp-json\/wp\/v2\/product\/694140","targetHints":{"allow":["GET"]}}],"collection":[{"href":"https:\/\/nbg.eu\/lv\/wp-json\/wp\/v2\/product"}],"about":[{"href":"https:\/\/nbg.eu\/lv\/wp-json\/wp\/v2\/types\/product"}],"wp:featuredmedia":[{"embeddable":true,"href":"https:\/\/nbg.eu\/lv\/wp-json\/wp\/v2\/media\/24924"}],"wp:attachment":[{"href":"https:\/\/nbg.eu\/lv\/wp-json\/wp\/v2\/media?parent=694140"}],"wp:term":[{"taxonomy":"product_brand","embeddable":true,"href":"https:\/\/nbg.eu\/lv\/wp-json\/wp\/v2\/product_brand?post=694140"},{"taxonomy":"product_cat","embeddable":true,"href":"https:\/\/nbg.eu\/lv\/wp-json\/wp\/v2\/product_cat?post=694140"},{"taxonomy":"product_tag","embeddable":true,"href":"https:\/\/nbg.eu\/lv\/wp-json\/wp\/v2\/product_tag?post=694140"}],"curies":[{"name":"wp","href":"https:\/\/api.w.org\/{rel}","templated":true}]}}