{"id":694157,"date":"2024-09-16T12:35:24","date_gmt":"2024-09-16T09:35:24","guid":{"rendered":"https:\/\/nbg.eu\/product\/safety-detent-plunger-right-kmr\/"},"modified":"2026-05-13T16:03:36","modified_gmt":"2026-05-13T13:03:36","slug":"safety-detent-plunger-right-kmr","status":"publish","type":"product","link":"https:\/\/nbg.eu\/lv\/product\/safety-detent-plunger-right-kmr\/","title":{"rendered":"KMR Dro\u0161\u012bbas Virzulis Labais"},"content":{"rendered":"<h2>Dro\u0161\u012bbas detenta grieznis &#8211; labais KMR<\/h2>\n<p>Uzlabojiet sava KMR iero\u010du sist\u0113mas dro\u0161\u012bbu un funkcionalit\u0101ti ar Dro\u0161\u012bbas detenta griezni &#8211; labais. Paredz\u0113ts vienk\u0101r\u0161ai integr\u0101cijai, \u0161is grieznis nodro\u0161ina dro\u0161u fiks\u0113\u0161anas meh\u0101nismu, lai nov\u0113rstu nejau\u0161u iz\u0161au\u0161anu. Ar precizit\u0101ti izgatavots grieznis ir sader\u012bgs ar pla\u0161u KMR mode\u013cu kl\u0101stu.<\/p>\n<p>Iero\u010diem KMR<\/p>\n<p>KMR L-02 EMIQ<\/p>\n<p>KMR L-02 EMIQ (OR)<\/p>\n<p>KMR L-02 ORCA L\u012aDZ 2023<\/p>\n<p>KMR L-02 SPECTRA L\u012aDZ 2023<\/p>\n<p>KMR L-02 UMBRA (OR) SR<\/p>\n<p>KMR S-01 LANCE (OR)<\/p>\n<p>KMR S-02 L\u012aDZ 2023<\/p>\n<p>KMR W-02 CUDA (OR)<\/p>\n<p>KMR W-02 UMBRA<\/p>\n<p>KMR W-02 UMBRA (OR)<\/p>\n<p>Atsauce 1130-00302-0401<\/p>\n","protected":false},"excerpt":{"rendered":"<p>Dro\u0161\u012bbas aizsl\u0113ga sviestmaize &#8211; labais KMR iero\u010du KMR<\/p>\n","protected":false},"featured_media":25916,"template":"","meta":{"_acf_changed":false},"product_brand":[11512],"product_cat":[13777],"product_tag":[],"class_list":{"0":"post-694157","1":"product","2":"type-product","3":"status-publish","4":"has-post-thumbnail","6":"product_brand-kmr-precision","7":"product_cat-kmr-detalas","9":"first","10":"instock","11":"taxable","12":"shipping-taxable","13":"product-type-simple"},"acf":[],"_links":{"self":[{"href":"https:\/\/nbg.eu\/lv\/wp-json\/wp\/v2\/product\/694157","targetHints":{"allow":["GET"]}}],"collection":[{"href":"https:\/\/nbg.eu\/lv\/wp-json\/wp\/v2\/product"}],"about":[{"href":"https:\/\/nbg.eu\/lv\/wp-json\/wp\/v2\/types\/product"}],"wp:featuredmedia":[{"embeddable":true,"href":"https:\/\/nbg.eu\/lv\/wp-json\/wp\/v2\/media\/25916"}],"wp:attachment":[{"href":"https:\/\/nbg.eu\/lv\/wp-json\/wp\/v2\/media?parent=694157"}],"wp:term":[{"taxonomy":"product_brand","embeddable":true,"href":"https:\/\/nbg.eu\/lv\/wp-json\/wp\/v2\/product_brand?post=694157"},{"taxonomy":"product_cat","embeddable":true,"href":"https:\/\/nbg.eu\/lv\/wp-json\/wp\/v2\/product_cat?post=694157"},{"taxonomy":"product_tag","embeddable":true,"href":"https:\/\/nbg.eu\/lv\/wp-json\/wp\/v2\/product_tag?post=694157"}],"curies":[{"name":"wp","href":"https:\/\/api.w.org\/{rel}","templated":true}]}}