{"id":694202,"date":"2024-08-18T10:56:41","date_gmt":"2024-08-18T07:56:41","guid":{"rendered":"https:\/\/nbg.eu\/product\/screw-m3x5-din-913-kmr\/"},"modified":"2026-04-16T17:51:31","modified_gmt":"2026-04-16T14:51:31","slug":"screw-m3x5-din-913-kmr","status":"publish","type":"product","link":"https:\/\/nbg.eu\/lv\/product\/screw-m3x5-din-913-kmr\/","title":{"rendered":"KMR Skr\u016bve M3x5 DIN 913"},"content":{"rendered":"<h2>SKR\u016aVE M3x5 DIN 913 KMR: Dro\u0161s piestiprin\u0101\u0161anas risin\u0101jums j\u016bsu iero\u010du sist\u0113mai<\/h2>\n<p>SKR\u016aVE M3x5 DIN 913 KMR ir b\u016btiska sast\u0101vda\u013ca da\u017e\u0101du KMR iero\u010du sist\u0113mu nostiprin\u0101\u0161anai. \u0160\u012b skr\u016bve ir izstr\u0101d\u0101ta, lai atbilstu milit\u0101ro un ties\u012bbaizsardz\u012bbas iest\u0101\u017eu stingr\u0101m pras\u012bb\u0101m, nodro\u0161inot uzticamu un ilglaic\u012bgu risin\u0101jumu KMR iero\u010du komponentu piestiprin\u0101\u0161anai.<\/p>\n<p>Izgatavota saska\u0146\u0101 ar prec\u012bzo DIN 913 standartu, \u0161\u012b skr\u016bve nodro\u0161ina dro\u0161u un prec\u012bzu piestiprin\u0101\u0161anu, samazinot atskr\u016bv\u0113\u0161an\u0101s vai atteices risku darb\u012bbas laik\u0101. T\u0101s M3 v\u012btnes izm\u0113rs un 5 mm garums padara to par uzticamu izv\u0113li, nodro\u0161inot nepiecie\u0161amo stabilit\u0101ti un atbalstu j\u016bsu iero\u010du komponentiem.<\/p>\n<p>Neatkar\u012bgi no t\u0101, vai j\u016bs veicin\u0101t moderniz\u0101ciju, apkopi vai remontu savai KMR iero\u010du sist\u0113mai, \u0161is ir neaizst\u0101jams aksesu\u0101rs, kur\u0161 sniedz kvalit\u0101ti un veiktsp\u0113ju, ko j\u016bs gaid\u0101t no uzticama milit\u0101ras klases komponenta.<\/p>\n","protected":false},"excerpt":{"rendered":"<p>SKR\u016aVE M3x5 DIN 913 KMR priek\u0161 KMR iero\u010diem.<\/p>\n","protected":false},"featured_media":25269,"template":"","meta":{"_acf_changed":false},"product_brand":[11512],"product_cat":[13777],"product_tag":[],"class_list":{"0":"post-694202","1":"product","2":"type-product","3":"status-publish","4":"has-post-thumbnail","6":"product_brand-kmr-precision","7":"product_cat-kmr-detalas","9":"first","10":"instock","11":"taxable","12":"shipping-taxable","13":"product-type-simple"},"acf":[],"_links":{"self":[{"href":"https:\/\/nbg.eu\/lv\/wp-json\/wp\/v2\/product\/694202","targetHints":{"allow":["GET"]}}],"collection":[{"href":"https:\/\/nbg.eu\/lv\/wp-json\/wp\/v2\/product"}],"about":[{"href":"https:\/\/nbg.eu\/lv\/wp-json\/wp\/v2\/types\/product"}],"wp:featuredmedia":[{"embeddable":true,"href":"https:\/\/nbg.eu\/lv\/wp-json\/wp\/v2\/media\/25269"}],"wp:attachment":[{"href":"https:\/\/nbg.eu\/lv\/wp-json\/wp\/v2\/media?parent=694202"}],"wp:term":[{"taxonomy":"product_brand","embeddable":true,"href":"https:\/\/nbg.eu\/lv\/wp-json\/wp\/v2\/product_brand?post=694202"},{"taxonomy":"product_cat","embeddable":true,"href":"https:\/\/nbg.eu\/lv\/wp-json\/wp\/v2\/product_cat?post=694202"},{"taxonomy":"product_tag","embeddable":true,"href":"https:\/\/nbg.eu\/lv\/wp-json\/wp\/v2\/product_tag?post=694202"}],"curies":[{"name":"wp","href":"https:\/\/api.w.org\/{rel}","templated":true}]}}