{"id":694229,"date":"2024-09-17T08:46:01","date_gmt":"2024-09-17T05:46:01","guid":{"rendered":"https:\/\/nbg.eu\/product\/screw-m3x6-din-913-kmr\/"},"modified":"2026-04-16T17:49:05","modified_gmt":"2026-04-16T14:49:05","slug":"screw-m3x6-din-913-kmr","status":"publish","type":"product","link":"https:\/\/nbg.eu\/lv\/product\/screw-m3x6-din-913-kmr\/","title":{"rendered":"KMR Skr\u016bve M3x6 DIN 913"},"content":{"rendered":"<h2>SKR\u016aVE M3x6 DIN 913 KMR: B\u016btiska iero\u010du KMR<\/h2>\n<p>Izgatavots saska\u0146\u0101 ar DIN 913 standartu, \u0161\u012b M3x6 skr\u016bve nodro\u0161ina dro\u0161u un prec\u012bzu piel\u0101go\u0161anos, veicinot j\u016bsu iero\u010du komponentu kop\u0113jo stabilit\u0101ti un integrit\u0101ti. T\u0101s iztur\u012bg\u0101 konstrukcija, kas ietver iztur\u012bgu materi\u0101lu sast\u0101vu, nodro\u0161ina ilgtermi\u0146a veiktsp\u0113ju un pretest\u012bbu nodilumam, pat visai pras\u012bgos apst\u0101k\u013cos.<\/p>\n<p>Neatkar\u012bgi no t\u0101, vai j\u016bs veicat savu KMR sader\u012bgo iero\u010du apkopi, remontu vai uzlabo\u0161anu, skr\u016bve ir b\u016btiska deta\u013ca, uz kuru varat pa\u013cauties. T\u0101s sader\u012bba ar nor\u0101d\u012btajiem mode\u013ciem padara to par iz\u0161\u0137iro\u0161u rezerves da\u013cu, kas j\u0101tur pa rokai, lai nodro\u0161in\u0101tu j\u016bsu v\u0113rt\u012bg\u0101 apr\u012bkojuma nevainojamu darb\u012bbu.<\/p>\n<\/p>\n<p>Iero\u010di KMR<\/p>\n<\/p>\n<p>KMR L-02 ORCA NO 2024<\/p>\n<\/p>\n<p>KMR L-02 ORCA L\u012aDZ 2023<\/p>\n<\/p>\n<p>KMR W-02 CUDA (OR)<\/p>\n","protected":false},"excerpt":{"rendered":"<p>SKR\u016aVE M3x6 DIN 913 KMR ir b\u016btiska sast\u0101vda\u013ca da\u017e\u0101du iero\u010du sist\u0113mu apkopei un mont\u0101\u017eai.<\/p>\n","protected":false},"featured_media":63682,"template":"","meta":{"_acf_changed":false},"product_brand":[11512],"product_cat":[13777],"product_tag":[],"class_list":{"0":"post-694229","1":"product","2":"type-product","3":"status-publish","4":"has-post-thumbnail","6":"product_brand-kmr-precision","7":"product_cat-kmr-detalas","9":"first","10":"instock","11":"taxable","12":"shipping-taxable","13":"product-type-simple"},"acf":[],"_links":{"self":[{"href":"https:\/\/nbg.eu\/lv\/wp-json\/wp\/v2\/product\/694229","targetHints":{"allow":["GET"]}}],"collection":[{"href":"https:\/\/nbg.eu\/lv\/wp-json\/wp\/v2\/product"}],"about":[{"href":"https:\/\/nbg.eu\/lv\/wp-json\/wp\/v2\/types\/product"}],"wp:featuredmedia":[{"embeddable":true,"href":"https:\/\/nbg.eu\/lv\/wp-json\/wp\/v2\/media\/63682"}],"wp:attachment":[{"href":"https:\/\/nbg.eu\/lv\/wp-json\/wp\/v2\/media?parent=694229"}],"wp:term":[{"taxonomy":"product_brand","embeddable":true,"href":"https:\/\/nbg.eu\/lv\/wp-json\/wp\/v2\/product_brand?post=694229"},{"taxonomy":"product_cat","embeddable":true,"href":"https:\/\/nbg.eu\/lv\/wp-json\/wp\/v2\/product_cat?post=694229"},{"taxonomy":"product_tag","embeddable":true,"href":"https:\/\/nbg.eu\/lv\/wp-json\/wp\/v2\/product_tag?post=694229"}],"curies":[{"name":"wp","href":"https:\/\/api.w.org\/{rel}","templated":true}]}}