{"id":694255,"date":"2024-08-17T18:03:33","date_gmt":"2024-08-17T15:03:33","guid":{"rendered":"https:\/\/nbg.eu\/product\/sear-spring-kmr\/"},"modified":"2026-04-16T17:51:50","modified_gmt":"2026-04-16T14:51:50","slug":"sear-spring-kmr","status":"publish","type":"product","link":"https:\/\/nbg.eu\/lv\/product\/sear-spring-kmr\/","title":{"rendered":"KMR Spr\u016bdas Atspere"},"content":{"rendered":"<h2>Sear Spring KMR: Prec\u012bzas iero\u010du atsitiena kontrole<\/h2>\n<p>Iepaz\u012bstin\u0101m ar Sear Spring KMR, daudzfunkcion\u0101lu un augstas veiktsp\u0113jas atsitiena kontroles sist\u0113mu, kas ir paredz\u0113ta pla\u0161am iero\u010dup\u0101rkl\u0101jumam.<\/p>\n<p>Izgatavots no augstas kvalit\u0101tes materi\u0101liem un prec\u012bzi in\u017eenier\u0113ts, Sear Spring KMR apvieno progres\u012bvu tehnolo\u0123iju ar iztur\u012bbu, nodro\u0161inot uzticamu veiktsp\u0113ju vissmag\u0101kajos apst\u0101k\u013cos. T\u0101 novatoriskais dizains pal\u012bdz mazin\u0101t atsitienus, \u013caujot \u0101tr\u0101k ieg\u016bt m\u0113r\u0137i, uzlabot precizit\u0101ti un samazin\u0101t lietot\u0101ja nogurumu.<\/p>\n<p>Univers\u0101ls pielietojum\u0101, Sear Spring KMR ir sader\u012bgs ar pla\u0161u iero\u010du kl\u0101stu, tostarp \u0161autuv\u0113m, karab\u012bn\u0113m, pistol\u0113m un \u0161autuv\u0113m. T\u0101 modul\u0101r\u0101 konstrukcija \u013cauj veikt vienk\u0101r\u0161u integr\u0101ciju, nodro\u0161inot piel\u0101gotu uzst\u0101d\u012b\u0161anu optim\u0101lai veiktsp\u0113jai.<\/p>\n<p>Ieroci KMR:<\/p>\n<p>KMR L-02 EMIQ<\/p>\n<p>KMR L-02 EMIQ (OR)<\/p>\n<p>KMR L-02 ORCA NO 2024<\/p>\n<p>KMR L-02 ORCA L\u012aDZ 2023<\/p>\n<p>KMR L-02 SPECTRA NO 2024<\/p>\n<p>KMR L-02 SPECTRA L\u012aDZ 2023<\/p>\n<p>KMR L-02 UMBRA (OR) SR<\/p>\n<p>KMR S-01 LANCE (OR)<\/p>\n<p>KMR S-02 NO 2024<\/p>\n<p>KMR S-02 L\u012aDZ 2023<\/p>\n<p>KMR W-02 CUDA (OR)<\/p>\n<p>KMR W-02 UMBRA<\/p>\n<p>KMR W-02 UMBRA (OR)<\/p>\n","protected":false},"excerpt":{"rendered":"<p>Ier\u012bko\u0161anas atspere KMR iero\u010diem, savietojama ar da\u017e\u0101diem mode\u013ciem.<\/p>\n","protected":false},"featured_media":24830,"template":"","meta":{"_acf_changed":false},"product_brand":[11512],"product_cat":[13795,13777],"product_tag":[],"class_list":{"0":"post-694255","1":"product","2":"type-product","3":"status-publish","4":"has-post-thumbnail","6":"product_brand-kmr-precision","7":"product_cat-atsperes","8":"product_cat-kmr-detalas","10":"first","11":"instock","12":"taxable","13":"shipping-taxable","14":"product-type-simple"},"acf":[],"_links":{"self":[{"href":"https:\/\/nbg.eu\/lv\/wp-json\/wp\/v2\/product\/694255","targetHints":{"allow":["GET"]}}],"collection":[{"href":"https:\/\/nbg.eu\/lv\/wp-json\/wp\/v2\/product"}],"about":[{"href":"https:\/\/nbg.eu\/lv\/wp-json\/wp\/v2\/types\/product"}],"wp:featuredmedia":[{"embeddable":true,"href":"https:\/\/nbg.eu\/lv\/wp-json\/wp\/v2\/media\/24830"}],"wp:attachment":[{"href":"https:\/\/nbg.eu\/lv\/wp-json\/wp\/v2\/media?parent=694255"}],"wp:term":[{"taxonomy":"product_brand","embeddable":true,"href":"https:\/\/nbg.eu\/lv\/wp-json\/wp\/v2\/product_brand?post=694255"},{"taxonomy":"product_cat","embeddable":true,"href":"https:\/\/nbg.eu\/lv\/wp-json\/wp\/v2\/product_cat?post=694255"},{"taxonomy":"product_tag","embeddable":true,"href":"https:\/\/nbg.eu\/lv\/wp-json\/wp\/v2\/product_tag?post=694255"}],"curies":[{"name":"wp","href":"https:\/\/api.w.org\/{rel}","templated":true}]}}