{"id":694270,"date":"2024-08-16T23:19:01","date_gmt":"2024-08-16T20:19:01","guid":{"rendered":"https:\/\/nbg.eu\/product\/sear-pin-kmr\/"},"modified":"2026-02-13T18:37:04","modified_gmt":"2026-02-13T15:37:04","slug":"sear-pin-kmr","status":"publish","type":"product","link":"https:\/\/nbg.eu\/lv\/product\/sear-pin-kmr\/","title":{"rendered":"Ap\u017e\u0101v\u0113t tapu KMR"},"content":{"rendered":"<h2>S\u0113rkoci\u0146\u0161 KMR pistol\u0113m: prec\u012bzs piestiprin\u0101juma punkts palielina trigera konsekvenci<\/h2>\n<p>KMR pistol\u0113m paredz\u0113tais S\u0113rkoci\u0146\u0161 ir kritiska sast\u0101vda\u013ca, kas nodro\u0161ina j\u016bsu iero\u010da trigera meh\u0101nisma uzticam\u012bbu un konsekvenci. Tas ir izgatavots no r\u016bd\u012bta darbar\u012bku t\u0113rauda ar prec\u012bzu apstr\u0101di, iev\u0113rojot stingras KMR ra\u017eotnes pielaides, nodro\u0161inot izcilu nodilumiztur\u012bbu un vienm\u0113r\u012bgu, uzticamu darb\u012bbu.<\/p>\n<p>S\u0113ra meh\u0101nisma centr\u0101laj\u0101 da\u013c\u0101 S\u0113rkoci\u0146\u0161 darbojas k\u0101 \u0161arn\u012bra ass, \u013caujot s\u0113ram prec\u012bzi un konsekventi p\u0101rvietoties. \u0160\u012bs komponentes ultra glud\u0101 virsma un prec\u012bzs diametrs ir b\u016btisks, lai uztur\u0113tu skaidru, paredzamu trigera atlaidi un uzticamu ats\u0101k\u0161anos KMR sacens\u012bbu pistol\u0113s.<\/p>\n<p>Nodro\u0161inot stabilu, augstas precizit\u0101tes piestiprin\u0101juma punktu, S\u0113rkoci\u0146\u0161 pal\u012bdz nov\u0113rst trigera nekonsekvences, kas var ietekm\u0113t precizit\u0101ti un veiktsp\u0113ju. Vai nu j\u016bs iesaist\u0101ties sacens\u012bbu \u0161au\u0161an\u0101, vai pa\u013caujaties uz savu KMR pistoli personiskajai aizsardz\u012bbai, \u0161\u012b b\u016btisk\u0101 da\u013ca pal\u012bdz nodro\u0161in\u0101t konsekventa, uzticama trigera atlaidi katru reizi.<\/p>\n<p>Uzlabojiet savu KMR pistoli ar S\u0113rkoci\u0146u un izbaudiet to, ko var pied\u0101v\u0101t prec\u012bza in\u017eenierija. Uzlabojiet savu \u0161au\u0161anu ar \u0161o b\u016btisko komponentu, kas ir izstr\u0101d\u0101ta, lai nodro\u0161in\u0101tu visaugst\u0101ko trigera veiktsp\u0113ju.<\/p>\n","protected":false},"excerpt":{"rendered":"<p>Prec\u012bzs s\u0113ra pagrieziena punkts, kas nodro\u0161ina konsekventu KMR trigera vilk\u0161anu.<\/p>\n","protected":false},"featured_media":23804,"template":"","meta":{"_acf_changed":false},"product_brand":[11512],"product_cat":[13777],"product_tag":[],"class_list":{"0":"post-694270","1":"product","2":"type-product","3":"status-publish","4":"has-post-thumbnail","6":"product_brand-kmr-precision","7":"product_cat-kmr-detalas","9":"first","10":"instock","11":"taxable","12":"shipping-taxable","13":"product-type-simple"},"acf":[],"_links":{"self":[{"href":"https:\/\/nbg.eu\/lv\/wp-json\/wp\/v2\/product\/694270","targetHints":{"allow":["GET"]}}],"collection":[{"href":"https:\/\/nbg.eu\/lv\/wp-json\/wp\/v2\/product"}],"about":[{"href":"https:\/\/nbg.eu\/lv\/wp-json\/wp\/v2\/types\/product"}],"wp:featuredmedia":[{"embeddable":true,"href":"https:\/\/nbg.eu\/lv\/wp-json\/wp\/v2\/media\/23804"}],"wp:attachment":[{"href":"https:\/\/nbg.eu\/lv\/wp-json\/wp\/v2\/media?parent=694270"}],"wp:term":[{"taxonomy":"product_brand","embeddable":true,"href":"https:\/\/nbg.eu\/lv\/wp-json\/wp\/v2\/product_brand?post=694270"},{"taxonomy":"product_cat","embeddable":true,"href":"https:\/\/nbg.eu\/lv\/wp-json\/wp\/v2\/product_cat?post=694270"},{"taxonomy":"product_tag","embeddable":true,"href":"https:\/\/nbg.eu\/lv\/wp-json\/wp\/v2\/product_tag?post=694270"}],"curies":[{"name":"wp","href":"https:\/\/api.w.org\/{rel}","templated":true}]}}