{"id":694321,"date":"2025-09-05T00:02:55","date_gmt":"2025-09-04T21:02:55","guid":{"rendered":"https:\/\/nbg.eu\/product\/sig-sauer-taper-cap-for-7-62-barrels-5-8-24-thread\/"},"modified":"2026-05-13T16:41:24","modified_gmt":"2026-05-13T13:41:24","slug":"sig-sauer-taper-cap-for-7-62-barrels-5-8-24-thread","status":"publish","type":"product","link":"https:\/\/nbg.eu\/lv\/product\/sig-sauer-taper-cap-for-7-62-barrels-5-8-24-thread\/","title":{"rendered":"Sig Sauer Taper Cap for 7.62 barrels, 5\/8-24 thread"},"content":{"rendered":"<div class=\"product-description\">\n<h2>Sig Sauer Taper Cap for 7.62 Barrels<\/h2>\n<h2>5\/8-24 Thread<\/h2>\n<p>Uzlabojiet sava Sig Sauer iero\u010da aizsardz\u012bbu un izskatu ar \u0161o prec\u012bzi izstr\u0101d\u0101to t\u0101p\u0113ra v\u0101ci\u0146u. \u012apa\u0161i paredz\u0113ts 7.62 caurul\u0113m ar 5\/8-24 v\u012btni, \u0161is v\u0101ci\u0146\u0161 ir ide\u0101li piem\u0113rots da\u017e\u0101diem Sig Sauer mode\u013ciem, tostarp SIG MCX, SIG716 un SIGM400.<\/p>\n<h3>Galven\u0101s \u012bpa\u0161\u012bbas:<\/h3>\n<ul>\n<li>Sader\u012bgs ar 7.62 NATO un .300 BLK kalibriem<\/li>\n<li>Der pa\u0161reiz\u0113jiem Sig Sauer mode\u013ciem, piem\u0113ram, 716, MCX un M400<\/li>\n<li>Prec\u012bzi v\u012btns 5\/8-24 caurul\u0113m<\/li>\n<li>Nodro\u0161ina aizsardz\u012bbu j\u016bsu caurules v\u012btnei, kad t\u0101 netiek lietota<\/li>\n<li>Uztur j\u016bsu iero\u010da pl\u0101no profilu<\/li>\n<\/ul>\n<p>\u0160is t\u0101p\u0113ra v\u0101ci\u0146\u0161 ir b\u016btisks aksesu\u0101rs jebkuram Sig Sauer \u012bpa\u0161niekam, nodro\u0161inot, ka j\u016bsu caurule paliek nevainojam\u0101 st\u0101vokl\u012b, vienlaikus uzlabojot j\u016bsu iero\u010da kop\u0113jo izskatu. To ir viegli uzst\u0101d\u012bt un no\u0146emt, un tas ir perfekts papildin\u0101jums j\u016bsu iero\u010du kop\u0161anas komplektam.<\/p>\n<\/div>\n","protected":false},"excerpt":{"rendered":"<p>Sig Sauer t\u0101l\u0101 v\u0101ci\u0146\u0161 7,62 caurul\u0113m, 5\/8-24 v\u012btne. Der MCX, 716, M400.<\/p>\n","protected":false},"featured_media":496335,"template":"","meta":{"_acf_changed":false},"product_brand":[15117],"product_cat":[13827,13810,13805],"product_tag":[],"class_list":{"0":"post-694321","1":"product","2":"type-product","3":"status-publish","4":"has-post-thumbnail","6":"product_brand-sig-sauer","7":"product_cat-sautene","8":"product_cat-sautenes-slapetaji","9":"product_cat-slapetaji","11":"first","12":"instock","13":"taxable","14":"shipping-taxable","15":"purchasable","16":"product-type-simple"},"acf":[],"_links":{"self":[{"href":"https:\/\/nbg.eu\/lv\/wp-json\/wp\/v2\/product\/694321","targetHints":{"allow":["GET"]}}],"collection":[{"href":"https:\/\/nbg.eu\/lv\/wp-json\/wp\/v2\/product"}],"about":[{"href":"https:\/\/nbg.eu\/lv\/wp-json\/wp\/v2\/types\/product"}],"wp:featuredmedia":[{"embeddable":true,"href":"https:\/\/nbg.eu\/lv\/wp-json\/wp\/v2\/media\/496335"}],"wp:attachment":[{"href":"https:\/\/nbg.eu\/lv\/wp-json\/wp\/v2\/media?parent=694321"}],"wp:term":[{"taxonomy":"product_brand","embeddable":true,"href":"https:\/\/nbg.eu\/lv\/wp-json\/wp\/v2\/product_brand?post=694321"},{"taxonomy":"product_cat","embeddable":true,"href":"https:\/\/nbg.eu\/lv\/wp-json\/wp\/v2\/product_cat?post=694321"},{"taxonomy":"product_tag","embeddable":true,"href":"https:\/\/nbg.eu\/lv\/wp-json\/wp\/v2\/product_tag?post=694321"}],"curies":[{"name":"wp","href":"https:\/\/api.w.org\/{rel}","templated":true}]}}