{"id":694352,"date":"2025-09-05T00:02:56","date_gmt":"2025-09-04T21:02:56","guid":{"rendered":"https:\/\/nbg.eu\/product\/sig-sauer-taper-cap-for-5-56-barrels-1-2-28-thread\/"},"modified":"2026-05-13T16:41:24","modified_gmt":"2026-05-13T13:41:24","slug":"sig-sauer-taper-cap-for-5-56-barrels-1-2-28-thread","status":"publish","type":"product","link":"https:\/\/nbg.eu\/lv\/product\/sig-sauer-taper-cap-for-5-56-barrels-1-2-28-thread\/","title":{"rendered":"Sig Sauer Taper Cap for 5.56 Barrels, 1\/2-28 thread"},"content":{"rendered":"<div class=\"product-description\">\n<h2>Sig Sauer tapa ieliktnis 5,56 NATO stobru<\/h2>\n<p>Uzlabojiet savas Sig Sauer iero\u010da aizsardz\u012bbu un est\u0113tiku ar \u0161o augstas kvalit\u0101tes tapa ieliktni, kas ir \u012bpa\u0161i izstr\u0101d\u0101ts 5,56 NATO stobru ar 1\/2-28 v\u012btni.<\/p>\n<ul>\n<li>Sader\u012bgs ar pa\u0161reiz\u0113jiem Sig Sauer 5,56 NATO mode\u013ciem, tostarp MCX un M400<\/li>\n<li>Prec\u012bzi izstr\u0101d\u0101ts, lai atbilstu 1\/2-28 v\u012bt\u0146otiem stobru<\/li>\n<li>Nodro\u0161ina lielisku aizsardz\u012bbu stobru v\u012btn\u0113m, kad tie netiek lietoti<\/li>\n<li>Viegli uzst\u0101d\u012bt un no\u0146emt<\/li>\n<li>Elegants dizains papildina j\u016bsu iero\u010da izskatu<\/li>\n<\/ul>\n<p>\u0160is tapa ieliktnis ir b\u016btisks piederums j\u016bsu Sig Sauer 5,56 NATO iero\u010da uztur\u0113\u0161an\u0101. Tas pal\u012bdz nov\u0113rst stobra v\u012bt\u0146u boj\u0101jumus un tur\u0113t \u0101r\u0113jos net\u012brumus \u0101r\u0101, nodro\u0161inot, ka j\u016bsu ierocis saglab\u0101 optim\u0101lu st\u0101vokli. Neatkar\u012bgi no t\u0101, vai uzglab\u0101jat ieroci vai dodaties uz \u0161auteni, \u0161is tapa ieliktnis nodro\u0161ina gan praktisko aizsardz\u012bbu, gan profesion\u0101lu noform\u0113jumu.<\/p>\n<\/div>\n","protected":false},"excerpt":{"rendered":"<p>Sig Sauer v\u012bt\u0146u aizsargs 5.56 stobru, 1\/2-28 v\u012btne.<\/p>\n","protected":false},"featured_media":496358,"template":"","meta":{"_acf_changed":false},"product_brand":[15117],"product_cat":[13810,13790],"product_tag":[],"class_list":{"0":"post-694352","1":"product","2":"type-product","3":"status-publish","4":"has-post-thumbnail","6":"product_brand-sig-sauer","7":"product_cat-sautenes-slapetaji","8":"product_cat-slapetaju-aksesuari","10":"first","11":"instock","12":"taxable","13":"shipping-taxable","14":"purchasable","15":"product-type-simple"},"acf":[],"_links":{"self":[{"href":"https:\/\/nbg.eu\/lv\/wp-json\/wp\/v2\/product\/694352","targetHints":{"allow":["GET"]}}],"collection":[{"href":"https:\/\/nbg.eu\/lv\/wp-json\/wp\/v2\/product"}],"about":[{"href":"https:\/\/nbg.eu\/lv\/wp-json\/wp\/v2\/types\/product"}],"wp:featuredmedia":[{"embeddable":true,"href":"https:\/\/nbg.eu\/lv\/wp-json\/wp\/v2\/media\/496358"}],"wp:attachment":[{"href":"https:\/\/nbg.eu\/lv\/wp-json\/wp\/v2\/media?parent=694352"}],"wp:term":[{"taxonomy":"product_brand","embeddable":true,"href":"https:\/\/nbg.eu\/lv\/wp-json\/wp\/v2\/product_brand?post=694352"},{"taxonomy":"product_cat","embeddable":true,"href":"https:\/\/nbg.eu\/lv\/wp-json\/wp\/v2\/product_cat?post=694352"},{"taxonomy":"product_tag","embeddable":true,"href":"https:\/\/nbg.eu\/lv\/wp-json\/wp\/v2\/product_tag?post=694352"}],"curies":[{"name":"wp","href":"https:\/\/api.w.org\/{rel}","templated":true}]}}