{"id":694376,"date":"2024-08-18T12:25:17","date_gmt":"2024-08-18T09:25:17","guid":{"rendered":"https:\/\/nbg.eu\/product\/slide-extension-o-ring-12x2-kmr-22-lr\/"},"modified":"2026-04-16T17:49:59","modified_gmt":"2026-04-16T14:49:59","slug":"slide-extension-o-ring-12x2-kmr-22-lr","status":"publish","type":"product","link":"https:\/\/nbg.eu\/lv\/product\/slide-extension-o-ring-12x2-kmr-22-lr\/","title":{"rendered":"KMR Sl\u0113d\u017ea Pagarin\u0101juma O-Gredzens 12&#215;2 .22 LR"},"content":{"rendered":"<h2>Slide Extension O-Ring 12&#215;2 KMR 22 LR<\/h2>\n<p>Slide Extension O-Ring 12&#215;2 KMR 22 LR ir augstas kvalit\u0101tes aksesu\u0101rs, kas paredz\u0113ts sader\u012bbai ar pla\u0161u kl\u0101stu KMR iero\u010du. \u0160is b\u016btiskais komponents nodro\u0161ina dro\u0161u un uzticamu savienojumu starp j\u016bsu ieroci un da\u017e\u0101diem piederumiem, nodro\u0161inot vienm\u0113r\u012bgu un bezpiep\u016bles darb\u012bbu.<\/p>\n<p>Konstru\u0113ts, lai nodro\u0161in\u0101tu dro\u0161u un uzticamu savienojumu, Slide Extension O-Ring 12&#215;2 KMR 22 LR garant\u0113, ka j\u016bsu piederumi paliek stingri sav\u0101 viet\u0101, pat intens\u012bvas lieto\u0161anas laik\u0101. T\u0101 iztur\u012bg\u0101 konstrukcija un prec\u012bz\u0101 piel\u0101go\u0161an\u0101s padara to par b\u016btisku komponentu jebkuram KMR apr\u012bkotam ierocim, nodro\u0161inot optim\u0101lu veiktsp\u0113ju un uzticam\u012bbu.<\/p>\n<p>Neatkar\u012bgi no t\u0101, vai j\u016bs esat pieredz\u0113jis \u0161\u0101v\u0113js vai taktiskais entuziasts, Slide Extension O-Ring 12&#215;2 KMR 22 LR ir neaizst\u0101jams aksesu\u0101rs, kas uzlabos j\u016bsu KMR sader\u012bga iero\u010da funkcionalit\u0101ti un daudzpus\u012bbu. Ieguldiet \u0161aj\u0101 augstas kvalit\u0101tes komponent\u0101 un izbaudiet at\u0161\u0137ir\u012bbu, ko tas var rad\u012bt j\u016bsu \u0161au\u0161anas pieredz\u0113.<\/p>\n<p>Ar precizit\u0101ti izstr\u0101d\u0101tais Slide Extension O-Ring 12&#215;2 KMR 22 LR ir sader\u012bgs ar \u0161\u0101diem KMR mode\u013ciem:<\/p>\n<ul>\n<li>KMR S-01 LANCE (OR)<\/li>\n<li>KMR S-02 10 (OR) SR ADA<\/li>\n<li>KMR S-02 75 (OR) SR ADA<\/li>\n<li>KMR S-02 FROM 2024<\/li>\n<li>KMR S-02 SH1 (OR) SR ADA<\/li>\n<li>KMR S-02 SH2 (OR) SR ADA<\/li>\n<li>KMR S-02 TS (OR) SR ADA<\/li>\n<li>KMR S-02 UNTIL 2023<\/li>\n<\/ul>\n","protected":false},"excerpt":{"rendered":"<p>Sl\u012bd\u0146a pagarin\u0101juma O-gredzens 12&#215;2 KMR iero\u010diem, sader\u012bgs ar da\u017e\u0101diem mode\u013ciem.<\/p>\n","protected":false},"featured_media":26054,"template":"","meta":{"_acf_changed":false},"product_brand":[11512],"product_cat":[13777],"product_tag":[],"class_list":{"0":"post-694376","1":"product","2":"type-product","3":"status-publish","4":"has-post-thumbnail","6":"product_brand-kmr-precision","7":"product_cat-kmr-detalas","9":"first","10":"instock","11":"taxable","12":"shipping-taxable","13":"product-type-simple"},"acf":[],"_links":{"self":[{"href":"https:\/\/nbg.eu\/lv\/wp-json\/wp\/v2\/product\/694376","targetHints":{"allow":["GET"]}}],"collection":[{"href":"https:\/\/nbg.eu\/lv\/wp-json\/wp\/v2\/product"}],"about":[{"href":"https:\/\/nbg.eu\/lv\/wp-json\/wp\/v2\/types\/product"}],"wp:featuredmedia":[{"embeddable":true,"href":"https:\/\/nbg.eu\/lv\/wp-json\/wp\/v2\/media\/26054"}],"wp:attachment":[{"href":"https:\/\/nbg.eu\/lv\/wp-json\/wp\/v2\/media?parent=694376"}],"wp:term":[{"taxonomy":"product_brand","embeddable":true,"href":"https:\/\/nbg.eu\/lv\/wp-json\/wp\/v2\/product_brand?post=694376"},{"taxonomy":"product_cat","embeddable":true,"href":"https:\/\/nbg.eu\/lv\/wp-json\/wp\/v2\/product_cat?post=694376"},{"taxonomy":"product_tag","embeddable":true,"href":"https:\/\/nbg.eu\/lv\/wp-json\/wp\/v2\/product_tag?post=694376"}],"curies":[{"name":"wp","href":"https:\/\/api.w.org\/{rel}","templated":true}]}}