{"id":694407,"date":"2024-09-16T14:42:04","date_gmt":"2024-09-16T11:42:04","guid":{"rendered":"https:\/\/nbg.eu\/product\/slide-stop-kmr-s\/"},"modified":"2026-04-16T17:49:32","modified_gmt":"2026-04-16T14:49:32","slug":"slide-stop-kmr-s","status":"publish","type":"product","link":"https:\/\/nbg.eu\/lv\/product\/slide-stop-kmr-s\/","title":{"rendered":"KMR Sl\u0113d\u017ea Aizturis S"},"content":{"rendered":"<h2>SLIDE STOP S &#8211; B\u016btiska dro\u0161\u012bbas funkcija j\u016bsu ierocim<\/h2>\n<p>SLIDE STOP S ir b\u016btiska komponente j\u016bsu ierocim, kas ir paredz\u0113ta, lai uzlabotu dro\u0161\u012bbu un funkcionalit\u0101ti. Kad ir tuk\u0161a \u0161\u0101vi\u0146u iel\u0101de, sl\u012bd\u0146a aizturis autom\u0101tiski blo\u0137\u0113 sl\u012bdni aizmugures poz\u012bcij\u0101, skaidri nor\u0101dot \u0161\u0101v\u0113jam, ka j\u0101iel\u0101d\u0113 jauna \u0161\u0101vi\u0146u iel\u0101de.<\/p>\n<p>\u0160\u012b funkcija nodro\u0161ina vienk\u0101r\u0161u p\u0101rl\u0101d\u0113\u0161anu, jo \u0161\u0101v\u0113js vienk\u0101r\u0161i var nospiest atdurumslie\u017e\u0146a aizturi, lai atbr\u012bvotu sl\u012bdni un iel\u0101d\u0113tu pirmo patronu kambar\u012b. SLIDE STOP S kalpo k\u0101 dro\u0161\u012bbas meh\u0101nisms, nov\u0113r\u0161ot nejau\u0161u iz\u0161au\u0161anu, kam\u0113r \u0161\u0101vi\u0146u iel\u0101de nav pareizi ievietota un ierocis nav gatavs lieto\u0161anai.<\/p>\n<p>Sader\u012bba ar \u0161\u0101diem iero\u010du mode\u013ciem:<\/p>\n<p>KMR S-01 LANCE (OR)<\/p>\n<p>KMR S-02 75 (OR) SR ADA,<\/p>\n<p>KMR S-02 FROM 2024,<\/p>\n<p>KMR S-02 SH1 (OR) SR ADA,<\/p>\n<p>KMR S-02 UNTIL 2023.<\/p>\n<p>Deta\u013cas numurs: 1110-01503-0400.<\/p>\n","protected":false},"excerpt":{"rendered":"<p>Sl\u012bd\u0146a blo\u0137\u0113t\u0101js aizmugur\u0113j\u0101 poz\u012bcij\u0101 nor\u0101da, ka ir tuk\u0161s magaz\u012bnas nodal\u012bjums. Tas \u013cauj ievietot jaunu mun\u012bciju. Dro\u0161\u012bbas l\u012bdzeklis, kas nov\u0113r\u0161 nejau\u0161u iz\u0161au\u0161anu.<\/p>\n","protected":false},"featured_media":25893,"template":"","meta":{"_acf_changed":false},"product_brand":[11512],"product_cat":[13777],"product_tag":[],"class_list":{"0":"post-694407","1":"product","2":"type-product","3":"status-publish","4":"has-post-thumbnail","6":"product_brand-kmr-precision","7":"product_cat-kmr-detalas","9":"first","10":"instock","11":"taxable","12":"shipping-taxable","13":"product-type-simple"},"acf":[],"_links":{"self":[{"href":"https:\/\/nbg.eu\/lv\/wp-json\/wp\/v2\/product\/694407","targetHints":{"allow":["GET"]}}],"collection":[{"href":"https:\/\/nbg.eu\/lv\/wp-json\/wp\/v2\/product"}],"about":[{"href":"https:\/\/nbg.eu\/lv\/wp-json\/wp\/v2\/types\/product"}],"wp:featuredmedia":[{"embeddable":true,"href":"https:\/\/nbg.eu\/lv\/wp-json\/wp\/v2\/media\/25893"}],"wp:attachment":[{"href":"https:\/\/nbg.eu\/lv\/wp-json\/wp\/v2\/media?parent=694407"}],"wp:term":[{"taxonomy":"product_brand","embeddable":true,"href":"https:\/\/nbg.eu\/lv\/wp-json\/wp\/v2\/product_brand?post=694407"},{"taxonomy":"product_cat","embeddable":true,"href":"https:\/\/nbg.eu\/lv\/wp-json\/wp\/v2\/product_cat?post=694407"},{"taxonomy":"product_tag","embeddable":true,"href":"https:\/\/nbg.eu\/lv\/wp-json\/wp\/v2\/product_tag?post=694407"}],"curies":[{"name":"wp","href":"https:\/\/api.w.org\/{rel}","templated":true}]}}