{"id":694437,"date":"2024-09-16T12:21:06","date_gmt":"2024-09-16T09:21:06","guid":{"rendered":"https:\/\/nbg.eu\/product\/slide-stop-spring-pin-kmr\/"},"modified":"2026-05-13T16:40:28","modified_gmt":"2026-05-13T13:40:28","slug":"slide-stop-spring-pin-kmr","status":"publish","type":"product","link":"https:\/\/nbg.eu\/lv\/product\/slide-stop-spring-pin-kmr\/","title":{"rendered":"KMR Sl\u0113d\u017ea Aiztura Atsperes Tapa Centerfire"},"content":{"rendered":"<h2>SLIDE STOP SPRING PIN KMR Centerfire<\/h2>\n<p>Uzlabojiet sava iero\u010da veiktsp\u0113ju ar SLIDE STOP SPRING PIN KMR Centerfire, kas paredz\u0113ts da\u017e\u0101du iero\u0161u mode\u013cu bezr\u016bp\u012bgai sader\u012bbai. \u0160is prec\u012bzi izstr\u0101d\u0101tais komponents nodro\u0161ina vienm\u0113r\u012bgu, uzticamu darb\u012bbu, uzlabojot j\u016bsu \u0161au\u0161anas pieredzi. SLIDE STOP SPRING PIN KMR Centerfire ir r\u016bp\u012bgi izgatavots, un tas ir oblig\u0101ts piederums iero\u010du entuziastiem, kas mekl\u0113 optimiz\u0113t sava iero\u010da funkcionalit\u0101ti.<\/p>\n<p>Prec\u012bza in\u017eenierija: SLIDE STOP SPRING PIN KMR Centerfire ir izgatavots ar liel\u0101ko uzman\u012bbu pret s\u012bkumiem, lai nodro\u0161in\u0101tu vienm\u0113r\u012bgu un uzticamu darb\u012bbu, lai j\u016bsu ierocis funkcion\u0113tu augst\u0101k\u0101 l\u012bmen\u012b. T\u0101 r\u016bp\u012bga konstrukcija un augstas kvalit\u0101tes materi\u0101li to padara par uzticamu izv\u0113li iero\u010du entuziastu vid\u016b.<\/p>\n<p>Uzlabojiet savu \u0161au\u0161anas pieredzi: Uzlabojiet savu Centerfire ieroci ar SLIDE STOP SPRING PIN KMR Centerfire un izbaudiet at\u0161\u0137ir\u012bbu sav\u0101 \u0161au\u0161anas veiktsp\u0113j\u0101. \u0160is piederums ir b\u016btisks papildin\u0101jums jebkura iero\u010du entuziastu arsen\u0101l\u0101, pied\u0101v\u0101jot uzlabotu funkcionalit\u0101ti un uzticam\u012bbu.<\/p>\n","protected":false},"excerpt":{"rendered":"<p>Fiks\u0113jo\u0161\u0101 atsperes tapa KMR iero\u010du komplektam.<\/p>\n","protected":false},"featured_media":22342,"template":"","meta":{"_acf_changed":false},"product_brand":[11512],"product_cat":[13795,13777],"product_tag":[],"class_list":{"0":"post-694437","1":"product","2":"type-product","3":"status-publish","4":"has-post-thumbnail","6":"product_brand-kmr-precision","7":"product_cat-atsperes","8":"product_cat-kmr-detalas","10":"first","11":"instock","12":"taxable","13":"shipping-taxable","14":"product-type-simple"},"acf":[],"_links":{"self":[{"href":"https:\/\/nbg.eu\/lv\/wp-json\/wp\/v2\/product\/694437","targetHints":{"allow":["GET"]}}],"collection":[{"href":"https:\/\/nbg.eu\/lv\/wp-json\/wp\/v2\/product"}],"about":[{"href":"https:\/\/nbg.eu\/lv\/wp-json\/wp\/v2\/types\/product"}],"wp:featuredmedia":[{"embeddable":true,"href":"https:\/\/nbg.eu\/lv\/wp-json\/wp\/v2\/media\/22342"}],"wp:attachment":[{"href":"https:\/\/nbg.eu\/lv\/wp-json\/wp\/v2\/media?parent=694437"}],"wp:term":[{"taxonomy":"product_brand","embeddable":true,"href":"https:\/\/nbg.eu\/lv\/wp-json\/wp\/v2\/product_brand?post=694437"},{"taxonomy":"product_cat","embeddable":true,"href":"https:\/\/nbg.eu\/lv\/wp-json\/wp\/v2\/product_cat?post=694437"},{"taxonomy":"product_tag","embeddable":true,"href":"https:\/\/nbg.eu\/lv\/wp-json\/wp\/v2\/product_tag?post=694437"}],"curies":[{"name":"wp","href":"https:\/\/api.w.org\/{rel}","templated":true}]}}