{"id":694460,"date":"2024-09-16T14:36:57","date_gmt":"2024-09-16T11:36:57","guid":{"rendered":"https:\/\/nbg.eu\/product\/slide-stop-27-kmr\/"},"modified":"2026-04-16T17:49:36","modified_gmt":"2026-04-16T14:49:36","slug":"slide-stop-27-kmr","status":"publish","type":"product","link":"https:\/\/nbg.eu\/lv\/product\/slide-stop-27-kmr\/","title":{"rendered":"KMR Sl\u0113d\u017ea Aizturis 27"},"content":{"rendered":"<h2>SLIDE STOP 27 KMR &#8211; Uzticama iero\u010du dro\u0161\u012bba un atk\u0101rtotas iel\u0101des indikators<\/h2>\n<p>SLIDE STOP 27 KMR ir b\u016btiska iez\u012bme, kas uzlabo j\u016bsu iero\u010da dro\u0161\u012bbu un funkcionalit\u0101ti. Kad \u017eurn\u0101ls ir tuk\u0161s, sl\u012bdes uztv\u0113r\u0113js autom\u0101tiski blo\u0137\u0113 sl\u012bdi aizmugures poz\u012bcij\u0101, nodro\u0161inot skaidru vizu\u0101lu nor\u0101di, ka \u017eurn\u0101lu ir nepiecie\u0161ams nomain\u012bt.<\/p>\n<p>\u0160\u012b iez\u012bme \u013cauj veikt vienk\u0101r\u0161u atk\u0101rtotu iel\u0101di, jo \u0161\u0101v\u0113jam vienk\u0101r\u0161i j\u0101nomana atsl\u0113gt\u0101 sl\u012bde un j\u0101iel\u0101d\u0113 pirm\u0101 patrona kamer\u0101, kad ir ievietots jauns \u017eurn\u0101ls. SLIDE STOP 27 KMR darbojas k\u0101 uzticams dro\u0161\u012bbas meh\u0101nisms, nov\u0113r\u0161ot nejau\u0161u iz\u0161au\u0161anu, l\u012bdz \u017eurn\u0101ls ir pareizi nostiprin\u0101ts un iero\u010da lieto\u0161ana ir sagatavota.<\/p>\n<p>Izgatavotas ar precizit\u0101ti un r\u016bp\u012bbu, SLIDE STOP 27 KMR ir v\u0113rt\u012bga papildus iez\u012bme jebkuram ierocim, nodro\u0161inot dro\u0161\u0101ku un efekt\u012bv\u0101ku \u0161au\u0161anas pieredzi. Neatkar\u012bgi no t\u0101, vai esat pieredz\u0113jis \u0161\u0101v\u0113js vai ies\u0101c\u0113js, \u0161\u012b iez\u012bme jums sniegs mieru un p\u0101rliec\u012bbu, kuru j\u016bs v\u0113laties \u0161au\u0161anas laukum\u0101 vai lauk\u0101.<\/p>\n<p>Iero\u010diem KMR<br \/>\nKMR L-02 SPECTRA L\u012aDZ 2023<br \/>\nKMR W-02 CUDA (OR)<br \/>\nKMR W-02 UMBRA<br \/>\nKMR W-02 UMBRA (OR)<\/p>\n","protected":false},"excerpt":{"rendered":"<p>Sl\u012bdes blo\u0137\u0113\u0161anas funkcija autom\u0101tiski blo\u0137\u0113 sl\u012bdi, kad \u017eurn\u0101ls ir tuk\u0161s, \u013cauj iel\u0101d\u0113t jaunu mun\u012bciju un nov\u0113r\u0161 nejau\u0161u izl\u0101di.<\/p>\n","protected":false},"featured_media":25870,"template":"","meta":{"_acf_changed":false},"product_brand":[11512],"product_cat":[13777],"product_tag":[],"class_list":{"0":"post-694460","1":"product","2":"type-product","3":"status-publish","4":"has-post-thumbnail","6":"product_brand-kmr-precision","7":"product_cat-kmr-detalas","9":"first","10":"instock","11":"taxable","12":"shipping-taxable","13":"product-type-simple"},"acf":[],"_links":{"self":[{"href":"https:\/\/nbg.eu\/lv\/wp-json\/wp\/v2\/product\/694460","targetHints":{"allow":["GET"]}}],"collection":[{"href":"https:\/\/nbg.eu\/lv\/wp-json\/wp\/v2\/product"}],"about":[{"href":"https:\/\/nbg.eu\/lv\/wp-json\/wp\/v2\/types\/product"}],"wp:featuredmedia":[{"embeddable":true,"href":"https:\/\/nbg.eu\/lv\/wp-json\/wp\/v2\/media\/25870"}],"wp:attachment":[{"href":"https:\/\/nbg.eu\/lv\/wp-json\/wp\/v2\/media?parent=694460"}],"wp:term":[{"taxonomy":"product_brand","embeddable":true,"href":"https:\/\/nbg.eu\/lv\/wp-json\/wp\/v2\/product_brand?post=694460"},{"taxonomy":"product_cat","embeddable":true,"href":"https:\/\/nbg.eu\/lv\/wp-json\/wp\/v2\/product_cat?post=694460"},{"taxonomy":"product_tag","embeddable":true,"href":"https:\/\/nbg.eu\/lv\/wp-json\/wp\/v2\/product_tag?post=694460"}],"curies":[{"name":"wp","href":"https:\/\/api.w.org\/{rel}","templated":true}]}}