{"id":694483,"date":"2024-09-17T22:47:08","date_gmt":"2024-09-17T19:47:08","guid":{"rendered":"https:\/\/nbg.eu\/product\/slide-stop-spring-22-lr-kmr\/"},"modified":"2026-04-16T17:48:58","modified_gmt":"2026-04-16T14:48:58","slug":"slide-stop-spring-22-lr-kmr","status":"publish","type":"product","link":"https:\/\/nbg.eu\/lv\/product\/slide-stop-spring-22-lr-kmr\/","title":{"rendered":"KMR Sl\u0113d\u017ea Aiztura Atspere .22 LR"},"content":{"rendered":"<h2>SLIDE STOP SPRING 22 LR KMR iero\u010diem KMR<\/h2>\n<p>Paredz\u0113ts lieto\u0161anai ar KMR ieroci s\u0113riju, SLIDE STOP SPRING 22 LR KMR ir iztur\u012bgs un uzticams piederums, kas nodro\u0161ina vienm\u0113r\u012bgu darb\u012bbu un uzlabotu funkcionalit\u0101ti.<\/p>\n<p>Izgatavots ar precizit\u0101ti un r\u016bp\u012bbu, SLIDE STOP SPRING 22 LR KMR nodro\u0161ina uzticamu veiktsp\u0113ju un papla\u0161in\u0101tu kalpo\u0161anas laiku, padarot to par b\u016btisku komponentu KMR iero\u010du entuziasistiem un profesion\u0101\u013ciem. \u0160\u012b atspere ir sader\u012bga ar visiem KMR mode\u013ciem l\u012bdz 2023. gadam, nodro\u0161inot iztur\u012bgu risin\u0101jumu j\u016bsu iero\u010da apkopei un uzlabo\u0161anai.<\/p>\n<p>Iero\u010diem KMR<\/p>\n<p>KMR S-01 LANCE (OR)<\/p>\n<p>KMR S-02 10 (OR) SR ADA<\/p>\n<p>KMR S-02 75 (OR) SR ADA<\/p>\n<p>KMR S-02 SH1 (OR) SR ADA<\/p>\n<p>KMR S-02 SH2 (OR) SR ADA<\/p>\n<p>KMR S-02 TS (OR) SR ADA<\/p>\n<p>KMR S-02 l\u012bdz 2023<\/p>\n","protected":false},"excerpt":{"rendered":"<p>Atsevi\u0161\u0137a sl\u012bdes aiztures atspere iero\u010du KMR mode\u013ciem.<\/p>\n","protected":false},"featured_media":24901,"template":"","meta":{"_acf_changed":false},"product_brand":[11512],"product_cat":[13795,13777],"product_tag":[],"class_list":{"0":"post-694483","1":"product","2":"type-product","3":"status-publish","4":"has-post-thumbnail","6":"product_brand-kmr-precision","7":"product_cat-atsperes","8":"product_cat-kmr-detalas","10":"first","11":"instock","12":"taxable","13":"shipping-taxable","14":"product-type-simple"},"acf":[],"_links":{"self":[{"href":"https:\/\/nbg.eu\/lv\/wp-json\/wp\/v2\/product\/694483","targetHints":{"allow":["GET"]}}],"collection":[{"href":"https:\/\/nbg.eu\/lv\/wp-json\/wp\/v2\/product"}],"about":[{"href":"https:\/\/nbg.eu\/lv\/wp-json\/wp\/v2\/types\/product"}],"wp:featuredmedia":[{"embeddable":true,"href":"https:\/\/nbg.eu\/lv\/wp-json\/wp\/v2\/media\/24901"}],"wp:attachment":[{"href":"https:\/\/nbg.eu\/lv\/wp-json\/wp\/v2\/media?parent=694483"}],"wp:term":[{"taxonomy":"product_brand","embeddable":true,"href":"https:\/\/nbg.eu\/lv\/wp-json\/wp\/v2\/product_brand?post=694483"},{"taxonomy":"product_cat","embeddable":true,"href":"https:\/\/nbg.eu\/lv\/wp-json\/wp\/v2\/product_cat?post=694483"},{"taxonomy":"product_tag","embeddable":true,"href":"https:\/\/nbg.eu\/lv\/wp-json\/wp\/v2\/product_tag?post=694483"}],"curies":[{"name":"wp","href":"https:\/\/api.w.org\/{rel}","templated":true}]}}