{"id":694497,"date":"2024-08-17T15:15:43","date_gmt":"2024-08-17T12:15:43","guid":{"rendered":"https:\/\/nbg.eu\/product\/slide-stop-spring-pin-22-lr-15x6-kmr\/"},"modified":"2026-04-16T17:52:44","modified_gmt":"2026-04-16T14:52:44","slug":"slide-stop-spring-pin-22-lr-15x6-kmr","status":"publish","type":"product","link":"https:\/\/nbg.eu\/lv\/product\/slide-stop-spring-pin-22-lr-15x6-kmr\/","title":{"rendered":"KMR Sl\u0113d\u017ea Aiztura Atsperes Tapa .22 LR 1.5&#215;6"},"content":{"rendered":"<h2>Slide Stop Spring Pin 22 Lr 1,5X6 KMR<\/h2>\n<p>Slide Stop Spring Pin 22 Lr 1,5X6 KMR ir b\u016btiska komponente j\u016bsu iero\u010da pareizai funkcion\u0113\u0161anai. Tas ir \u012bpa\u0161i paredz\u0113ts 22 Lr kalibriem un nodro\u0161ina stabilu un uzticamu \u0161\u013c\u012bdes aptur\u0113\u0161anas meh\u0101nismu, nov\u0113r\u0161ot darb\u012bbas trauc\u0113jumus un nodro\u0161inot gludo darb\u012bbu.<\/p>\n<p>Slide Stop Spring Pin 22 Lr 1,5X6 KMR ir izgatavots no augstas kvalit\u0101tes materi\u0101liem un ir paredz\u0113ts regul\u0101rai lieto\u0161anai. T\u0101 kompaktie izm\u0113ri 1,5mm x 6mm padara to piem\u0113rotu da\u017e\u0101diem 22 Lr iero\u010diem, nodro\u0161inot vienm\u0113r\u012bgu integr\u0101ciju ar iero\u010da iek\u0161\u0113jiem komponentiem.<\/p>\n<p>Neatkar\u012bgi no t\u0101, vai esat sacens\u012bbu \u0161\u0101v\u0113js, rekreat\u012bvs entuziasts vai atbild\u012bgs iero\u010du \u012bpa\u0161nieks, Slide Stop Spring Pin 22 Lr 1,5X6 KMR ir b\u016btisks piederums, lai uztur\u0113tu j\u016bsu 22 Lr iero\u010da optim\u0101lu veiktsp\u0113ju un uzticam\u012bbu. T\u0101 prec\u012bza konstrukcija un iztur\u012bba nodro\u0161ina ilgsto\u0161u darb\u012bbu, \u013caujot jums koncentr\u0113ties uz \u0161au\u0161anas pieredzi ar p\u0101rliec\u012bbu.<\/p>\n","protected":false},"excerpt":{"rendered":"<p>Iztur\u012bga atsperu tapa nodro\u0161ina slido\u0161anas aptur\u0113\u0161anu 22 LR pistol\u0113s.<\/p>\n","protected":false},"featured_media":24042,"template":"","meta":{"_acf_changed":false},"product_brand":[11512],"product_cat":[13777],"product_tag":[],"class_list":{"0":"post-694497","1":"product","2":"type-product","3":"status-publish","4":"has-post-thumbnail","6":"product_brand-kmr-precision","7":"product_cat-kmr-detalas","9":"first","10":"instock","11":"taxable","12":"shipping-taxable","13":"product-type-simple"},"acf":[],"_links":{"self":[{"href":"https:\/\/nbg.eu\/lv\/wp-json\/wp\/v2\/product\/694497","targetHints":{"allow":["GET"]}}],"collection":[{"href":"https:\/\/nbg.eu\/lv\/wp-json\/wp\/v2\/product"}],"about":[{"href":"https:\/\/nbg.eu\/lv\/wp-json\/wp\/v2\/types\/product"}],"wp:featuredmedia":[{"embeddable":true,"href":"https:\/\/nbg.eu\/lv\/wp-json\/wp\/v2\/media\/24042"}],"wp:attachment":[{"href":"https:\/\/nbg.eu\/lv\/wp-json\/wp\/v2\/media?parent=694497"}],"wp:term":[{"taxonomy":"product_brand","embeddable":true,"href":"https:\/\/nbg.eu\/lv\/wp-json\/wp\/v2\/product_brand?post=694497"},{"taxonomy":"product_cat","embeddable":true,"href":"https:\/\/nbg.eu\/lv\/wp-json\/wp\/v2\/product_cat?post=694497"},{"taxonomy":"product_tag","embeddable":true,"href":"https:\/\/nbg.eu\/lv\/wp-json\/wp\/v2\/product_tag?post=694497"}],"curies":[{"name":"wp","href":"https:\/\/api.w.org\/{rel}","templated":true}]}}