{"id":694553,"date":"2024-08-16T23:20:35","date_gmt":"2024-08-16T20:20:35","guid":{"rendered":"https:\/\/nbg.eu\/product\/slide-stop-pin-kmr\/"},"modified":"2026-04-16T17:53:14","modified_gmt":"2026-04-16T14:53:14","slug":"slide-stop-pin-kmr","status":"publish","type":"product","link":"https:\/\/nbg.eu\/lv\/product\/slide-stop-pin-kmr\/","title":{"rendered":"KMR Sl\u0113d\u017ea Aiztura Tapa"},"content":{"rendered":"<h2>Sl\u012bdes aptur\u0113\u0161anas tapas KMR pistol\u0113m<\/h2>\n<p>Uzlabojiet sava KMR pistoles veiktsp\u0113ju ar Sl\u012bdes aptur\u0113\u0161anas tapu, prec\u012bzi izgatavotu komponentu, kas ir paredz\u0113ts, lai optimiz\u0113tu sl\u012bdes aptur\u0113\u0161anas sviras asi un stobra fiks\u0101ciju. Izgatavota no stiepjam\u0101 r\u016bd\u012bta t\u0113rauda, \u0161\u012b tapa ar prec\u012bzi nosl\u012bp\u0113tu virsmu mazina berzi, nodro\u0161inot vienm\u0113r\u012bgu, uzticamu saskarni ar j\u016bsu iero\u010da r\u016bpn\u012bcas pielaides.<\/p>\n<p>Esot j\u016bsu KMR darb\u012bbas meh\u0101nisma sird\u012b, Sl\u012bdes aptur\u0113\u0161anas tapa kalpo k\u0101 kritiska meh\u0101nisk\u0101 saite, kas nodro\u0161ina stobra apak\u0161\u0113jo izci\u013c\u0146u fiks\u0101ciju pie r\u0101mja. T\u0101s liela pretizgriezes iztur\u012bba \u013cauj tai iztur\u0113t atk\u0101rtotu sl\u012bdes darb\u012bbas ietekmi, kam\u0113r gluda virsma \u013cauj sl\u012bdes aptur\u0113\u0161anas svirai kust\u0113ties bez piep\u016bles, nodro\u0161inot uzticamu p\u0113d\u0113j\u0101 patrona fiks\u0101ciju un vienm\u0113r\u012bgu manu\u0101lo darb\u012bbu.<\/p>\n<p>Uzlabojiet savu KMR pistoli ar Sl\u012bdes aptur\u0113\u0161anas tapu un izbaudiet precizit\u0101tes un uzticam\u012bbas at\u0161\u0137ir\u012bbu. \u0160is r\u016bp\u012bgi izstr\u0101d\u0101tais komponents ir ide\u0101la izv\u0113le pras\u012bgiem \u0161\u0101v\u0113jiem, kuri prasa vislab\u0101ko no saviem iero\u010diem.<\/p>\n","protected":false},"excerpt":{"rendered":"<p>Prec\u012bzs p\u0101rejas ass sl\u012bdes apst\u0101\u0161anas sviras un stobra sasl\u0113g\u0161anas meh\u0101nismam. Izgatavots no r\u016bd\u012bta t\u0113rauda ar augstu pie\u013caujamo spriegumu ar gludu apdari.<\/p>\n","protected":false},"featured_media":23828,"template":"","meta":{"_acf_changed":false},"product_brand":[11512],"product_cat":[13777],"product_tag":[],"class_list":{"0":"post-694553","1":"product","2":"type-product","3":"status-publish","4":"has-post-thumbnail","6":"product_brand-kmr-precision","7":"product_cat-kmr-detalas","9":"first","10":"instock","11":"taxable","12":"shipping-taxable","13":"product-type-simple"},"acf":[],"_links":{"self":[{"href":"https:\/\/nbg.eu\/lv\/wp-json\/wp\/v2\/product\/694553","targetHints":{"allow":["GET"]}}],"collection":[{"href":"https:\/\/nbg.eu\/lv\/wp-json\/wp\/v2\/product"}],"about":[{"href":"https:\/\/nbg.eu\/lv\/wp-json\/wp\/v2\/types\/product"}],"wp:featuredmedia":[{"embeddable":true,"href":"https:\/\/nbg.eu\/lv\/wp-json\/wp\/v2\/media\/23828"}],"wp:attachment":[{"href":"https:\/\/nbg.eu\/lv\/wp-json\/wp\/v2\/media?parent=694553"}],"wp:term":[{"taxonomy":"product_brand","embeddable":true,"href":"https:\/\/nbg.eu\/lv\/wp-json\/wp\/v2\/product_brand?post=694553"},{"taxonomy":"product_cat","embeddable":true,"href":"https:\/\/nbg.eu\/lv\/wp-json\/wp\/v2\/product_cat?post=694553"},{"taxonomy":"product_tag","embeddable":true,"href":"https:\/\/nbg.eu\/lv\/wp-json\/wp\/v2\/product_tag?post=694553"}],"curies":[{"name":"wp","href":"https:\/\/api.w.org\/{rel}","templated":true}]}}